{"id":962,"date":"2013-02-19T10:58:29","date_gmt":"2013-02-19T09:58:29","guid":{"rendered":"http:\/\/www.capenergie.fr\/catalogue\/?page_id=962"},"modified":"2013-02-19T11:10:59","modified_gmt":"2013-02-19T10:10:59","slug":"evenements-et-salons","status":"publish","type":"page","link":"https:\/\/www.capenergie.fr\/catalogue\/photos-a-referenes\/evenements-et-salons.html","title":{"rendered":"Ev\u00e8nements et Salons"},"content":{"rendered":"ngg_shortcode_0_placeholder\n","protected":false},"excerpt":{"rendered":"","protected":false},"author":1,"featured_media":0,"parent":19,"menu_order":0,"comment_status":"closed","ping_status":"closed","template":"sidebar-page.php","meta":{"neve_meta_sidebar":"","neve_meta_container":"","neve_meta_enable_content_width":"","neve_meta_content_width":0,"neve_meta_title_alignment":"","neve_meta_author_avatar":"","neve_post_elements_order":"","neve_meta_disable_header":"","neve_meta_disable_footer":"","neve_meta_disable_title":"","ngg_post_thumbnail":0,"_themeisle_gutenberg_block_has_review":false,"footnotes":""},"class_list":["post-962","page","type-page","status-publish","hentry"],"yoast_head":"<!-- This site is optimized with the Yoast SEO plugin v27.3 - https:\/\/yoast.com\/product\/yoast-seo-wordpress\/ -->\n<title>Ev\u00e8nements et Salons des \u00e9nergies renouvelables - Energa\u00efa<\/title>\n<meta name=\"description\" content=\"\u00c9v\u00e8nements et Salons des \u00e9nergies renouvelables avec la participation de Cap Energie distributeur d&#039;\u00e9quipements site isol\u00e9 et photovolta\u00efques comme Energa\u00efa ou autres salons.\" \/>\n<meta name=\"robots\" content=\"index, follow, max-snippet:-1, max-image-preview:large, max-video-preview:-1\" \/>\n<link rel=\"canonical\" href=\"https:\/\/www.capenergie.fr\/catalogue\/photos-a-referenes\/evenements-et-salons.html\" \/>\n<meta property=\"og:locale\" content=\"fr_FR\" \/>\n<meta property=\"og:type\" content=\"article\" \/>\n<meta property=\"og:title\" content=\"Ev\u00e8nements et Salons des \u00e9nergies renouvelables - Energa\u00efa\" \/>\n<meta property=\"og:description\" content=\"\u00c9v\u00e8nements et Salons des \u00e9nergies renouvelables avec la participation de Cap Energie distributeur d&#039;\u00e9quipements site isol\u00e9 et photovolta\u00efques comme Energa\u00efa ou autres salons.\" \/>\n<meta property=\"og:url\" content=\"https:\/\/www.capenergie.fr\/catalogue\/photos-a-referenes\/evenements-et-salons.html\" \/>\n<meta property=\"article:modified_time\" content=\"2013-02-19T10:10:59+00:00\" \/>\n<script type=\"application\/ld+json\" class=\"yoast-schema-graph\">{\"@context\":\"https:\\\/\\\/schema.org\",\"@graph\":[{\"@type\":\"WebPage\",\"@id\":\"https:\\\/\\\/www.capenergie.fr\\\/catalogue\\\/photos-a-referenes\\\/evenements-et-salons.html\",\"url\":\"https:\\\/\\\/www.capenergie.fr\\\/catalogue\\\/photos-a-referenes\\\/evenements-et-salons.html\",\"name\":\"Ev\u00e8nements et Salons des \u00e9nergies renouvelables - Energa\u00efa\",\"isPartOf\":{\"@id\":\"http:\\\/\\\/www.capenergie.fr\\\/catalogue\\\/#website\"},\"datePublished\":\"2013-02-19T09:58:29+00:00\",\"dateModified\":\"2013-02-19T10:10:59+00:00\",\"description\":\"\u00c9v\u00e8nements et Salons des \u00e9nergies renouvelables avec la participation de Cap Energie distributeur d'\u00e9quipements site isol\u00e9 et photovolta\u00efques comme Energa\u00efa ou autres salons.\",\"breadcrumb\":{\"@id\":\"https:\\\/\\\/www.capenergie.fr\\\/catalogue\\\/photos-a-referenes\\\/evenements-et-salons.html#breadcrumb\"},\"inLanguage\":\"fr-FR\",\"potentialAction\":[{\"@type\":\"ReadAction\",\"target\":[\"https:\\\/\\\/www.capenergie.fr\\\/catalogue\\\/photos-a-referenes\\\/evenements-et-salons.html\"]}]},{\"@type\":\"BreadcrumbList\",\"@id\":\"https:\\\/\\\/www.capenergie.fr\\\/catalogue\\\/photos-a-referenes\\\/evenements-et-salons.html#breadcrumb\",\"itemListElement\":[{\"@type\":\"ListItem\",\"position\":1,\"name\":\"Accueil\",\"item\":\"http:\\\/\\\/www.capenergie.fr\\\/catalogue\\\/\"},{\"@type\":\"ListItem\",\"position\":2,\"name\":\"Photos\",\"item\":\"http:\\\/\\\/www.capenergie.fr\\\/catalogue\\\/photos-a-referenes.html\"},{\"@type\":\"ListItem\",\"position\":3,\"name\":\"Ev\u00e8nements et Salons\"}]},{\"@type\":\"WebSite\",\"@id\":\"http:\\\/\\\/www.capenergie.fr\\\/catalogue\\\/#website\",\"url\":\"http:\\\/\\\/www.capenergie.fr\\\/catalogue\\\/\",\"name\":\"\",\"description\":\"\",\"potentialAction\":[{\"@type\":\"SearchAction\",\"target\":{\"@type\":\"EntryPoint\",\"urlTemplate\":\"http:\\\/\\\/www.capenergie.fr\\\/catalogue\\\/?s={search_term_string}\"},\"query-input\":{\"@type\":\"PropertyValueSpecification\",\"valueRequired\":true,\"valueName\":\"search_term_string\"}}],\"inLanguage\":\"fr-FR\"}]}<\/script>\n<!-- \/ Yoast SEO plugin. -->","yoast_head_json":{"title":"Ev\u00e8nements et Salons des \u00e9nergies renouvelables - Energa\u00efa","description":"\u00c9v\u00e8nements et Salons des \u00e9nergies renouvelables avec la participation de Cap Energie distributeur d'\u00e9quipements site isol\u00e9 et photovolta\u00efques comme Energa\u00efa ou autres salons.","robots":{"index":"index","follow":"follow","max-snippet":"max-snippet:-1","max-image-preview":"max-image-preview:large","max-video-preview":"max-video-preview:-1"},"canonical":"https:\/\/www.capenergie.fr\/catalogue\/photos-a-referenes\/evenements-et-salons.html","og_locale":"fr_FR","og_type":"article","og_title":"Ev\u00e8nements et Salons des \u00e9nergies renouvelables - Energa\u00efa","og_description":"\u00c9v\u00e8nements et Salons des \u00e9nergies renouvelables avec la participation de Cap Energie distributeur d'\u00e9quipements site isol\u00e9 et photovolta\u00efques comme Energa\u00efa ou autres salons.","og_url":"https:\/\/www.capenergie.fr\/catalogue\/photos-a-referenes\/evenements-et-salons.html","article_modified_time":"2013-02-19T10:10:59+00:00","schema":{"@context":"https:\/\/schema.org","@graph":[{"@type":"WebPage","@id":"https:\/\/www.capenergie.fr\/catalogue\/photos-a-referenes\/evenements-et-salons.html","url":"https:\/\/www.capenergie.fr\/catalogue\/photos-a-referenes\/evenements-et-salons.html","name":"Ev\u00e8nements et Salons des \u00e9nergies renouvelables - Energa\u00efa","isPartOf":{"@id":"http:\/\/www.capenergie.fr\/catalogue\/#website"},"datePublished":"2013-02-19T09:58:29+00:00","dateModified":"2013-02-19T10:10:59+00:00","description":"\u00c9v\u00e8nements et Salons des \u00e9nergies renouvelables avec la participation de Cap Energie distributeur d'\u00e9quipements site isol\u00e9 et photovolta\u00efques comme Energa\u00efa ou autres salons.","breadcrumb":{"@id":"https:\/\/www.capenergie.fr\/catalogue\/photos-a-referenes\/evenements-et-salons.html#breadcrumb"},"inLanguage":"fr-FR","potentialAction":[{"@type":"ReadAction","target":["https:\/\/www.capenergie.fr\/catalogue\/photos-a-referenes\/evenements-et-salons.html"]}]},{"@type":"BreadcrumbList","@id":"https:\/\/www.capenergie.fr\/catalogue\/photos-a-referenes\/evenements-et-salons.html#breadcrumb","itemListElement":[{"@type":"ListItem","position":1,"name":"Accueil","item":"http:\/\/www.capenergie.fr\/catalogue\/"},{"@type":"ListItem","position":2,"name":"Photos","item":"http:\/\/www.capenergie.fr\/catalogue\/photos-a-referenes.html"},{"@type":"ListItem","position":3,"name":"Ev\u00e8nements et Salons"}]},{"@type":"WebSite","@id":"http:\/\/www.capenergie.fr\/catalogue\/#website","url":"http:\/\/www.capenergie.fr\/catalogue\/","name":"","description":"","potentialAction":[{"@type":"SearchAction","target":{"@type":"EntryPoint","urlTemplate":"http:\/\/www.capenergie.fr\/catalogue\/?s={search_term_string}"},"query-input":{"@type":"PropertyValueSpecification","valueRequired":true,"valueName":"search_term_string"}}],"inLanguage":"fr-FR"}]}},"_links":{"self":[{"href":"https:\/\/www.capenergie.fr\/catalogue\/wp-json\/wp\/v2\/pages\/962","targetHints":{"allow":["GET"]}}],"collection":[{"href":"https:\/\/www.capenergie.fr\/catalogue\/wp-json\/wp\/v2\/pages"}],"about":[{"href":"https:\/\/www.capenergie.fr\/catalogue\/wp-json\/wp\/v2\/types\/page"}],"author":[{"embeddable":true,"href":"https:\/\/www.capenergie.fr\/catalogue\/wp-json\/wp\/v2\/users\/1"}],"replies":[{"embeddable":true,"href":"https:\/\/www.capenergie.fr\/catalogue\/wp-json\/wp\/v2\/comments?post=962"}],"version-history":[{"count":2,"href":"https:\/\/www.capenergie.fr\/catalogue\/wp-json\/wp\/v2\/pages\/962\/revisions"}],"predecessor-version":[{"id":965,"href":"https:\/\/www.capenergie.fr\/catalogue\/wp-json\/wp\/v2\/pages\/962\/revisions\/965"}],"up":[{"embeddable":true,"href":"https:\/\/www.capenergie.fr\/catalogue\/wp-json\/wp\/v2\/pages\/19"}],"wp:attachment":[{"href":"https:\/\/www.capenergie.fr\/catalogue\/wp-json\/wp\/v2\/media?parent=962"}],"curies":[{"name":"wp","href":"https:\/\/api.w.org\/{rel}","templated":true}]}}