{"id":447,"date":"2012-12-04T12:11:14","date_gmt":"2012-12-04T11:11:14","guid":{"rendered":"http:\/\/www.capenergie.fr\/catalogue3\/?page_id=447"},"modified":"2017-04-19T17:42:53","modified_gmt":"2017-04-19T15:42:53","slug":"groupe-electrogene","status":"publish","type":"page","link":"https:\/\/www.capenergie.fr\/catalogue\/site-isole\/groupe-electrogene.html","title":{"rendered":"Groupe \u00e9lectrog\u00e8ne"},"content":{"rendered":"<p><img decoding=\"async\" class=\"img-product-list\" alt=\"groupe electrogene pour site isol\u00e9\" src=\"http:\/\/images.capenergie.fr\/produit\/site-isole\/groupe-electrogene\/groupelectro.png\" class=\"alignleft\" width=\"125\" height=\"125\" \/><\/p>\n<p><strong>Cap Energie officiellement distributeur de   <a href=\"\/catalogue\/site-isole.html\" title=\"groupe \u00e9lectrog\u00e8ne Pramac\"> groupe \u00e9lectrog\u00e8ne Pramac<\/a> pour application site isol\u00e9 ou autre<\/strong>.<br \/>\n  La production constante d&rsquo;\u00e9nergie, garantie par la grande puissance et la durabilit\u00e9, font des <strong>groupes \u00e9lectrog\u00e8nes Pramac<\/strong> de la gamme Cap Energie la r\u00e9ponse parfaite aux          besoins d&rsquo;\u00e9nergie des installations en <a href=\"\/catalogue\/site-isole.html\" title=\"site isol\u00e9\">site isol\u00e9<\/a> ou en panne de r\u00e9seau \u00e9lectrique.<br \/>\nAvec une gamme de groupes allant de 1 \u00e0 2600 kVA, Cap Energie propose aussi bien des groupes portatifs que des unit\u00e9s grosses capacit\u00e9 destin\u00e9es aux applications de secours et pour satisfaire les besoins en puissance &quot;silencieuse&quot; pour l&rsquo;habitation.<br \/>\nCertains groupes \u00e9lectrog\u00e8nes de la gamme assurent une puissance &quot;silencieuse&quot; conforme \u00e0 la directive 2000\/14\/CE relative aux \u00e9missions sonores. <br \/>\nCap Energie propose aussi des Solutions Sur mesure, allant de 6 \u00e0 2500 kVA permettant ainsi de r\u00e9pondre \u00e0 toutes les applications, gr\u00e2ce au savoir-faire acquis par le Groupe <strong>PRAMAC<\/strong> dans le domaine du <strong>groupe \u00e9lectrog\u00e8ne<\/strong>. \n<\/p>\n<div>&nbsp;<\/div>\n<table id=\"tab-list-prod\" width=\"100%%\" border=\"0\">\n<tr>\n<td>\n<h2>Groupe \u00e9lectrog\u00e8ne Pramac<\/h2>\n<\/td>\n<\/tr>\n<tr style=\"background-color:#ffffff\">\n<td>\n<h3>Groupes Electrog\u00e8nes Sur Chassis<\/h3>\n<p>\t<img decoding=\"async\" src=\"http:\/\/images.capenergie.fr\/produit\/site-isole\/groupe-electrogene\/groupelectro2.png\" class=\"img-product-list\" alt=\"panneau photovoltaique kyocera\" width=\"100\" height=\"90\"><\/p>\n<p>Une s\u00e9rie de Groupes \u00e9l\u00e9ctrog\u00e8nes fiables et puissantes destin\u00e9es \u00e0 des applications professionnelles sur des chantiers de construction et autres appilication industrielles ou sanitaires. Gr\u00e2ce \u00e0 un excellent niveau de performance et une installation facile, ils permettent une utilisation en cas de coupures d&rsquo;\u00e9lectricit\u00e9 ou sur sites autonomes. <\/p>\n<div class=\"separator-orange\"><\/div>\n<p>     <a href=\"http:\/\/pdf.capenergie.fr\/doc-site-isole\/pramac-chassis.pdf\" title=\"Groupes Electrog\u00e8nes Sur Chassis\" target=\"_blank\"><\/p>\n<div id=\"doc-pdf\"><\/div>\n<p>Documentation technique<\/a><\/td>\n<\/tr>\n<tr style=\"background-color:#ffffff\">\n<td>\n<h3>Groupes Electrog\u00e8nes insonoris\u00e9s sur Chassis<\/h3>\n<p>\t<img decoding=\"async\" src=\"http:\/\/images.capenergie.fr\/produit\/site-isole\/groupe-electrogene\/groupelectro3.png\" class=\"img-product-list\" alt=\"panneau photovoltaique kyocera\" width=\"100\" height=\"90\"><\/p>\n<p>Une gamme de groupes \u00e9lectrog\u00e8nes utilisables pour les activit\u00e9s de plein air<br \/>\n\t   tels que les spectacles ou les \u00e9v\u00e8nements sportifs, les zones r\u00e9sidentielles, les sites de t\u00e9l\u00e9communication, applications de secours n\u00e9cessitant un besoin de puissance RAMAC, assurent une puissance &quot;silencieuse&quot; conforme \u00e0 la directive 2000\/14\/&quot;silencieuse&quot;. Ces groupes \u00e9lectrog\u00e8nes comme l&rsquo;ensemble des produits PCE relative aux \u00e9missions sonores. Certains groupes \u00e9lectrog\u00e8nes de la gamme offrent en plus du respect des normes de pollution, des \u00e9quipements de s\u00e9curit\u00e9 (portes verrouillables, capotage r\u00e9sistant au feu), rendant ces machines parfaites pour les applications publiques.<\/p>\n<div class=\"separator-orange\"><\/div>\n<p>    <a href=\"http:\/\/pdf.capenergie.fr\/doc-site-isole\/pramac-chassis-insonorise.pdf\" title=\"Groupes Electrog\u00e8nes Sur Chassis\" target=\"_blank\"><\/p>\n<div id=\"doc-pdf\"><\/div>\n<p>Documentation technique<\/a><\/td>\n<\/tr>\n<tr style=\"background-color:#ffffff\">\n<td>\n<h3>Groupes Electrog\u00e8nes S\u00e9rie E<\/h3>\n<p>\t<img loading=\"lazy\" decoding=\"async\" src=\"http:\/\/images.capenergie.fr\/produit\/site-isole\/groupe-electrogene\/groupelectro2a.png\" class=\"img-product-list\" alt=\"panneau photovoltaique kyocera\" width=\"100\" height=\"90\"><\/p>\n<p>Toute notre de gamme de groupes \u00e9lectrog\u00e8nes portatifs id\u00e9al pour l&rsquo;utilisation professionnel \u00e9quip\u00e9 d&rsquo;un moteur \u00e9conomique et puissant, robuste avec un r\u00e9servoir grande autonomie. Moteur Essence ou diesel, sortie Mono ou triphas\u00e9.<\/p>\n<div class=\"separator-orange\"><\/div>\n<p>    <a href=\"http:\/\/pdf.capenergie.fr\/doc-site-isole\/pramac-chassis.pdf\" title=\"Groupes Electrog\u00e8nes Sur Chassis\" target=\"_blank\"><\/p>\n<div id=\"doc-pdf\"><\/div>\n<p>Documentation technique<\/a><\/td>\n<\/tr>\n<tr style=\"background-color:#ffffff\">\n<td>\n<h3>Groupes Electrog\u00e8nes S\u00e9rie E<\/h3>\n<p>\t<img loading=\"lazy\" decoding=\"async\" src=\"http:\/\/images.capenergie.fr\/produit\/site-isole\/groupe-electrogene\/groupelectro4.png\" class=\"img-product-list\" alt=\"panneau photovoltaique kyocera\" width=\"100\" height=\"90\"><\/p>\n<p>Toute notre de gamme de groupes \u00e9lectrog\u00e8nes portatifs id\u00e9al pour l&rsquo;utilisation professionnel \u00e9quip\u00e9 d&rsquo;un moteur \u00e9conomique et puissant, robuste avec un r\u00e9servoir grande autonomie. Moteur Essence, sortie Mono ou triphas\u00e9. <\/p>\n<div class=\"separator-orange\"><\/div>\n<p>    <a href=\"http:\/\/pdf.capenergie.fr\/doc-site-isole\/pramac-es-serie.pdf\" title=\"Groupes Electrog\u00e8nes Pramac S\u00e9rie ES\" target=\"_blank\"><\/p>\n<div id=\"doc-pdf\"><\/div>\n<p>Documentation technique<\/a><\/td>\n<\/tr>\n<tr style=\"background-color:#ffffff\">\n<td>\n<h3>Groupes Electrog\u00e8nes S\u00e9rie<\/h3>\n<p>\t<img loading=\"lazy\" decoding=\"async\" src=\"http:\/\/images.capenergie.fr\/produit\/site-isole\/groupe-electrogene\/groupelectro5.png\" class=\"img-product-list\" alt=\"panneau photovoltaique kyocera\" width=\"100\" height=\"90\"><\/p>\n<p>Toute notre de gamme de groupes \u00e9lectrog\u00e8nes portatifs id\u00e9al pour l&rsquo;utilisation professionnel, les machines sont robustes et \u00e9quip\u00e9es d&rsquo;un moteur diesel \u00e9conomique et fiable. Moteur Essence, sortie Mono ou triphas\u00e9.<\/p>\n<div class=\"separator-orange\"><\/div>\n<p>    <a href=\"http:\/\/pdf.capenergie.fr\/doc-site-isole\/pramac-s-serie.pdf\" title=\"Groupes Electrog\u00e8nes Pramac S\u00e9rie S\" target=\"_blank\"><\/p>\n<div id=\"doc-pdf\"><\/div>\n<p>Documentation technique<\/a><\/td>\n<\/tr>\n<tr style=\"background-color:#ffffff\">\n<td>\n<h3>Groupes Electrog\u00e8nes S\u00e9rie<\/h3>\n<p>\t<img loading=\"lazy\" decoding=\"async\" src=\"http:\/\/images.capenergie.fr\/produit\/site-isole\/groupe-electrogene\/groupelectro6.png\" class=\"img-product-list\" alt=\"panneau photovoltaique kyocera\" width=\"100\" height=\"90\"><\/p>\n<p>Toute notre gamme de groupes \u00e9lectrog\u00e8nes haut de gamme \u00e9quip\u00e9e d&rsquo;un contr\u00f4leur permanent d&rsquo;isolation et d&rsquo;un r\u00e9gulateur automatique de tension en s\u00e9rie. Une protection IP 54 \u00e9quipe de s\u00e9rie les class=\u00a0\u00bbimg-product-list\u00a0\u00bb alternateurs et coffrets de commande. Moteur diesel, sortie triphas\u00e9.<\/p>\n<div class=\"separator-orange\"><\/div>\n<p>    <a href=\"http:\/\/pdf.capenergie.fr\/doc-site-isole\/pramac-sp-serie.pdf\" title=\"Groupes Electrog\u00e8nes Pramac S\u00e9rie SP\" target=\"_blank\"><\/p>\n<div id=\"doc-pdf\"><\/div>\n<p>Documentation technique<\/a><\/td>\n<\/tr>\n<tr style=\"background-color:#ffffff\">\n<td>\n<h3>Groupes Electrog\u00e8nes S\u00e9rie<\/h3>\n<p>\t<img loading=\"lazy\" decoding=\"async\" src=\"http:\/\/images.capenergie.fr\/produit\/site-isole\/groupe-electrogene\/groupelectro7.png\" class=\"img-product-list\" alt=\"panneau photovoltaique kyocera\" width=\"100\" height=\"90\"><\/p>\n<p>Toute notre gamme de groupes \u00e9lectrog\u00e8nes id\u00e9ale pour l&rsquo;utilisation en zone r\u00e9sidentielle (silencieux) ou en ext\u00e9rieur pendant les heures d&rsquo;activit\u00e9. Ces machines sont \u00e9quip\u00e9s de composants de derni\u00e8re g\u00e9n\u00e9ration et de tousles instruments n\u00e9cessaires . Moteur Essence ou diesel, sortie Mono ou triphas\u00e9.<\/p>\n<p>    <a href=\"http:\/\/pdf.capenergie.fr\/doc-site-isole\/pramac-p-serie.pdf\" title=\"Groupes Electrog\u00e8nes Pramac S\u00e9rie P\" target=\"_blank\"><\/p>\n<div id=\"doc-pdf\"><\/div>\n<p>Documentation technique<\/a><\/td>\n<\/tr>\n<tr style=\"background-color:#ffffff\">\n<td>\n<h3>Groupes Electrog\u00e8nes &quot;Sur Mesure&quot;<\/h3>\n<p>\t<img loading=\"lazy\" decoding=\"async\" src=\"http:\/\/images.capenergie.fr\/produit\/site-isole\/groupe-electrogene\/groupelectro8.png\" class=\"img-product-list\" alt=\"panneau photovoltaique kyocera\" width=\"100\" height=\"90\"><\/p>\n<p>Solutions Sur mesure, allant de 6 \u00e0 2500 kVA permettant ainsi de r\u00e9pondre \u00e0 toutes les applications, gr\u00e2ce au savoir-faire acquis par le Groupe PRAMAC dans le domaine du groupe \u00e9lectrog\u00e8ne. PRAMAC offre la possibilit\u00e9 de coop\u00e9rer dans le d\u00e9veloppement d\u2019un projet complet, en fonction des aspects techniques et cahiers des charges.<\/p>\n<div class=\"separator-orange\"><\/div>\n<p>    <a href=\"http:\/\/pdf.capenergie.fr\/doc-site-isole\/pramac-sur-mesure.pdf\" title=\"Groupes Electrog\u00e8nes Pramac sur mesure\" target=\"_blank\"><\/p>\n<div id=\"doc-pdf\"><\/div>\n<p>Documentation technique<\/a><\/td>\n<\/tr>\n<\/table>\n<table width=\"100%\" border=\"0\" cellspacing=\"0\" cellpadding=\"5\">\n<tr>\n<td>\n<h2>Catalogue Groupe Electrog\u00e8ne Pramac<\/h2>\n<\/td>\n<\/tr>\n<tr id=\"rang-prod\">\n<td>\n<h3>Documentation \u00e0 t\u00e9l\u00e9charger<\/h3>\n<div class=\"separator-orange\"><\/div>\n<p>        <a href=\"http:\/\/pdf.capenergie.fr\/doc-site-isole\/pramac-catalogue.pdf\" title=\"Catalogue Groupe Electrog\u00e8ne Pramac\" target=\"_blank\"><\/p>\n<div id=\"doc-pdf\"><\/div>\n<p>Catalogue Pramac<\/a>\n        <\/td>\n<\/tr>\n<\/table>\n","protected":false},"excerpt":{"rendered":"<p>Cap Energie officiellement distributeur de groupe \u00e9lectrog\u00e8ne Pramac pour application site isol\u00e9 ou autre. La production constante d&rsquo;\u00e9nergie, garantie par la grande puissance et la durabilit\u00e9, font des groupes \u00e9lectrog\u00e8nes Pramac de la gamme Cap Energie la r\u00e9ponse parfaite aux besoins d&rsquo;\u00e9nergie des installations en site isol\u00e9 ou en panne de r\u00e9seau \u00e9lectrique. Avec une&hellip;&nbsp;<a href=\"https:\/\/www.capenergie.fr\/catalogue\/site-isole\/groupe-electrogene.html\" rel=\"bookmark\"><span class=\"screen-reader-text\">Groupe \u00e9lectrog\u00e8ne<\/span><\/a><\/p>\n","protected":false},"author":1,"featured_media":0,"parent":84,"menu_order":0,"comment_status":"closed","ping_status":"closed","template":"","meta":{"neve_meta_sidebar":"","neve_meta_container":"","neve_meta_enable_content_width":"","neve_meta_content_width":0,"neve_meta_title_alignment":"","neve_meta_author_avatar":"","neve_post_elements_order":"","neve_meta_disable_header":"","neve_meta_disable_footer":"","neve_meta_disable_title":"","ngg_post_thumbnail":0,"_themeisle_gutenberg_block_has_review":false,"footnotes":""},"class_list":["post-447","page","type-page","status-publish","hentry"],"yoast_head":"<!-- This site is optimized with the Yoast SEO plugin v27.3 - https:\/\/yoast.com\/product\/yoast-seo-wordpress\/ -->\n<title>Groupe \u00e9lectrog\u00e8ne Pramac - Groupe \u00e9lectrog\u00e8ne site isol\u00e9<\/title>\n<meta name=\"description\" content=\"Cap Energie, distributeur de groupes \u00e9lectrog\u00e8nes de qualit\u00e9 professionnel Pramac pour diverses applications, site isol\u00e9,panne de r\u00e9seau \u00e9lectrique, secours, groupe \u00e9lectrog\u00e8ne silencieux, back up\" \/>\n<meta name=\"robots\" content=\"index, follow, max-snippet:-1, max-image-preview:large, max-video-preview:-1\" \/>\n<link rel=\"canonical\" href=\"https:\/\/www.capenergie.fr\/catalogue\/site-isole\/groupe-electrogene.html\" \/>\n<meta property=\"og:locale\" content=\"fr_FR\" \/>\n<meta property=\"og:type\" content=\"article\" \/>\n<meta property=\"og:title\" content=\"Groupe \u00e9lectrog\u00e8ne Pramac - Groupe \u00e9lectrog\u00e8ne site isol\u00e9\" \/>\n<meta property=\"og:description\" content=\"Cap Energie, distributeur de groupes \u00e9lectrog\u00e8nes de qualit\u00e9 professionnel Pramac pour diverses applications, site isol\u00e9,panne de r\u00e9seau \u00e9lectrique, secours, groupe \u00e9lectrog\u00e8ne silencieux, back up\" \/>\n<meta property=\"og:url\" content=\"https:\/\/www.capenergie.fr\/catalogue\/site-isole\/groupe-electrogene.html\" \/>\n<meta property=\"article:modified_time\" content=\"2017-04-19T15:42:53+00:00\" \/>\n<meta property=\"og:image\" content=\"http:\/\/images.capenergie.fr\/produit\/site-isole\/groupe-electrogene\/groupelectro.png\" \/>\n<meta name=\"twitter:label1\" content=\"Dur\u00e9e de lecture estim\u00e9e\" \/>\n\t<meta name=\"twitter:data1\" content=\"3 minutes\" \/>\n<script type=\"application\/ld+json\" class=\"yoast-schema-graph\">{\"@context\":\"https:\\\/\\\/schema.org\",\"@graph\":[{\"@type\":\"WebPage\",\"@id\":\"https:\\\/\\\/www.capenergie.fr\\\/catalogue\\\/site-isole\\\/groupe-electrogene.html\",\"url\":\"https:\\\/\\\/www.capenergie.fr\\\/catalogue\\\/site-isole\\\/groupe-electrogene.html\",\"name\":\"Groupe \u00e9lectrog\u00e8ne Pramac - Groupe \u00e9lectrog\u00e8ne site isol\u00e9\",\"isPartOf\":{\"@id\":\"http:\\\/\\\/www.capenergie.fr\\\/catalogue\\\/#website\"},\"primaryImageOfPage\":{\"@id\":\"https:\\\/\\\/www.capenergie.fr\\\/catalogue\\\/site-isole\\\/groupe-electrogene.html#primaryimage\"},\"image\":{\"@id\":\"https:\\\/\\\/www.capenergie.fr\\\/catalogue\\\/site-isole\\\/groupe-electrogene.html#primaryimage\"},\"thumbnailUrl\":\"http:\\\/\\\/images.capenergie.fr\\\/produit\\\/site-isole\\\/groupe-electrogene\\\/groupelectro.png\",\"datePublished\":\"2012-12-04T11:11:14+00:00\",\"dateModified\":\"2017-04-19T15:42:53+00:00\",\"description\":\"Cap Energie, distributeur de groupes \u00e9lectrog\u00e8nes de qualit\u00e9 professionnel Pramac pour diverses applications, site isol\u00e9,panne de r\u00e9seau \u00e9lectrique, secours, groupe \u00e9lectrog\u00e8ne silencieux, back up\",\"breadcrumb\":{\"@id\":\"https:\\\/\\\/www.capenergie.fr\\\/catalogue\\\/site-isole\\\/groupe-electrogene.html#breadcrumb\"},\"inLanguage\":\"fr-FR\",\"potentialAction\":[{\"@type\":\"ReadAction\",\"target\":[\"https:\\\/\\\/www.capenergie.fr\\\/catalogue\\\/site-isole\\\/groupe-electrogene.html\"]}]},{\"@type\":\"ImageObject\",\"inLanguage\":\"fr-FR\",\"@id\":\"https:\\\/\\\/www.capenergie.fr\\\/catalogue\\\/site-isole\\\/groupe-electrogene.html#primaryimage\",\"url\":\"http:\\\/\\\/images.capenergie.fr\\\/produit\\\/site-isole\\\/groupe-electrogene\\\/groupelectro.png\",\"contentUrl\":\"http:\\\/\\\/images.capenergie.fr\\\/produit\\\/site-isole\\\/groupe-electrogene\\\/groupelectro.png\"},{\"@type\":\"BreadcrumbList\",\"@id\":\"https:\\\/\\\/www.capenergie.fr\\\/catalogue\\\/site-isole\\\/groupe-electrogene.html#breadcrumb\",\"itemListElement\":[{\"@type\":\"ListItem\",\"position\":1,\"name\":\"Accueil\",\"item\":\"http:\\\/\\\/www.capenergie.fr\\\/catalogue\\\/\"},{\"@type\":\"ListItem\",\"position\":2,\"name\":\"Equipements pour site isol\u00e9\",\"item\":\"http:\\\/\\\/www.capenergie.fr\\\/catalogue\\\/site-isole.html\"},{\"@type\":\"ListItem\",\"position\":3,\"name\":\"Groupe \u00e9lectrog\u00e8ne\"}]},{\"@type\":\"WebSite\",\"@id\":\"http:\\\/\\\/www.capenergie.fr\\\/catalogue\\\/#website\",\"url\":\"http:\\\/\\\/www.capenergie.fr\\\/catalogue\\\/\",\"name\":\"\",\"description\":\"\",\"potentialAction\":[{\"@type\":\"SearchAction\",\"target\":{\"@type\":\"EntryPoint\",\"urlTemplate\":\"http:\\\/\\\/www.capenergie.fr\\\/catalogue\\\/?s={search_term_string}\"},\"query-input\":{\"@type\":\"PropertyValueSpecification\",\"valueRequired\":true,\"valueName\":\"search_term_string\"}}],\"inLanguage\":\"fr-FR\"}]}<\/script>\n<!-- \/ Yoast SEO plugin. -->","yoast_head_json":{"title":"Groupe \u00e9lectrog\u00e8ne Pramac - Groupe \u00e9lectrog\u00e8ne site isol\u00e9","description":"Cap Energie, distributeur de groupes \u00e9lectrog\u00e8nes de qualit\u00e9 professionnel Pramac pour diverses applications, site isol\u00e9,panne de r\u00e9seau \u00e9lectrique, secours, groupe \u00e9lectrog\u00e8ne silencieux, back up","robots":{"index":"index","follow":"follow","max-snippet":"max-snippet:-1","max-image-preview":"max-image-preview:large","max-video-preview":"max-video-preview:-1"},"canonical":"https:\/\/www.capenergie.fr\/catalogue\/site-isole\/groupe-electrogene.html","og_locale":"fr_FR","og_type":"article","og_title":"Groupe \u00e9lectrog\u00e8ne Pramac - Groupe \u00e9lectrog\u00e8ne site isol\u00e9","og_description":"Cap Energie, distributeur de groupes \u00e9lectrog\u00e8nes de qualit\u00e9 professionnel Pramac pour diverses applications, site isol\u00e9,panne de r\u00e9seau \u00e9lectrique, secours, groupe \u00e9lectrog\u00e8ne silencieux, back up","og_url":"https:\/\/www.capenergie.fr\/catalogue\/site-isole\/groupe-electrogene.html","article_modified_time":"2017-04-19T15:42:53+00:00","og_image":[{"url":"http:\/\/images.capenergie.fr\/produit\/site-isole\/groupe-electrogene\/groupelectro.png","type":"","width":"","height":""}],"twitter_misc":{"Dur\u00e9e de lecture estim\u00e9e":"3 minutes"},"schema":{"@context":"https:\/\/schema.org","@graph":[{"@type":"WebPage","@id":"https:\/\/www.capenergie.fr\/catalogue\/site-isole\/groupe-electrogene.html","url":"https:\/\/www.capenergie.fr\/catalogue\/site-isole\/groupe-electrogene.html","name":"Groupe \u00e9lectrog\u00e8ne Pramac - Groupe \u00e9lectrog\u00e8ne site isol\u00e9","isPartOf":{"@id":"http:\/\/www.capenergie.fr\/catalogue\/#website"},"primaryImageOfPage":{"@id":"https:\/\/www.capenergie.fr\/catalogue\/site-isole\/groupe-electrogene.html#primaryimage"},"image":{"@id":"https:\/\/www.capenergie.fr\/catalogue\/site-isole\/groupe-electrogene.html#primaryimage"},"thumbnailUrl":"http:\/\/images.capenergie.fr\/produit\/site-isole\/groupe-electrogene\/groupelectro.png","datePublished":"2012-12-04T11:11:14+00:00","dateModified":"2017-04-19T15:42:53+00:00","description":"Cap Energie, distributeur de groupes \u00e9lectrog\u00e8nes de qualit\u00e9 professionnel Pramac pour diverses applications, site isol\u00e9,panne de r\u00e9seau \u00e9lectrique, secours, groupe \u00e9lectrog\u00e8ne silencieux, back up","breadcrumb":{"@id":"https:\/\/www.capenergie.fr\/catalogue\/site-isole\/groupe-electrogene.html#breadcrumb"},"inLanguage":"fr-FR","potentialAction":[{"@type":"ReadAction","target":["https:\/\/www.capenergie.fr\/catalogue\/site-isole\/groupe-electrogene.html"]}]},{"@type":"ImageObject","inLanguage":"fr-FR","@id":"https:\/\/www.capenergie.fr\/catalogue\/site-isole\/groupe-electrogene.html#primaryimage","url":"http:\/\/images.capenergie.fr\/produit\/site-isole\/groupe-electrogene\/groupelectro.png","contentUrl":"http:\/\/images.capenergie.fr\/produit\/site-isole\/groupe-electrogene\/groupelectro.png"},{"@type":"BreadcrumbList","@id":"https:\/\/www.capenergie.fr\/catalogue\/site-isole\/groupe-electrogene.html#breadcrumb","itemListElement":[{"@type":"ListItem","position":1,"name":"Accueil","item":"http:\/\/www.capenergie.fr\/catalogue\/"},{"@type":"ListItem","position":2,"name":"Equipements pour site isol\u00e9","item":"http:\/\/www.capenergie.fr\/catalogue\/site-isole.html"},{"@type":"ListItem","position":3,"name":"Groupe \u00e9lectrog\u00e8ne"}]},{"@type":"WebSite","@id":"http:\/\/www.capenergie.fr\/catalogue\/#website","url":"http:\/\/www.capenergie.fr\/catalogue\/","name":"","description":"","potentialAction":[{"@type":"SearchAction","target":{"@type":"EntryPoint","urlTemplate":"http:\/\/www.capenergie.fr\/catalogue\/?s={search_term_string}"},"query-input":{"@type":"PropertyValueSpecification","valueRequired":true,"valueName":"search_term_string"}}],"inLanguage":"fr-FR"}]}},"_links":{"self":[{"href":"https:\/\/www.capenergie.fr\/catalogue\/wp-json\/wp\/v2\/pages\/447","targetHints":{"allow":["GET"]}}],"collection":[{"href":"https:\/\/www.capenergie.fr\/catalogue\/wp-json\/wp\/v2\/pages"}],"about":[{"href":"https:\/\/www.capenergie.fr\/catalogue\/wp-json\/wp\/v2\/types\/page"}],"author":[{"embeddable":true,"href":"https:\/\/www.capenergie.fr\/catalogue\/wp-json\/wp\/v2\/users\/1"}],"replies":[{"embeddable":true,"href":"https:\/\/www.capenergie.fr\/catalogue\/wp-json\/wp\/v2\/comments?post=447"}],"version-history":[{"count":18,"href":"https:\/\/www.capenergie.fr\/catalogue\/wp-json\/wp\/v2\/pages\/447\/revisions"}],"predecessor-version":[{"id":3074,"href":"https:\/\/www.capenergie.fr\/catalogue\/wp-json\/wp\/v2\/pages\/447\/revisions\/3074"}],"up":[{"embeddable":true,"href":"https:\/\/www.capenergie.fr\/catalogue\/wp-json\/wp\/v2\/pages\/84"}],"wp:attachment":[{"href":"https:\/\/www.capenergie.fr\/catalogue\/wp-json\/wp\/v2\/media?parent=447"}],"curies":[{"name":"wp","href":"https:\/\/api.w.org\/{rel}","templated":true}]}}