{"id":4202,"date":"2020-03-20T11:36:17","date_gmt":"2020-03-20T10:36:17","guid":{"rendered":"http:\/\/www.capenergie.fr\/catalogue\/?page_id=4202"},"modified":"2020-11-23T12:11:16","modified_gmt":"2020-11-23T11:11:16","slug":"stockage-batterie-byd","status":"publish","type":"page","link":"https:\/\/www.capenergie.fr\/catalogue\/photovoltaique\/autoconsommation-photovoltaique\/stockage-batterie-byd.html","title":{"rendered":"Stockage autoconsommation BYD"},"content":{"rendered":"<p><img decoding=\"async\" alt=\"autoconsommation stockage BYD\" src=\"http:\/\/images.capenergie.fr\/produit\/photovoltaique\/autoconsommation\/stockage-autoconsommation-byd.jpg\" class=\"alignleft\" width=\"125\" height=\"125\" \/><\/p>\n<p><strong>Cap Energie propose les syst\u00e8mes de <a href=\"\/catalogue\/photovoltaique\/autoconsommation-photovoltaique.html\" title=\"stockage autoconsommation BYD\">stockage autoconsommation BYD Battery-Box<\/a> bloc de batterie au lithium dot\u00e9 d&rsquo;une unit\u00e9 de contr\u00f4le de la batterie (BCU) pour un fonctionnement avec un onduleur photovolta\u00efque externe.<\/strong><br \/>\n  BYD propose 3 syst\u00e8mes \u00e0 batterie flexibles et \u00e9volutif  : Battery-Box Premium HVS, Battery-Box LVS et Battery-Box Premium HVM. Ces syst\u00e8mes de <strong>stockage autoconsommation BYD Battery-Box<\/strong> offrent une r\u00e9elle s\u00e9curit\u00e9, une dur\u00e9e de vie et des performances optimales, ce qui en font des solutions de stockage d&rsquo;\u00e9nergie  pour toutes les applications r\u00e9sidentielles \u00e0 professionnelles, en autoconsommation, Back-Up et et <a href=\"\/catalogue\/site-isole.html\" title=\"site isol\u00e9\">site isol\u00e9<\/a> selon la r\u00e9f\u00e9rence produit.<\/p>\n<h2>Battery-Box Premium LVS<\/h2>\n<div align=\"center\" style=\"max-width:600px\"> <img decoding=\"async\" alt=\"stockage autoconsommation BYD Battery Box PREMIUM LVS\" src=\"http:\/\/images.capenergie.fr\/produit\/photovoltaique\/autoconsommation\/byd-battery-box-premium-hvs.jpg\" width=\"100%\" \/><\/div>\n<p>Le syst\u00e8me <strong>stockage autoconsommation BYD Battery-Box LVS<\/strong> est dot\u00e9 de batteries 48 V dont le design modulaire, \u00e9volutif et flexible est d\u00e9nu\u00e9 de c\u00e2blage interne. Le bloc BYD Battey-Box LV peut accueillir jusqu\u2019\u00e0 6 modules de batterie 4kWh connect\u00e9s en parall\u00e8le. Ces configurations permettent d&rsquo; atteindre des capacit\u00e9s situ\u00e9es entre 4 et 24.0 kWh exploitable. En connectant jusqu\u2019\u00e0 16 Battery-Box LVS en parall\u00e8le, la capacit\u00e9 peut \u00eatre choisie individuellement par pas de 4 kWh  \u00e0 un maximum de 256,0 kWh.<\/p>\n<h2>Battery-Box HVS et HVM en d\u00e9tail<\/h2>\n<ul>\n<li>Capacit\u00e9 de Back-Up d\u2019urgence de haute puissance et de fonctionnalit\u00e9 en site isol\u00e9<\/li>\n<li>Efficacit\u00e9 optimale gr\u00e2ce \u00e0 une connexion r\u00e9elle de la s\u00e9rie haute tension<\/li>\n<li>La fiche modulaire brevet\u00e9e ne n\u00e9cessite aucun c\u00e2blage interne et permet  une flexibilit\u00e9 et une facilit\u00e9 d\u2019utilisation maximales<\/li>\n<li>Batterie au lithium-phosphate de fer  sans cobalt\u00a0: s\u00e9curit\u00e9 maximale (Cycle de vie et puissance)<\/li>\n<li>Compatible avec les onduleurs haute tension monophas\u00e9 et triphas\u00e9<\/li>\n<li>Deux r\u00e9f\u00e9rences distinctes pour couvrir la gamme compl\u00e8te de capacit\u00e9 de syst\u00e8me<\/li>\n<li>Normes de s\u00e9curit\u00e9  \u00e9lev\u00e9es, \u00e0 l&rsquo;image de la norme VDE 2510-50<\/li>\n<\/ul>\n<h2>Battery-Box HVS<\/h2>\n<div align=\"center\" style=\"max-width:600px\"> <img decoding=\"async\" alt=\"stockage autoconsommation BYD Battery Box PREMIUM HVS \/ HVM\" src=\"http:\/\/images.capenergie.fr\/produit\/photovoltaique\/autoconsommation\/byd-battery-box-premium-hvs.jpg\" width=\"100%\" \/><\/div>\n<p>Le syst\u00e8me <strong>stockage autoconsommation BYD Battery-Box Premium HVS<\/strong> est dot\u00e9 de batteries  haute tension dont le design modulaire, \u00e9volutif et flexible est d\u00e9nu\u00e9 de c\u00e2blage interne. Le bloc BYD Battey-Box Premium HVS peut accueillir de 2 \u00e0 5 modules de batterie HVS (2.56 kWh, 102.4 V pour 38 kg) en s\u00e9rie pour atteindre une capacit\u00e9 exploitable allant jusqu\u2019\u00e0 12.8 kWh. L&rsquo;interconnexion en parall\u00e8le de 3 Battery-Box HVS \u00e9quivalente permet une configuration pouvant atteindre une capacit\u00e9 maximale de 38,4 kWh. Le syst\u00e8me <strong>BYD Battery-Box Premium HVS<\/strong> peut \u00e9galement \u00eatre utilis\u00e9 dans le cadre d&rsquo;une application Back-Up.<\/p>\n<h3>Compatibilit\u00e9 onduleurs<\/h3>\n<p><strong>BYD Battery-Box Premium HVS <\/strong>est compatible avec les onduleurs hybrides  polyvalents  GEN24 de <a href=\"http:\/\/www.capenergie.fr\/catalogue\/photovoltaique\/onduleur\/fronius.html\" title=\"Fronius\">Fronius<\/a>, les <a href=\"http:\/\/www.capenergie.fr\/catalogue\/photovoltaique\/onduleur\/kostal.html\" title=\"Plenticore onduleurs  Kostal\">onduleurs hybrides  polyvalents Kostal<\/a>, les Sunny Boy Storage <a href=\"http:\/\/www.capenergie.fr\/catalogue\/photovoltaique\/onduleur\/sma.html\" title=\"SMA\">SMA<\/a>.<br \/>\n  Nous vous remercions de vous r\u00e9f\u00e9rer au <a href=\"http:\/\/pdf.capenergie.fr\/doc-autoconso\/byd-compatibilite.pdf\">tableau des compatibilit\u00e9s BYD par marques et types d&rsquo;onduleurs<\/a>. <\/p>\n<h2>Battery-Box HVM<\/h2>\n<div align=\"center\" style=\"max-width:600px\"> <img decoding=\"async\" alt=\"stockage autoconsommation BYD Battery Box PREMIUM HVS \/ HVM\" src=\"http:\/\/images.capenergie.fr\/produit\/photovoltaique\/autoconsommation\/byd-battery-box-premium-hvs.jpg\" width=\"100%\" \/><\/div>\n<p>Le syst\u00e8me <strong>stockage autoconsommation BYD Battery-Box Premium HVM<\/strong> est dot\u00e9 de batteries  haute tension dont le design modulaire, \u00e9volutif et flexible est d\u00e9nu\u00e9 de c\u00e2blage interne. Le bloc BYD Battey-Box Premium HVM peut accueillir de 3 \u00e0 8 modules de batterie HVS (2.76 kWh, 51.2 V pour 38 kg)) en s\u00e9rie pour atteindre une capacit\u00e9 exploitable allant jusqu\u2019\u00e0 22.08 kWh. L&rsquo;interconnexion en parall\u00e8le de 3 Battery-Box HVS \u00e9quivalente permet une configuration pouvant atteindre une capacit\u00e9 maximale de 66,2 kWh. Le syst\u00e8me <strong>BYD Battery-Box HVS<\/strong> peut \u00e9galement \u00eatre utilis\u00e9 dans le cadre d&rsquo;une application Back-Up.<\/p>\n<h3> Compatibilit\u00e9 onduleurs<\/h3>\n<p><strong>BYD Battery-Box Premium HVM <\/strong>est compatible avec les onduleurs hybrides  polyvalents  GEN24 de <a href=\"http:\/\/www.capenergie.fr\/catalogue\/photovoltaique\/onduleur\/fronius.html\" title=\"Fronius\">Fronius<\/a>, les <a href=\"http:\/\/www.capenergie.fr\/catalogue\/photovoltaique\/onduleur\/kostal.html\" title=\"Plenticore onduleurs  Kostal\">onduleurs hybrides  polyvalents Kostal<\/a>, les Sunny Boy Storage <a href=\"http:\/\/www.capenergie.fr\/catalogue\/photovoltaique\/onduleur\/sma.html\" title=\"SMA\">SMA<\/a>.<br \/>\nNous vous remercions de vous r\u00e9f\u00e9rer au <a href=\"http:\/\/pdf.capenergie.fr\/doc-autoconso\/byd-compatibilite.pdf\">tableau des compatibilit\u00e9s BYD par marques et types d&rsquo;onduleurs<\/a>. <\/p>\n<h2>Documentation techniques<\/h2>\n<table id=\"tab-list-prod\" width=\"100%%\" border=\"0\">\n<tr id=\"rang-prod\">\n<td>\n   \t\t  <a href=\"http:\/\/pdf.capenergie.fr\/doc-autoconso\/byd-battery-box-premium-hvs-hvm.pdf\" title=\"Fiche technique BYD Battery-Box Premium HVS et HVM\" target=\"_blank\" rel=\"noopener noreferrer\"><\/p>\n<div id=\"doc-pdf\"><\/div>\n<p>\t\t  Fiche technique BYD Battery-Box HVS et HVM<\/a><\/td>\n<\/tr>\n<tr id=\"rang-prod\">\n<td>\n   \t\t  <a href=\"http:\/\/pdf.capenergie.fr\/doc-autoconso\/byd-lvs.pdf\" title=\"Fiche technqiue Fiche technique BYD Battery-Box LVS\" target=\"_blank\" rel=\"noopener noreferrer\"><\/p>\n<div id=\"doc-pdf\"><\/div>\n<p>\t\t  Fiche technique BYD Battery-Box LVS (EN)<\/a><\/td>\n<\/tr>\n<\/table>\n","protected":false},"excerpt":{"rendered":"<p>Cap Energie propose les syst\u00e8mes de stockage autoconsommation BYD Battery-Box bloc de batterie au lithium dot\u00e9 d&rsquo;une unit\u00e9 de contr\u00f4le de la batterie (BCU) pour un fonctionnement avec un onduleur photovolta\u00efque externe. BYD propose 3 syst\u00e8mes \u00e0 batterie flexibles et \u00e9volutif : Battery-Box Premium HVS, Battery-Box LVS et Battery-Box Premium HVM. Ces syst\u00e8mes de stockage&hellip;&nbsp;<a href=\"https:\/\/www.capenergie.fr\/catalogue\/photovoltaique\/autoconsommation-photovoltaique\/stockage-batterie-byd.html\" rel=\"bookmark\"><span class=\"screen-reader-text\">Stockage autoconsommation BYD<\/span><\/a><\/p>\n","protected":false},"author":1,"featured_media":0,"parent":1305,"menu_order":0,"comment_status":"closed","ping_status":"closed","template":"","meta":{"neve_meta_sidebar":"","neve_meta_container":"","neve_meta_enable_content_width":"","neve_meta_content_width":0,"neve_meta_title_alignment":"","neve_meta_author_avatar":"","neve_post_elements_order":"","neve_meta_disable_header":"","neve_meta_disable_footer":"","neve_meta_disable_title":"","ngg_post_thumbnail":0,"_themeisle_gutenberg_block_has_review":false,"footnotes":""},"class_list":["post-4202","page","type-page","status-publish","hentry"],"yoast_head":"<!-- This site is optimized with the Yoast SEO plugin v27.3 - https:\/\/yoast.com\/product\/yoast-seo-wordpress\/ -->\n<title>Solution de stockage autoconsommation BYD batteries<\/title>\n<meta name=\"description\" content=\"Solution de stockage autoconsommation BYD batterie au lithium avec les Battery-Box HV, Battery-Box LV and Battery-Box Pro offrant des performances optimales\" \/>\n<meta name=\"robots\" content=\"index, follow, max-snippet:-1, max-image-preview:large, max-video-preview:-1\" \/>\n<link rel=\"canonical\" href=\"http:\/\/www.capenergie.fr\/catalogue\/photovoltaique\/autoconsommation-photovoltaique\/stockage-batterie-byd.html\" \/>\n<meta property=\"og:locale\" content=\"fr_FR\" \/>\n<meta property=\"og:type\" content=\"article\" \/>\n<meta property=\"og:title\" content=\"Solution de stockage autoconsommation BYD batteries\" \/>\n<meta property=\"og:description\" content=\"Solution de stockage autoconsommation BYD batterie au lithium avec les Battery-Box HV, Battery-Box LV and Battery-Box Pro offrant des performances optimales\" \/>\n<meta property=\"og:url\" content=\"http:\/\/www.capenergie.fr\/catalogue\/photovoltaique\/autoconsommation-photovoltaique\/stockage-batterie-byd.html\" \/>\n<meta property=\"article:modified_time\" content=\"2020-11-23T11:11:16+00:00\" \/>\n<meta property=\"og:image\" content=\"http:\/\/images.capenergie.fr\/produit\/photovoltaique\/autoconsommation\/stockage-autoconsommation-byd.jpg\" \/>\n<meta name=\"twitter:label1\" content=\"Dur\u00e9e de lecture estim\u00e9e\" \/>\n\t<meta name=\"twitter:data1\" content=\"3 minutes\" \/>\n<script type=\"application\/ld+json\" class=\"yoast-schema-graph\">{\"@context\":\"https:\\\/\\\/schema.org\",\"@graph\":[{\"@type\":\"WebPage\",\"@id\":\"http:\\\/\\\/www.capenergie.fr\\\/catalogue\\\/photovoltaique\\\/autoconsommation-photovoltaique\\\/stockage-batterie-byd.html\",\"url\":\"http:\\\/\\\/www.capenergie.fr\\\/catalogue\\\/photovoltaique\\\/autoconsommation-photovoltaique\\\/stockage-batterie-byd.html\",\"name\":\"Solution de stockage autoconsommation BYD batteries\",\"isPartOf\":{\"@id\":\"http:\\\/\\\/www.capenergie.fr\\\/catalogue\\\/#website\"},\"primaryImageOfPage\":{\"@id\":\"http:\\\/\\\/www.capenergie.fr\\\/catalogue\\\/photovoltaique\\\/autoconsommation-photovoltaique\\\/stockage-batterie-byd.html#primaryimage\"},\"image\":{\"@id\":\"http:\\\/\\\/www.capenergie.fr\\\/catalogue\\\/photovoltaique\\\/autoconsommation-photovoltaique\\\/stockage-batterie-byd.html#primaryimage\"},\"thumbnailUrl\":\"http:\\\/\\\/images.capenergie.fr\\\/produit\\\/photovoltaique\\\/autoconsommation\\\/stockage-autoconsommation-byd.jpg\",\"datePublished\":\"2020-03-20T10:36:17+00:00\",\"dateModified\":\"2020-11-23T11:11:16+00:00\",\"description\":\"Solution de stockage autoconsommation BYD batterie au lithium avec les Battery-Box HV, Battery-Box LV and Battery-Box Pro offrant des performances optimales\",\"breadcrumb\":{\"@id\":\"http:\\\/\\\/www.capenergie.fr\\\/catalogue\\\/photovoltaique\\\/autoconsommation-photovoltaique\\\/stockage-batterie-byd.html#breadcrumb\"},\"inLanguage\":\"fr-FR\",\"potentialAction\":[{\"@type\":\"ReadAction\",\"target\":[\"http:\\\/\\\/www.capenergie.fr\\\/catalogue\\\/photovoltaique\\\/autoconsommation-photovoltaique\\\/stockage-batterie-byd.html\"]}]},{\"@type\":\"ImageObject\",\"inLanguage\":\"fr-FR\",\"@id\":\"http:\\\/\\\/www.capenergie.fr\\\/catalogue\\\/photovoltaique\\\/autoconsommation-photovoltaique\\\/stockage-batterie-byd.html#primaryimage\",\"url\":\"http:\\\/\\\/images.capenergie.fr\\\/produit\\\/photovoltaique\\\/autoconsommation\\\/stockage-autoconsommation-byd.jpg\",\"contentUrl\":\"http:\\\/\\\/images.capenergie.fr\\\/produit\\\/photovoltaique\\\/autoconsommation\\\/stockage-autoconsommation-byd.jpg\"},{\"@type\":\"BreadcrumbList\",\"@id\":\"http:\\\/\\\/www.capenergie.fr\\\/catalogue\\\/photovoltaique\\\/autoconsommation-photovoltaique\\\/stockage-batterie-byd.html#breadcrumb\",\"itemListElement\":[{\"@type\":\"ListItem\",\"position\":1,\"name\":\"Accueil\",\"item\":\"http:\\\/\\\/www.capenergie.fr\\\/catalogue\\\/\"},{\"@type\":\"ListItem\",\"position\":2,\"name\":\"Distributeur Photovolta\u00efque\",\"item\":\"https:\\\/\\\/www.capenergie.fr\\\/catalogue\\\/photovoltaique.html\"},{\"@type\":\"ListItem\",\"position\":3,\"name\":\"Autoconsommation photovolta\u00efque\",\"item\":\"https:\\\/\\\/www.capenergie.fr\\\/catalogue\\\/photovoltaique\\\/autoconsommation-photovoltaique.html\"},{\"@type\":\"ListItem\",\"position\":4,\"name\":\"Stockage autoconsommation BYD\"}]},{\"@type\":\"WebSite\",\"@id\":\"http:\\\/\\\/www.capenergie.fr\\\/catalogue\\\/#website\",\"url\":\"http:\\\/\\\/www.capenergie.fr\\\/catalogue\\\/\",\"name\":\"\",\"description\":\"\",\"potentialAction\":[{\"@type\":\"SearchAction\",\"target\":{\"@type\":\"EntryPoint\",\"urlTemplate\":\"http:\\\/\\\/www.capenergie.fr\\\/catalogue\\\/?s={search_term_string}\"},\"query-input\":{\"@type\":\"PropertyValueSpecification\",\"valueRequired\":true,\"valueName\":\"search_term_string\"}}],\"inLanguage\":\"fr-FR\"}]}<\/script>\n<!-- \/ Yoast SEO plugin. -->","yoast_head_json":{"title":"Solution de stockage autoconsommation BYD batteries","description":"Solution de stockage autoconsommation BYD batterie au lithium avec les Battery-Box HV, Battery-Box LV and Battery-Box Pro offrant des performances optimales","robots":{"index":"index","follow":"follow","max-snippet":"max-snippet:-1","max-image-preview":"max-image-preview:large","max-video-preview":"max-video-preview:-1"},"canonical":"http:\/\/www.capenergie.fr\/catalogue\/photovoltaique\/autoconsommation-photovoltaique\/stockage-batterie-byd.html","og_locale":"fr_FR","og_type":"article","og_title":"Solution de stockage autoconsommation BYD batteries","og_description":"Solution de stockage autoconsommation BYD batterie au lithium avec les Battery-Box HV, Battery-Box LV and Battery-Box Pro offrant des performances optimales","og_url":"http:\/\/www.capenergie.fr\/catalogue\/photovoltaique\/autoconsommation-photovoltaique\/stockage-batterie-byd.html","article_modified_time":"2020-11-23T11:11:16+00:00","og_image":[{"url":"http:\/\/images.capenergie.fr\/produit\/photovoltaique\/autoconsommation\/stockage-autoconsommation-byd.jpg","type":"","width":"","height":""}],"twitter_misc":{"Dur\u00e9e de lecture estim\u00e9e":"3 minutes"},"schema":{"@context":"https:\/\/schema.org","@graph":[{"@type":"WebPage","@id":"http:\/\/www.capenergie.fr\/catalogue\/photovoltaique\/autoconsommation-photovoltaique\/stockage-batterie-byd.html","url":"http:\/\/www.capenergie.fr\/catalogue\/photovoltaique\/autoconsommation-photovoltaique\/stockage-batterie-byd.html","name":"Solution de stockage autoconsommation BYD batteries","isPartOf":{"@id":"http:\/\/www.capenergie.fr\/catalogue\/#website"},"primaryImageOfPage":{"@id":"http:\/\/www.capenergie.fr\/catalogue\/photovoltaique\/autoconsommation-photovoltaique\/stockage-batterie-byd.html#primaryimage"},"image":{"@id":"http:\/\/www.capenergie.fr\/catalogue\/photovoltaique\/autoconsommation-photovoltaique\/stockage-batterie-byd.html#primaryimage"},"thumbnailUrl":"http:\/\/images.capenergie.fr\/produit\/photovoltaique\/autoconsommation\/stockage-autoconsommation-byd.jpg","datePublished":"2020-03-20T10:36:17+00:00","dateModified":"2020-11-23T11:11:16+00:00","description":"Solution de stockage autoconsommation BYD batterie au lithium avec les Battery-Box HV, Battery-Box LV and Battery-Box Pro offrant des performances optimales","breadcrumb":{"@id":"http:\/\/www.capenergie.fr\/catalogue\/photovoltaique\/autoconsommation-photovoltaique\/stockage-batterie-byd.html#breadcrumb"},"inLanguage":"fr-FR","potentialAction":[{"@type":"ReadAction","target":["http:\/\/www.capenergie.fr\/catalogue\/photovoltaique\/autoconsommation-photovoltaique\/stockage-batterie-byd.html"]}]},{"@type":"ImageObject","inLanguage":"fr-FR","@id":"http:\/\/www.capenergie.fr\/catalogue\/photovoltaique\/autoconsommation-photovoltaique\/stockage-batterie-byd.html#primaryimage","url":"http:\/\/images.capenergie.fr\/produit\/photovoltaique\/autoconsommation\/stockage-autoconsommation-byd.jpg","contentUrl":"http:\/\/images.capenergie.fr\/produit\/photovoltaique\/autoconsommation\/stockage-autoconsommation-byd.jpg"},{"@type":"BreadcrumbList","@id":"http:\/\/www.capenergie.fr\/catalogue\/photovoltaique\/autoconsommation-photovoltaique\/stockage-batterie-byd.html#breadcrumb","itemListElement":[{"@type":"ListItem","position":1,"name":"Accueil","item":"http:\/\/www.capenergie.fr\/catalogue\/"},{"@type":"ListItem","position":2,"name":"Distributeur Photovolta\u00efque","item":"https:\/\/www.capenergie.fr\/catalogue\/photovoltaique.html"},{"@type":"ListItem","position":3,"name":"Autoconsommation photovolta\u00efque","item":"https:\/\/www.capenergie.fr\/catalogue\/photovoltaique\/autoconsommation-photovoltaique.html"},{"@type":"ListItem","position":4,"name":"Stockage autoconsommation BYD"}]},{"@type":"WebSite","@id":"http:\/\/www.capenergie.fr\/catalogue\/#website","url":"http:\/\/www.capenergie.fr\/catalogue\/","name":"","description":"","potentialAction":[{"@type":"SearchAction","target":{"@type":"EntryPoint","urlTemplate":"http:\/\/www.capenergie.fr\/catalogue\/?s={search_term_string}"},"query-input":{"@type":"PropertyValueSpecification","valueRequired":true,"valueName":"search_term_string"}}],"inLanguage":"fr-FR"}]}},"_links":{"self":[{"href":"https:\/\/www.capenergie.fr\/catalogue\/wp-json\/wp\/v2\/pages\/4202","targetHints":{"allow":["GET"]}}],"collection":[{"href":"https:\/\/www.capenergie.fr\/catalogue\/wp-json\/wp\/v2\/pages"}],"about":[{"href":"https:\/\/www.capenergie.fr\/catalogue\/wp-json\/wp\/v2\/types\/page"}],"author":[{"embeddable":true,"href":"https:\/\/www.capenergie.fr\/catalogue\/wp-json\/wp\/v2\/users\/1"}],"replies":[{"embeddable":true,"href":"https:\/\/www.capenergie.fr\/catalogue\/wp-json\/wp\/v2\/comments?post=4202"}],"version-history":[{"count":15,"href":"https:\/\/www.capenergie.fr\/catalogue\/wp-json\/wp\/v2\/pages\/4202\/revisions"}],"predecessor-version":[{"id":4450,"href":"https:\/\/www.capenergie.fr\/catalogue\/wp-json\/wp\/v2\/pages\/4202\/revisions\/4450"}],"up":[{"embeddable":true,"href":"https:\/\/www.capenergie.fr\/catalogue\/wp-json\/wp\/v2\/pages\/1305"}],"wp:attachment":[{"href":"https:\/\/www.capenergie.fr\/catalogue\/wp-json\/wp\/v2\/media?parent=4202"}],"curies":[{"name":"wp","href":"https:\/\/api.w.org\/{rel}","templated":true}]}}