{"id":157,"date":"2012-09-27T09:00:12","date_gmt":"2012-09-27T09:00:12","guid":{"rendered":"http:\/\/www.capenergie.fr\/catalogue3\/?page_id=157"},"modified":"2025-10-23T11:36:10","modified_gmt":"2025-10-23T09:36:10","slug":"support-a-integration","status":"publish","type":"page","link":"https:\/\/www.capenergie.fr\/catalogue\/photovoltaique\/support-a-integration.html","title":{"rendered":"Fournisseur de syst\u00e8mes de fixation pour panneaux photovolta\u00efques"},"content":{"rendered":"<div  id=\"content-box2\">\n<p>Pour l&rsquo;<a href=\"\/\" title=\"installation de panneau photovolta\u00efque\">installation de panneau photovoltaique<\/a> Cap Energie propose une gamme de solution compl\u00e8te allant du <a href=\"photovoltaique\/support-a-integration\/de-simone.html\" title=\"support de panneau solaire\">support de panneau solaire<\/a> sur mesure en aluminium permettant une <strong>inclinaison des panneaux  photovoltaiques<\/strong> optimale, au syst\u00e8me de <a href=\"\/catalogue\/photovoltaique\/support-a-integration\/systeme-pose-k2-systems.html\" title=\"fixation de panneaux photovoltaique\">fixation de  panneaux photovoltaique <\/a>, dit en surimposition. En tant que <strong data-start=\"242\" data-end=\"311\">fournisseur de syst\u00e8mes de fixation pour panneaux photovolta\u00efques<\/strong>, nous proposons une gamme compl\u00e8te de solutions adapt\u00e9es \u00e0 tous types d\u2019installations solaires. Nos structures de montage assurent une <strong data-start=\"447\" data-end=\"479\">pose rapide, s\u00fbre et durable<\/strong> sur toitures inclin\u00e9es, plates ou en bac acier. Con\u00e7us pour r\u00e9sister aux conditions climatiques les plus exigeantes, nos syst\u00e8mes de fixation garantissent la <strong data-start=\"638\" data-end=\"669\">stabilit\u00e9 et la performance<\/strong> de vos installations photovolta\u00efques sur le long terme. Gr\u00e2ce \u00e0 notre expertise technique et \u00e0 un accompagnement personnalis\u00e9, nous aidons les professionnels du solaire \u00e0 choisir la solution la plus adapt\u00e9e \u00e0 chaque projet.<br \/>\nL&rsquo;installation d&rsquo;un panneau solaire photovoltaique, sur toiture traditionnelle, plate ou toit terrasse, en brise soleil ou au sol est optimis\u00e9e en terme de rendement d\u00e9s lors que le syst\u00e8me de <a href=\"photovoltaique\/support-a-integration\/renusol.html\" title=\"fixation de panneau solaire\">fixation de panneau solaire<\/a> est \u00e9tudi\u00e9 en fonction des diff\u00e9rentes contraintes sur le terrain : Zone de masque, exposition, inclinaison de la toiture&#8230; Cap Energie garantie une solution de pose de panneaux photovoltaique pour toute configuration !<\/p>\n<\/div>\n<div class=\"extrait-article\">\n<h2><a href=\"https:\/\/www.capenergie.fr\/catalogue\/photovoltaique\/support-a-integration\/systeme-pose-mecosun.html\" rel=\"bookmark\" title=\"Syst\u00e8me support panneau photovolta\u00efque Mecosun\">Syst\u00e8me support panneau photovolta\u00efque Mecosun<\/a><\/h2>\n<p> <img loading=\"lazy\" decoding=\"async\" class=\"img-article\" title=\"Syst\u00e8me support panneau photovolta\u00efque Mecosun\" src=\"http:\/\/images.capenergie.fr\/produit\/photovoltaique\/mecosun\/mecosun.jpg\" alt=\"Syst\u00e8me support panneau photovolta\u00efque Mecosun\" width=\"125\" height=\"125\" \/><\/p>\n<p>Cap Energie distributeur officiel Mecosun propose la gamme compl\u00e8te de solution de support et pose de panneaux photovolta\u00efques r\u00e9pondant aux normes et r\u00e9glementations en vigueur pour toiture maison individuelle, locaux industriels, commerciaux et agricoles.<br \/>\nMecosun pour toitures en fribrociment, ombri\u00e8res, charpente nue, serre agricole (&#8230;)<\/p>\n<div id=\"butt\" class=\"butt-prod1\" align=\"center\"><a href=\"https:\/\/www.capenergie.fr\/catalogue\/photovoltaique\/support-a-integration\/systeme-pose-mecosun.html\" rel=\"bookmark\" title=\"Syst\u00e8me support panneau photovolta\u00efque Mecosun\">Lire la suite<\/a><\/div>\n<\/div>\n<div class=\"extrait-article\">\n<h2><a href=\"https:\/\/www.capenergie.fr\/catalogue\/photovoltaique\/support-a-integration\/pergola-solaire-photovoltaique-psb.html\" rel=\"bookmark\" title=\"Pergola solaire photovolta\u00efque PSB+\">Pergola solaire photovolta\u00efque PSB+<\/a><\/h2>\n<p> <img loading=\"lazy\" decoding=\"async\" class=\"img-article\" title=\"Pergola solaire photovolta\u00efque PSB+\" src=\"http:\/\/images.capenergie.fr\/produit\/photovoltaique\/moduland\/pergola-solaire.jpg\" alt=\"Pergola solaire photovolta\u00efque PSB+\" width=\"125\" height=\"125\" \/><\/p>\n<p>CapEnergie distributeur officiel Moduland propose la gamme compl\u00e8te de pergola solaire de type PSB+. La pergola solaire PSB+ offre une parfaite protection thermique contre la chaleur solaire tout en produisant de l&rsquo;\u00e9lectricit\u00e9 via un champ photovolta\u00efque tout au long de l&rsquo;ann\u00e9e. Positionn\u00e9e contre la fa\u00e7ade de l&rsquo;habitat ou au centre du  (&#8230;)<\/p>\n<div id=\"butt\" class=\"butt-prod1\" align=\"center\"><a href=\"https:\/\/www.capenergie.fr\/catalogue\/photovoltaique\/support-a-integration\/pergola-solaire-photovoltaique-psb.html\" rel=\"bookmark\" title=\"Pergola solaire photovolta\u00efque PSB+\">Lire la suite<\/a><\/div>\n<\/div>\n<div class=\"extrait-article\">\n<h2><a href=\"https:\/\/www.capenergie.fr\/catalogue\/photovoltaique\/support-a-integration\/systeme-pose-k2-systems.html\" rel=\"bookmark\" title=\"Syst\u00e8me fixation photovolta\u00efque K2 Systems\">Syst\u00e8me fixation photovolta\u00efque K2 Systems<\/a><\/h2>\n<p> <img loading=\"lazy\" decoding=\"async\" class=\"img-article\" title=\"Syst\u00e8me fixation photovolta\u00efque K2 Systems\" src=\"http:\/\/images.capenergie.fr\/produit\/photovoltaique\/k2-systems\/k2-systems.jpg\" alt=\"Syst\u00e8me fixation photovolta\u00efque K2 Systems\" width=\"125\" height=\"125\" \/><\/p>\n<p>Cap Energie distributeur officiel K2 Systems propose la gamme compl\u00e8te de solution de support et pose de panneaux photovolta\u00efques r\u00e9pondant aux normes et r\u00e9glementations en vigueur pour toiture maison individuelle, locaux industriels, commerciaux et agricoles.<br \/>\nK2 Systems pour toitures terrasse, ondul\u00e9e en fribrociment, tuiles, bacacier, plein champ, t\u00f4le \u00e0 joint debout (&#8230;)<\/p>\n<div id=\"butt\" class=\"butt-prod1\" align=\"center\"><a href=\"https:\/\/www.capenergie.fr\/catalogue\/photovoltaique\/support-a-integration\/systeme-pose-k2-systems.html\" rel=\"bookmark\" title=\"Syst\u00e8me fixation photovolta\u00efque K2 Systems\">Lire la suite<\/a><\/div>\n<\/div>\n<div class=\"extrait-article\">\n<h2><a href=\"https:\/\/www.capenergie.fr\/catalogue\/photovoltaique\/support-a-integration\/pergola-solaire-pergosolar.html\" rel=\"bookmark\" title=\"Pergola Solaire : Pergosolar IRFTS\">Pergola Solaire : Pergosolar IRFTS<\/a><\/h2>\n<p> <img loading=\"lazy\" decoding=\"async\" loading=\"lazy\" class=\"img-article\" title=\"Pergola Solaire : Pergosolar IRFTS\" src=\"http:\/\/images.capenergie.fr\/produit\/photovoltaique\/irfts\/pergosolar.jpg\" alt=\"Pergola Solaire : Pergosolar IRFTS\" width=\"125\" height=\"125\" \/><\/p>\n<p>Cap Energie distributeur officiel IRFTS propose la gamme compl\u00e8te de pergola solaire en kit de type Pergosolar.<br \/>\n PERGOSOLAR offre un niveau \u00e9lev\u00e9 de bien-\u00eatre thermique 365 jours par an. Fix\u00e9e en fa\u00e7ade de villa ou au centre du jardin, PERGOSOLAR offre la possibilit\u00e9 d&rsquo;ajouter ais\u00e9ment une zone de loisir suppl\u00e9mentaire \u00e0 un habitat (&#8230;)<\/p>\n<div id=\"butt\" class=\"butt-prod1\" align=\"center\"><a href=\"https:\/\/www.capenergie.fr\/catalogue\/photovoltaique\/support-a-integration\/pergola-solaire-pergosolar.html\" rel=\"bookmark\" title=\"Pergola Solaire : Pergosolar IRFTS\">Lire la suite<\/a><\/div>\n<\/div>\n<div class=\"extrait-article\">\n<h2><a href=\"https:\/\/www.capenergie.fr\/catalogue\/photovoltaique\/support-a-integration\/renusol.html\" rel=\"bookmark\" title=\"Int\u00e9gration photovolta\u00efque Renusol\">Int\u00e9gration photovolta\u00efque Renusol<\/a><\/h2>\n<p> <img loading=\"lazy\" decoding=\"async\" loading=\"lazy\" class=\"img-article\" title=\"Int\u00e9gration photovolta\u00efque Renusol\" src=\"http:\/\/images.capenergie.fr\/produit\/photovoltaique\/renusol\/renusol.jpg\" alt=\"Int\u00e9gration photovolta\u00efque Renusol\" width=\"125\" height=\"125\" \/><\/p>\n<p>Cap Energie officiellement distributeur de syst\u00e8me d&rsquo;int\u00e9gration photovolta\u00efque et support photovolta\u00efque Renusol con\u00e7u pour diff\u00e9rentes applications.<br \/>\nLa Gamme Renusol Cap Energie est compos\u00e9e de 4 types de produits Renusol adapt\u00e9s aux diff\u00e9rentes contraintes en terme de support et int\u00e9gration : Int\u00e9gration compl\u00e8te au b\u00e2ti avec Intrasole SR (&#8230;)<\/p>\n<div id=\"butt\" class=\"butt-prod1\" align=\"center\"><a href=\"https:\/\/www.capenergie.fr\/catalogue\/photovoltaique\/support-a-integration\/renusol.html\" rel=\"bookmark\" title=\"Int\u00e9gration photovolta\u00efque Renusol\">Lire la suite<\/a><\/div>\n<\/div>\n<div class=\"extrait-article\">\n<h2><a href=\"https:\/\/www.capenergie.fr\/catalogue\/photovoltaique\/support-a-integration\/solarsit.html\" rel=\"bookmark\" title=\"Syst\u00e8me Int\u00e9gration Coveo 1030\">Syst\u00e8me Int\u00e9gration Coveo 1030<\/a><\/h2>\n<p> <img loading=\"lazy\" decoding=\"async\" loading=\"lazy\" class=\"img-article\" title=\"Syst\u00e8me Int\u00e9gration Coveo 1030\" src=\"http:\/\/images.capenergie.fr\/produit\/photovoltaique\/bacacier\/coveo-30.jpg\" alt=\"Syst\u00e8me Int\u00e9gration Coveo 1030\" width=\"125\" height=\"125\" \/><\/p>\n<p>La plaque BACACIER COVEO 1030 est un profil de couverture en m\u00e9tal dot\u00e9 de nervures, le COVEO 1030 est con\u00e7u et d\u00e9di\u00e9 \u00e0 la mise en oeuvre de couvertures s\u00e8ches. <br \/>\n Les t\u00f4les COVEO au profil trap\u00e9zo\u00efdal permettent de rev\u00eatir toute sorte  de toitures neuves ou en (&#8230;)<\/p>\n<div id=\"butt\" class=\"butt-prod1\" align=\"center\"><a href=\"https:\/\/www.capenergie.fr\/catalogue\/photovoltaique\/support-a-integration\/solarsit.html\" rel=\"bookmark\" title=\"Syst\u00e8me Int\u00e9gration Coveo 1030\">Lire la suite<\/a><\/div>\n<\/div>\n<div class=\"extrait-article\">\n<h2><a href=\"https:\/\/www.capenergie.fr\/catalogue\/photovoltaique\/support-a-integration\/kogysun.html\" rel=\"bookmark\" title=\"Int\u00e9gration photovolta\u00efque Kogysun\">Int\u00e9gration photovolta\u00efque Kogysun<\/a><\/h2>\n<p> <img loading=\"lazy\" decoding=\"async\" loading=\"lazy\" class=\"img-article\" title=\"Int\u00e9gration photovolta\u00efque Kogysun\" src=\"http:\/\/images.capenergie.fr\/produit\/photovoltaique\/kogysun\/kogysun.jpg\" alt=\"Int\u00e9gration photovolta\u00efque Kogysun\" width=\"125\" height=\"125\" \/><\/p>\n<p>Cap Energie distributeur officiel Kogysun propose ce syst\u00e8me 100% fran\u00e7ais r\u00e9pondant aux normes et r\u00e9glementations en vigueur pour toiture maison individuelle, locaux industriels, commerciaux et agricoles.<br \/>\nKogysun est un syst\u00e8me d&rsquo;int\u00e9gration au bati de panneaux photovolta\u00efques en to\u00eet inclin\u00e9, garantissant une totale \u00e9tanch\u00e9it\u00e9 (&#8230;)<\/p>\n<div id=\"butt\" class=\"butt-prod1\" align=\"center\"><a href=\"https:\/\/www.capenergie.fr\/catalogue\/photovoltaique\/support-a-integration\/kogysun.html\" rel=\"bookmark\" title=\"Int\u00e9gration photovolta\u00efque Kogysun\">Lire la suite<\/a><\/div>\n<\/div>\n","protected":false},"excerpt":{"rendered":"<p>Pour l&rsquo;installation de panneau photovoltaique Cap Energie propose une gamme de solution compl\u00e8te allant du support de panneau solaire sur mesure en aluminium permettant une inclinaison des panneaux photovoltaiques optimale, au syst\u00e8me de fixation de panneaux photovoltaique , dit en surimposition. En tant que fournisseur de syst\u00e8mes de fixation pour panneaux photovolta\u00efques, nous proposons une&hellip;&nbsp;<a href=\"https:\/\/www.capenergie.fr\/catalogue\/photovoltaique\/support-a-integration\/kogysun.html\" rel=\"bookmark\"><span class=\"screen-reader-text\">Int\u00e9gration photovolta\u00efque Kogysun<\/span><\/a><\/p>\n","protected":false},"author":1,"featured_media":0,"parent":2,"menu_order":0,"comment_status":"closed","ping_status":"closed","template":"","meta":{"neve_meta_sidebar":"","neve_meta_container":"","neve_meta_enable_content_width":"off","neve_meta_content_width":100,"neve_meta_title_alignment":"","neve_meta_author_avatar":"","neve_post_elements_order":"","neve_meta_disable_header":"","neve_meta_disable_footer":"","neve_meta_disable_title":"","ngg_post_thumbnail":0,"_themeisle_gutenberg_block_has_review":false,"footnotes":""},"class_list":["post-157","page","type-page","status-publish","hentry"],"yoast_head":"<!-- This site is optimized with the Yoast SEO plugin v27.3 - https:\/\/yoast.com\/product\/yoast-seo-wordpress\/ -->\n<title>Fournisseur de syst\u00e8mes de fixation pour panneaux photovolta\u00efques<\/title>\n<meta name=\"description\" content=\"Sp\u00e9cialiste des syst\u00e8mes de fixation pour panneaux photovolta\u00efques, Capenergie fournit aux professionnels des solutions fiables, durables et simples \u00e0 installer, adapt\u00e9es \u00e0 tous types de toitures et structures solaires.\" \/>\n<meta name=\"robots\" content=\"index, follow, max-snippet:-1, max-image-preview:large, max-video-preview:-1\" \/>\n<link rel=\"canonical\" href=\"https:\/\/www.capenergie.fr\/catalogue\/photovoltaique\/support-a-integration.html\" \/>\n<meta property=\"og:locale\" content=\"fr_FR\" \/>\n<meta property=\"og:type\" content=\"article\" \/>\n<meta property=\"og:title\" content=\"Fournisseur de syst\u00e8mes de fixation pour panneaux photovolta\u00efques\" \/>\n<meta property=\"og:description\" content=\"Sp\u00e9cialiste des syst\u00e8mes de fixation pour panneaux photovolta\u00efques, Capenergie fournit aux professionnels des solutions fiables, durables et simples \u00e0 installer, adapt\u00e9es \u00e0 tous types de toitures et structures solaires.\" \/>\n<meta property=\"og:url\" content=\"https:\/\/www.capenergie.fr\/catalogue\/photovoltaique\/support-a-integration.html\" \/>\n<meta property=\"article:modified_time\" content=\"2025-10-23T09:36:10+00:00\" \/>\n<meta name=\"twitter:label1\" content=\"Dur\u00e9e de lecture estim\u00e9e\" \/>\n\t<meta name=\"twitter:data1\" content=\"1 minute\" \/>\n<script type=\"application\/ld+json\" class=\"yoast-schema-graph\">{\"@context\":\"https:\\\/\\\/schema.org\",\"@graph\":[{\"@type\":\"WebPage\",\"@id\":\"https:\\\/\\\/www.capenergie.fr\\\/catalogue\\\/photovoltaique\\\/support-a-integration.html\",\"url\":\"https:\\\/\\\/www.capenergie.fr\\\/catalogue\\\/photovoltaique\\\/support-a-integration.html\",\"name\":\"Fournisseur de syst\u00e8mes de fixation pour panneaux photovolta\u00efques\",\"isPartOf\":{\"@id\":\"http:\\\/\\\/www.capenergie.fr\\\/catalogue\\\/#website\"},\"datePublished\":\"2012-09-27T09:00:12+00:00\",\"dateModified\":\"2025-10-23T09:36:10+00:00\",\"description\":\"Sp\u00e9cialiste des syst\u00e8mes de fixation pour panneaux photovolta\u00efques, Capenergie fournit aux professionnels des solutions fiables, durables et simples \u00e0 installer, adapt\u00e9es \u00e0 tous types de toitures et structures solaires.\",\"breadcrumb\":{\"@id\":\"https:\\\/\\\/www.capenergie.fr\\\/catalogue\\\/photovoltaique\\\/support-a-integration.html#breadcrumb\"},\"inLanguage\":\"fr-FR\",\"potentialAction\":[{\"@type\":\"ReadAction\",\"target\":[\"https:\\\/\\\/www.capenergie.fr\\\/catalogue\\\/photovoltaique\\\/support-a-integration.html\"]}]},{\"@type\":\"BreadcrumbList\",\"@id\":\"https:\\\/\\\/www.capenergie.fr\\\/catalogue\\\/photovoltaique\\\/support-a-integration.html#breadcrumb\",\"itemListElement\":[{\"@type\":\"ListItem\",\"position\":1,\"name\":\"Accueil\",\"item\":\"http:\\\/\\\/www.capenergie.fr\\\/catalogue\\\/\"},{\"@type\":\"ListItem\",\"position\":2,\"name\":\"Distributeur Photovolta\u00efque\",\"item\":\"https:\\\/\\\/www.capenergie.fr\\\/catalogue\\\/photovoltaique.html\"},{\"@type\":\"ListItem\",\"position\":3,\"name\":\"Fournisseur de syst\u00e8mes de fixation pour panneaux photovolta\u00efques\"}]},{\"@type\":\"WebSite\",\"@id\":\"http:\\\/\\\/www.capenergie.fr\\\/catalogue\\\/#website\",\"url\":\"http:\\\/\\\/www.capenergie.fr\\\/catalogue\\\/\",\"name\":\"\",\"description\":\"\",\"potentialAction\":[{\"@type\":\"SearchAction\",\"target\":{\"@type\":\"EntryPoint\",\"urlTemplate\":\"http:\\\/\\\/www.capenergie.fr\\\/catalogue\\\/?s={search_term_string}\"},\"query-input\":{\"@type\":\"PropertyValueSpecification\",\"valueRequired\":true,\"valueName\":\"search_term_string\"}}],\"inLanguage\":\"fr-FR\"}]}<\/script>\n<!-- \/ Yoast SEO plugin. -->","yoast_head_json":{"title":"Fournisseur de syst\u00e8mes de fixation pour panneaux photovolta\u00efques","description":"Sp\u00e9cialiste des syst\u00e8mes de fixation pour panneaux photovolta\u00efques, Capenergie fournit aux professionnels des solutions fiables, durables et simples \u00e0 installer, adapt\u00e9es \u00e0 tous types de toitures et structures solaires.","robots":{"index":"index","follow":"follow","max-snippet":"max-snippet:-1","max-image-preview":"max-image-preview:large","max-video-preview":"max-video-preview:-1"},"canonical":"https:\/\/www.capenergie.fr\/catalogue\/photovoltaique\/support-a-integration.html","og_locale":"fr_FR","og_type":"article","og_title":"Fournisseur de syst\u00e8mes de fixation pour panneaux photovolta\u00efques","og_description":"Sp\u00e9cialiste des syst\u00e8mes de fixation pour panneaux photovolta\u00efques, Capenergie fournit aux professionnels des solutions fiables, durables et simples \u00e0 installer, adapt\u00e9es \u00e0 tous types de toitures et structures solaires.","og_url":"https:\/\/www.capenergie.fr\/catalogue\/photovoltaique\/support-a-integration.html","article_modified_time":"2025-10-23T09:36:10+00:00","twitter_misc":{"Dur\u00e9e de lecture estim\u00e9e":"1 minute"},"schema":{"@context":"https:\/\/schema.org","@graph":[{"@type":"WebPage","@id":"https:\/\/www.capenergie.fr\/catalogue\/photovoltaique\/support-a-integration.html","url":"https:\/\/www.capenergie.fr\/catalogue\/photovoltaique\/support-a-integration.html","name":"Fournisseur de syst\u00e8mes de fixation pour panneaux photovolta\u00efques","isPartOf":{"@id":"http:\/\/www.capenergie.fr\/catalogue\/#website"},"datePublished":"2012-09-27T09:00:12+00:00","dateModified":"2025-10-23T09:36:10+00:00","description":"Sp\u00e9cialiste des syst\u00e8mes de fixation pour panneaux photovolta\u00efques, Capenergie fournit aux professionnels des solutions fiables, durables et simples \u00e0 installer, adapt\u00e9es \u00e0 tous types de toitures et structures solaires.","breadcrumb":{"@id":"https:\/\/www.capenergie.fr\/catalogue\/photovoltaique\/support-a-integration.html#breadcrumb"},"inLanguage":"fr-FR","potentialAction":[{"@type":"ReadAction","target":["https:\/\/www.capenergie.fr\/catalogue\/photovoltaique\/support-a-integration.html"]}]},{"@type":"BreadcrumbList","@id":"https:\/\/www.capenergie.fr\/catalogue\/photovoltaique\/support-a-integration.html#breadcrumb","itemListElement":[{"@type":"ListItem","position":1,"name":"Accueil","item":"http:\/\/www.capenergie.fr\/catalogue\/"},{"@type":"ListItem","position":2,"name":"Distributeur Photovolta\u00efque","item":"https:\/\/www.capenergie.fr\/catalogue\/photovoltaique.html"},{"@type":"ListItem","position":3,"name":"Fournisseur de syst\u00e8mes de fixation pour panneaux photovolta\u00efques"}]},{"@type":"WebSite","@id":"http:\/\/www.capenergie.fr\/catalogue\/#website","url":"http:\/\/www.capenergie.fr\/catalogue\/","name":"","description":"","potentialAction":[{"@type":"SearchAction","target":{"@type":"EntryPoint","urlTemplate":"http:\/\/www.capenergie.fr\/catalogue\/?s={search_term_string}"},"query-input":{"@type":"PropertyValueSpecification","valueRequired":true,"valueName":"search_term_string"}}],"inLanguage":"fr-FR"}]}},"_links":{"self":[{"href":"https:\/\/www.capenergie.fr\/catalogue\/wp-json\/wp\/v2\/pages\/157","targetHints":{"allow":["GET"]}}],"collection":[{"href":"https:\/\/www.capenergie.fr\/catalogue\/wp-json\/wp\/v2\/pages"}],"about":[{"href":"https:\/\/www.capenergie.fr\/catalogue\/wp-json\/wp\/v2\/types\/page"}],"author":[{"embeddable":true,"href":"https:\/\/www.capenergie.fr\/catalogue\/wp-json\/wp\/v2\/users\/1"}],"replies":[{"embeddable":true,"href":"https:\/\/www.capenergie.fr\/catalogue\/wp-json\/wp\/v2\/comments?post=157"}],"version-history":[{"count":14,"href":"https:\/\/www.capenergie.fr\/catalogue\/wp-json\/wp\/v2\/pages\/157\/revisions"}],"predecessor-version":[{"id":5911,"href":"https:\/\/www.capenergie.fr\/catalogue\/wp-json\/wp\/v2\/pages\/157\/revisions\/5911"}],"up":[{"embeddable":true,"href":"https:\/\/www.capenergie.fr\/catalogue\/wp-json\/wp\/v2\/pages\/2"}],"wp:attachment":[{"href":"https:\/\/www.capenergie.fr\/catalogue\/wp-json\/wp\/v2\/media?parent=157"}],"curies":[{"name":"wp","href":"https:\/\/api.w.org\/{rel}","templated":true}]}}