{"id":970,"date":"2013-02-19T12:09:47","date_gmt":"2013-02-19T11:09:47","guid":{"rendered":"http:\/\/www.capenergie.fr\/catalogue\/?page_id=970"},"modified":"2021-07-15T09:12:32","modified_gmt":"2021-07-15T07:12:32","slug":"lampadaire-solaire","status":"publish","type":"page","link":"http:\/\/www.capenergie.fr\/catalogue\/photos-a-referenes\/lampadaire-solaire.html","title":{"rendered":"Lampadaire solaire"},"content":{"rendered":"ngg_shortcode_0_placeholder\n","protected":false},"excerpt":{"rendered":"","protected":false},"author":1,"featured_media":0,"parent":19,"menu_order":0,"comment_status":"closed","ping_status":"closed","template":"","meta":{"neve_meta_sidebar":"","neve_meta_container":"","neve_meta_enable_content_width":"","neve_meta_content_width":0,"neve_meta_title_alignment":"","neve_meta_author_avatar":"","neve_post_elements_order":"","neve_meta_disable_header":"","neve_meta_disable_footer":"","neve_meta_disable_title":"","ngg_post_thumbnail":0,"_themeisle_gutenberg_block_has_review":false,"footnotes":""},"class_list":["post-970","page","type-page","status-publish","hentry"],"yoast_head":"<!-- This site is optimized with the Yoast SEO plugin v27.5 - https:\/\/yoast.com\/product\/yoast-seo-wordpress\/ -->\n<title>Eclairage photovolta\u00efque et Lampadaire et r\u00e9verb\u00e8re solaire<\/title>\n<meta name=\"description\" content=\"Exemple d&#039;installation d\u2019\u00e9clairage photovolta\u00efque et Lampadaire et r\u00e9verb\u00e8re solaire avec la gamme de Lampadaire solaire distribu\u00e9e par la soci\u00e9t\u00e9 sp\u00e9cialis\u00e9e Cap Energie\" \/>\n<meta name=\"robots\" content=\"index, follow, max-snippet:-1, max-image-preview:large, max-video-preview:-1\" \/>\n<link rel=\"canonical\" href=\"http:\/\/www.capenergie.fr\/catalogue\/photos-a-referenes\/lampadaire-solaire.html\" \/>\n<meta property=\"og:locale\" content=\"fr_FR\" \/>\n<meta property=\"og:type\" content=\"article\" \/>\n<meta property=\"og:title\" content=\"Eclairage photovolta\u00efque et Lampadaire et r\u00e9verb\u00e8re solaire\" \/>\n<meta property=\"og:description\" content=\"Exemple d&#039;installation d\u2019\u00e9clairage photovolta\u00efque et Lampadaire et r\u00e9verb\u00e8re solaire avec la gamme de Lampadaire solaire distribu\u00e9e par la soci\u00e9t\u00e9 sp\u00e9cialis\u00e9e Cap Energie\" \/>\n<meta property=\"og:url\" content=\"http:\/\/www.capenergie.fr\/catalogue\/photos-a-referenes\/lampadaire-solaire.html\" \/>\n<meta property=\"article:modified_time\" content=\"2021-07-15T07:12:32+00:00\" \/>\n<script type=\"application\/ld+json\" class=\"yoast-schema-graph\">{\"@context\":\"https:\\\/\\\/schema.org\",\"@graph\":[{\"@type\":\"WebPage\",\"@id\":\"http:\\\/\\\/www.capenergie.fr\\\/catalogue\\\/photos-a-referenes\\\/lampadaire-solaire.html\",\"url\":\"http:\\\/\\\/www.capenergie.fr\\\/catalogue\\\/photos-a-referenes\\\/lampadaire-solaire.html\",\"name\":\"Eclairage photovolta\u00efque et Lampadaire et r\u00e9verb\u00e8re solaire\",\"isPartOf\":{\"@id\":\"https:\\\/\\\/www.capenergie.fr\\\/catalogue\\\/#website\"},\"datePublished\":\"2013-02-19T11:09:47+00:00\",\"dateModified\":\"2021-07-15T07:12:32+00:00\",\"description\":\"Exemple d'installation d\u2019\u00e9clairage photovolta\u00efque et Lampadaire et r\u00e9verb\u00e8re solaire avec la gamme de Lampadaire solaire distribu\u00e9e par la soci\u00e9t\u00e9 sp\u00e9cialis\u00e9e Cap Energie\",\"breadcrumb\":{\"@id\":\"http:\\\/\\\/www.capenergie.fr\\\/catalogue\\\/photos-a-referenes\\\/lampadaire-solaire.html#breadcrumb\"},\"inLanguage\":\"fr-FR\",\"potentialAction\":[{\"@type\":\"ReadAction\",\"target\":[\"http:\\\/\\\/www.capenergie.fr\\\/catalogue\\\/photos-a-referenes\\\/lampadaire-solaire.html\"]}]},{\"@type\":\"BreadcrumbList\",\"@id\":\"http:\\\/\\\/www.capenergie.fr\\\/catalogue\\\/photos-a-referenes\\\/lampadaire-solaire.html#breadcrumb\",\"itemListElement\":[{\"@type\":\"ListItem\",\"position\":1,\"name\":\"Accueil\",\"item\":\"https:\\\/\\\/www.capenergie.fr\\\/catalogue\\\/\"},{\"@type\":\"ListItem\",\"position\":2,\"name\":\"Photos\",\"item\":\"http:\\\/\\\/www.capenergie.fr\\\/catalogue\\\/photos-a-referenes.html\"},{\"@type\":\"ListItem\",\"position\":3,\"name\":\"Lampadaire solaire\"}]},{\"@type\":\"WebSite\",\"@id\":\"https:\\\/\\\/www.capenergie.fr\\\/catalogue\\\/#website\",\"url\":\"https:\\\/\\\/www.capenergie.fr\\\/catalogue\\\/\",\"name\":\"\",\"description\":\"\",\"potentialAction\":[{\"@type\":\"SearchAction\",\"target\":{\"@type\":\"EntryPoint\",\"urlTemplate\":\"https:\\\/\\\/www.capenergie.fr\\\/catalogue\\\/?s={search_term_string}\"},\"query-input\":{\"@type\":\"PropertyValueSpecification\",\"valueRequired\":true,\"valueName\":\"search_term_string\"}}],\"inLanguage\":\"fr-FR\"}]}<\/script>\n<!-- \/ Yoast SEO plugin. -->","yoast_head_json":{"title":"Eclairage photovolta\u00efque et Lampadaire et r\u00e9verb\u00e8re solaire","description":"Exemple d'installation d\u2019\u00e9clairage photovolta\u00efque et Lampadaire et r\u00e9verb\u00e8re solaire avec la gamme de Lampadaire solaire distribu\u00e9e par la soci\u00e9t\u00e9 sp\u00e9cialis\u00e9e Cap Energie","robots":{"index":"index","follow":"follow","max-snippet":"max-snippet:-1","max-image-preview":"max-image-preview:large","max-video-preview":"max-video-preview:-1"},"canonical":"http:\/\/www.capenergie.fr\/catalogue\/photos-a-referenes\/lampadaire-solaire.html","og_locale":"fr_FR","og_type":"article","og_title":"Eclairage photovolta\u00efque et Lampadaire et r\u00e9verb\u00e8re solaire","og_description":"Exemple d'installation d\u2019\u00e9clairage photovolta\u00efque et Lampadaire et r\u00e9verb\u00e8re solaire avec la gamme de Lampadaire solaire distribu\u00e9e par la soci\u00e9t\u00e9 sp\u00e9cialis\u00e9e Cap Energie","og_url":"http:\/\/www.capenergie.fr\/catalogue\/photos-a-referenes\/lampadaire-solaire.html","article_modified_time":"2021-07-15T07:12:32+00:00","schema":{"@context":"https:\/\/schema.org","@graph":[{"@type":"WebPage","@id":"http:\/\/www.capenergie.fr\/catalogue\/photos-a-referenes\/lampadaire-solaire.html","url":"http:\/\/www.capenergie.fr\/catalogue\/photos-a-referenes\/lampadaire-solaire.html","name":"Eclairage photovolta\u00efque et Lampadaire et r\u00e9verb\u00e8re solaire","isPartOf":{"@id":"https:\/\/www.capenergie.fr\/catalogue\/#website"},"datePublished":"2013-02-19T11:09:47+00:00","dateModified":"2021-07-15T07:12:32+00:00","description":"Exemple d'installation d\u2019\u00e9clairage photovolta\u00efque et Lampadaire et r\u00e9verb\u00e8re solaire avec la gamme de Lampadaire solaire distribu\u00e9e par la soci\u00e9t\u00e9 sp\u00e9cialis\u00e9e Cap Energie","breadcrumb":{"@id":"http:\/\/www.capenergie.fr\/catalogue\/photos-a-referenes\/lampadaire-solaire.html#breadcrumb"},"inLanguage":"fr-FR","potentialAction":[{"@type":"ReadAction","target":["http:\/\/www.capenergie.fr\/catalogue\/photos-a-referenes\/lampadaire-solaire.html"]}]},{"@type":"BreadcrumbList","@id":"http:\/\/www.capenergie.fr\/catalogue\/photos-a-referenes\/lampadaire-solaire.html#breadcrumb","itemListElement":[{"@type":"ListItem","position":1,"name":"Accueil","item":"https:\/\/www.capenergie.fr\/catalogue\/"},{"@type":"ListItem","position":2,"name":"Photos","item":"http:\/\/www.capenergie.fr\/catalogue\/photos-a-referenes.html"},{"@type":"ListItem","position":3,"name":"Lampadaire solaire"}]},{"@type":"WebSite","@id":"https:\/\/www.capenergie.fr\/catalogue\/#website","url":"https:\/\/www.capenergie.fr\/catalogue\/","name":"","description":"","potentialAction":[{"@type":"SearchAction","target":{"@type":"EntryPoint","urlTemplate":"https:\/\/www.capenergie.fr\/catalogue\/?s={search_term_string}"},"query-input":{"@type":"PropertyValueSpecification","valueRequired":true,"valueName":"search_term_string"}}],"inLanguage":"fr-FR"}]}},"_links":{"self":[{"href":"http:\/\/www.capenergie.fr\/catalogue\/wp-json\/wp\/v2\/pages\/970","targetHints":{"allow":["GET"]}}],"collection":[{"href":"http:\/\/www.capenergie.fr\/catalogue\/wp-json\/wp\/v2\/pages"}],"about":[{"href":"http:\/\/www.capenergie.fr\/catalogue\/wp-json\/wp\/v2\/types\/page"}],"author":[{"embeddable":true,"href":"http:\/\/www.capenergie.fr\/catalogue\/wp-json\/wp\/v2\/users\/1"}],"replies":[{"embeddable":true,"href":"http:\/\/www.capenergie.fr\/catalogue\/wp-json\/wp\/v2\/comments?post=970"}],"version-history":[{"count":2,"href":"http:\/\/www.capenergie.fr\/catalogue\/wp-json\/wp\/v2\/pages\/970\/revisions"}],"predecessor-version":[{"id":4614,"href":"http:\/\/www.capenergie.fr\/catalogue\/wp-json\/wp\/v2\/pages\/970\/revisions\/4614"}],"up":[{"embeddable":true,"href":"http:\/\/www.capenergie.fr\/catalogue\/wp-json\/wp\/v2\/pages\/19"}],"wp:attachment":[{"href":"http:\/\/www.capenergie.fr\/catalogue\/wp-json\/wp\/v2\/media?parent=970"}],"curies":[{"name":"wp","href":"https:\/\/api.w.org\/{rel}","templated":true}]}}