{"id":966,"date":"2013-02-19T11:34:40","date_gmt":"2013-02-19T10:34:40","guid":{"rendered":"http:\/\/www.capenergie.fr\/catalogue\/?page_id=966"},"modified":"2013-02-19T11:34:40","modified_gmt":"2013-02-19T10:34:40","slug":"installations-sur-toit-plat","status":"publish","type":"page","link":"http:\/\/www.capenergie.fr\/catalogue\/photos-a-referenes\/installations-sur-toit-plat.html","title":{"rendered":"Installations sur to\u00eet plat"},"content":{"rendered":"ngg_shortcode_0_placeholder\n","protected":false},"excerpt":{"rendered":"","protected":false},"author":1,"featured_media":0,"parent":19,"menu_order":0,"comment_status":"closed","ping_status":"closed","template":"sidebar-page.php","meta":{"neve_meta_sidebar":"","neve_meta_container":"","neve_meta_enable_content_width":"","neve_meta_content_width":0,"neve_meta_title_alignment":"","neve_meta_author_avatar":"","neve_post_elements_order":"","neve_meta_disable_header":"","neve_meta_disable_footer":"","neve_meta_disable_title":"","ngg_post_thumbnail":0,"_themeisle_gutenberg_block_has_review":false,"footnotes":""},"class_list":["post-966","page","type-page","status-publish","hentry"],"yoast_head":"<!-- This site is optimized with the Yoast SEO plugin v27.3 - https:\/\/yoast.com\/product\/yoast-seo-wordpress\/ -->\n<title>Installations photovolta\u00efques sur to\u00eet plat<\/title>\n<meta name=\"description\" content=\"R\u00e9f\u00e9rences d&#039;Installations photovolta\u00efques sur to\u00eet plat r\u00e9alis\u00e9es par des installateurs sp\u00e9cialis\u00e9s utilisant la gamme de produits Cap energie distributeur photovolta\u00efque\" \/>\n<meta name=\"robots\" content=\"index, follow, max-snippet:-1, max-image-preview:large, max-video-preview:-1\" \/>\n<link rel=\"canonical\" href=\"https:\/\/www.capenergie.fr\/catalogue\/photos-a-referenes\/installations-sur-toit-plat.html\" \/>\n<meta property=\"og:locale\" content=\"fr_FR\" \/>\n<meta property=\"og:type\" content=\"article\" \/>\n<meta property=\"og:title\" content=\"Installations photovolta\u00efques sur to\u00eet plat\" \/>\n<meta property=\"og:description\" content=\"R\u00e9f\u00e9rences d&#039;Installations photovolta\u00efques sur to\u00eet plat r\u00e9alis\u00e9es par des installateurs sp\u00e9cialis\u00e9s utilisant la gamme de produits Cap energie distributeur photovolta\u00efque\" \/>\n<meta property=\"og:url\" content=\"https:\/\/www.capenergie.fr\/catalogue\/photos-a-referenes\/installations-sur-toit-plat.html\" \/>\n<script type=\"application\/ld+json\" class=\"yoast-schema-graph\">{\"@context\":\"https:\\\/\\\/schema.org\",\"@graph\":[{\"@type\":\"WebPage\",\"@id\":\"https:\\\/\\\/www.capenergie.fr\\\/catalogue\\\/photos-a-referenes\\\/installations-sur-toit-plat.html\",\"url\":\"https:\\\/\\\/www.capenergie.fr\\\/catalogue\\\/photos-a-referenes\\\/installations-sur-toit-plat.html\",\"name\":\"Installations photovolta\u00efques sur to\u00eet plat\",\"isPartOf\":{\"@id\":\"https:\\\/\\\/www.capenergie.fr\\\/catalogue\\\/#website\"},\"datePublished\":\"2013-02-19T10:34:40+00:00\",\"description\":\"R\u00e9f\u00e9rences d'Installations photovolta\u00efques sur to\u00eet plat r\u00e9alis\u00e9es par des installateurs sp\u00e9cialis\u00e9s utilisant la gamme de produits Cap energie distributeur photovolta\u00efque\",\"breadcrumb\":{\"@id\":\"https:\\\/\\\/www.capenergie.fr\\\/catalogue\\\/photos-a-referenes\\\/installations-sur-toit-plat.html#breadcrumb\"},\"inLanguage\":\"fr-FR\",\"potentialAction\":[{\"@type\":\"ReadAction\",\"target\":[\"https:\\\/\\\/www.capenergie.fr\\\/catalogue\\\/photos-a-referenes\\\/installations-sur-toit-plat.html\"]}]},{\"@type\":\"BreadcrumbList\",\"@id\":\"https:\\\/\\\/www.capenergie.fr\\\/catalogue\\\/photos-a-referenes\\\/installations-sur-toit-plat.html#breadcrumb\",\"itemListElement\":[{\"@type\":\"ListItem\",\"position\":1,\"name\":\"Accueil\",\"item\":\"https:\\\/\\\/www.capenergie.fr\\\/catalogue\\\/\"},{\"@type\":\"ListItem\",\"position\":2,\"name\":\"Photos\",\"item\":\"http:\\\/\\\/www.capenergie.fr\\\/catalogue\\\/photos-a-referenes.html\"},{\"@type\":\"ListItem\",\"position\":3,\"name\":\"Installations sur to\u00eet plat\"}]},{\"@type\":\"WebSite\",\"@id\":\"https:\\\/\\\/www.capenergie.fr\\\/catalogue\\\/#website\",\"url\":\"https:\\\/\\\/www.capenergie.fr\\\/catalogue\\\/\",\"name\":\"\",\"description\":\"\",\"potentialAction\":[{\"@type\":\"SearchAction\",\"target\":{\"@type\":\"EntryPoint\",\"urlTemplate\":\"https:\\\/\\\/www.capenergie.fr\\\/catalogue\\\/?s={search_term_string}\"},\"query-input\":{\"@type\":\"PropertyValueSpecification\",\"valueRequired\":true,\"valueName\":\"search_term_string\"}}],\"inLanguage\":\"fr-FR\"}]}<\/script>\n<!-- \/ Yoast SEO plugin. -->","yoast_head_json":{"title":"Installations photovolta\u00efques sur to\u00eet plat","description":"R\u00e9f\u00e9rences d'Installations photovolta\u00efques sur to\u00eet plat r\u00e9alis\u00e9es par des installateurs sp\u00e9cialis\u00e9s utilisant la gamme de produits Cap energie distributeur photovolta\u00efque","robots":{"index":"index","follow":"follow","max-snippet":"max-snippet:-1","max-image-preview":"max-image-preview:large","max-video-preview":"max-video-preview:-1"},"canonical":"https:\/\/www.capenergie.fr\/catalogue\/photos-a-referenes\/installations-sur-toit-plat.html","og_locale":"fr_FR","og_type":"article","og_title":"Installations photovolta\u00efques sur to\u00eet plat","og_description":"R\u00e9f\u00e9rences d'Installations photovolta\u00efques sur to\u00eet plat r\u00e9alis\u00e9es par des installateurs sp\u00e9cialis\u00e9s utilisant la gamme de produits Cap energie distributeur photovolta\u00efque","og_url":"https:\/\/www.capenergie.fr\/catalogue\/photos-a-referenes\/installations-sur-toit-plat.html","schema":{"@context":"https:\/\/schema.org","@graph":[{"@type":"WebPage","@id":"https:\/\/www.capenergie.fr\/catalogue\/photos-a-referenes\/installations-sur-toit-plat.html","url":"https:\/\/www.capenergie.fr\/catalogue\/photos-a-referenes\/installations-sur-toit-plat.html","name":"Installations photovolta\u00efques sur to\u00eet plat","isPartOf":{"@id":"https:\/\/www.capenergie.fr\/catalogue\/#website"},"datePublished":"2013-02-19T10:34:40+00:00","description":"R\u00e9f\u00e9rences d'Installations photovolta\u00efques sur to\u00eet plat r\u00e9alis\u00e9es par des installateurs sp\u00e9cialis\u00e9s utilisant la gamme de produits Cap energie distributeur photovolta\u00efque","breadcrumb":{"@id":"https:\/\/www.capenergie.fr\/catalogue\/photos-a-referenes\/installations-sur-toit-plat.html#breadcrumb"},"inLanguage":"fr-FR","potentialAction":[{"@type":"ReadAction","target":["https:\/\/www.capenergie.fr\/catalogue\/photos-a-referenes\/installations-sur-toit-plat.html"]}]},{"@type":"BreadcrumbList","@id":"https:\/\/www.capenergie.fr\/catalogue\/photos-a-referenes\/installations-sur-toit-plat.html#breadcrumb","itemListElement":[{"@type":"ListItem","position":1,"name":"Accueil","item":"https:\/\/www.capenergie.fr\/catalogue\/"},{"@type":"ListItem","position":2,"name":"Photos","item":"http:\/\/www.capenergie.fr\/catalogue\/photos-a-referenes.html"},{"@type":"ListItem","position":3,"name":"Installations sur to\u00eet plat"}]},{"@type":"WebSite","@id":"https:\/\/www.capenergie.fr\/catalogue\/#website","url":"https:\/\/www.capenergie.fr\/catalogue\/","name":"","description":"","potentialAction":[{"@type":"SearchAction","target":{"@type":"EntryPoint","urlTemplate":"https:\/\/www.capenergie.fr\/catalogue\/?s={search_term_string}"},"query-input":{"@type":"PropertyValueSpecification","valueRequired":true,"valueName":"search_term_string"}}],"inLanguage":"fr-FR"}]}},"_links":{"self":[{"href":"http:\/\/www.capenergie.fr\/catalogue\/wp-json\/wp\/v2\/pages\/966","targetHints":{"allow":["GET"]}}],"collection":[{"href":"http:\/\/www.capenergie.fr\/catalogue\/wp-json\/wp\/v2\/pages"}],"about":[{"href":"http:\/\/www.capenergie.fr\/catalogue\/wp-json\/wp\/v2\/types\/page"}],"author":[{"embeddable":true,"href":"http:\/\/www.capenergie.fr\/catalogue\/wp-json\/wp\/v2\/users\/1"}],"replies":[{"embeddable":true,"href":"http:\/\/www.capenergie.fr\/catalogue\/wp-json\/wp\/v2\/comments?post=966"}],"version-history":[{"count":2,"href":"http:\/\/www.capenergie.fr\/catalogue\/wp-json\/wp\/v2\/pages\/966\/revisions"}],"predecessor-version":[{"id":968,"href":"http:\/\/www.capenergie.fr\/catalogue\/wp-json\/wp\/v2\/pages\/966\/revisions\/968"}],"up":[{"embeddable":true,"href":"http:\/\/www.capenergie.fr\/catalogue\/wp-json\/wp\/v2\/pages\/19"}],"wp:attachment":[{"href":"http:\/\/www.capenergie.fr\/catalogue\/wp-json\/wp\/v2\/media?parent=966"}],"curies":[{"name":"wp","href":"https:\/\/api.w.org\/{rel}","templated":true}]}}