{"id":955,"date":"2013-02-18T11:41:38","date_gmt":"2013-02-18T10:41:38","guid":{"rendered":"http:\/\/www.capenergie.fr\/catalogue\/?page_id=955"},"modified":"2013-02-18T11:41:38","modified_gmt":"2013-02-18T10:41:38","slug":"systeme-air-solaire","status":"publish","type":"page","link":"http:\/\/www.capenergie.fr\/catalogue\/photos-a-referenes\/systeme-air-solaire.html","title":{"rendered":"Syst\u00e8me Air Solaire"},"content":{"rendered":"ngg_shortcode_0_placeholder\n","protected":false},"excerpt":{"rendered":"","protected":false},"author":1,"featured_media":0,"parent":19,"menu_order":0,"comment_status":"closed","ping_status":"closed","template":"sidebar-page.php","meta":{"neve_meta_sidebar":"","neve_meta_container":"","neve_meta_enable_content_width":"","neve_meta_content_width":0,"neve_meta_title_alignment":"","neve_meta_author_avatar":"","neve_post_elements_order":"","neve_meta_disable_header":"","neve_meta_disable_footer":"","neve_meta_disable_title":"","ngg_post_thumbnail":0,"_themeisle_gutenberg_block_has_review":false,"footnotes":""},"class_list":["post-955","page","type-page","status-publish","hentry"],"yoast_head":"<!-- This site is optimized with the Yoast SEO plugin v27.5 - https:\/\/yoast.com\/product\/yoast-seo-wordpress\/ -->\n<title>Syst\u00e8me Air Solaire - Grammer Solar<\/title>\n<meta name=\"description\" content=\"Syst\u00e8me Air Solaire - Grammer Solar installation solaire pour chauffage de gros volume comme une salle de sport, un entrep\u00f4t ou une usine. toutes les installations Grammer Solar r\u00e9aliser avec la gamme Cap Energie par des installateurs.\" \/>\n<meta name=\"robots\" content=\"index, follow, max-snippet:-1, max-image-preview:large, max-video-preview:-1\" \/>\n<link rel=\"canonical\" href=\"https:\/\/www.capenergie.fr\/catalogue\/photos-a-referenes\/systeme-air-solaire.html\" \/>\n<meta property=\"og:locale\" content=\"fr_FR\" \/>\n<meta property=\"og:type\" content=\"article\" \/>\n<meta property=\"og:title\" content=\"Syst\u00e8me Air Solaire - Grammer Solar\" \/>\n<meta property=\"og:description\" content=\"Syst\u00e8me Air Solaire - Grammer Solar installation solaire pour chauffage de gros volume comme une salle de sport, un entrep\u00f4t ou une usine. toutes les installations Grammer Solar r\u00e9aliser avec la gamme Cap Energie par des installateurs.\" \/>\n<meta property=\"og:url\" content=\"https:\/\/www.capenergie.fr\/catalogue\/photos-a-referenes\/systeme-air-solaire.html\" \/>\n<script type=\"application\/ld+json\" class=\"yoast-schema-graph\">{\"@context\":\"https:\\\/\\\/schema.org\",\"@graph\":[{\"@type\":\"WebPage\",\"@id\":\"https:\\\/\\\/www.capenergie.fr\\\/catalogue\\\/photos-a-referenes\\\/systeme-air-solaire.html\",\"url\":\"https:\\\/\\\/www.capenergie.fr\\\/catalogue\\\/photos-a-referenes\\\/systeme-air-solaire.html\",\"name\":\"Syst\u00e8me Air Solaire - Grammer Solar\",\"isPartOf\":{\"@id\":\"https:\\\/\\\/www.capenergie.fr\\\/catalogue\\\/#website\"},\"datePublished\":\"2013-02-18T10:41:38+00:00\",\"description\":\"Syst\u00e8me Air Solaire - Grammer Solar installation solaire pour chauffage de gros volume comme une salle de sport, un entrep\u00f4t ou une usine. toutes les installations Grammer Solar r\u00e9aliser avec la gamme Cap Energie par des installateurs.\",\"breadcrumb\":{\"@id\":\"https:\\\/\\\/www.capenergie.fr\\\/catalogue\\\/photos-a-referenes\\\/systeme-air-solaire.html#breadcrumb\"},\"inLanguage\":\"fr-FR\",\"potentialAction\":[{\"@type\":\"ReadAction\",\"target\":[\"https:\\\/\\\/www.capenergie.fr\\\/catalogue\\\/photos-a-referenes\\\/systeme-air-solaire.html\"]}]},{\"@type\":\"BreadcrumbList\",\"@id\":\"https:\\\/\\\/www.capenergie.fr\\\/catalogue\\\/photos-a-referenes\\\/systeme-air-solaire.html#breadcrumb\",\"itemListElement\":[{\"@type\":\"ListItem\",\"position\":1,\"name\":\"Accueil\",\"item\":\"http:\\\/\\\/www.capenergie.fr\\\/catalogue\\\/\"},{\"@type\":\"ListItem\",\"position\":2,\"name\":\"Photos\",\"item\":\"http:\\\/\\\/www.capenergie.fr\\\/catalogue\\\/photos-a-referenes.html\"},{\"@type\":\"ListItem\",\"position\":3,\"name\":\"Syst\u00e8me Air Solaire\"}]},{\"@type\":\"WebSite\",\"@id\":\"https:\\\/\\\/www.capenergie.fr\\\/catalogue\\\/#website\",\"url\":\"https:\\\/\\\/www.capenergie.fr\\\/catalogue\\\/\",\"name\":\"\",\"description\":\"\",\"potentialAction\":[{\"@type\":\"SearchAction\",\"target\":{\"@type\":\"EntryPoint\",\"urlTemplate\":\"https:\\\/\\\/www.capenergie.fr\\\/catalogue\\\/?s={search_term_string}\"},\"query-input\":{\"@type\":\"PropertyValueSpecification\",\"valueRequired\":true,\"valueName\":\"search_term_string\"}}],\"inLanguage\":\"fr-FR\"}]}<\/script>\n<!-- \/ Yoast SEO plugin. -->","yoast_head_json":{"title":"Syst\u00e8me Air Solaire - Grammer Solar","description":"Syst\u00e8me Air Solaire - Grammer Solar installation solaire pour chauffage de gros volume comme une salle de sport, un entrep\u00f4t ou une usine. toutes les installations Grammer Solar r\u00e9aliser avec la gamme Cap Energie par des installateurs.","robots":{"index":"index","follow":"follow","max-snippet":"max-snippet:-1","max-image-preview":"max-image-preview:large","max-video-preview":"max-video-preview:-1"},"canonical":"https:\/\/www.capenergie.fr\/catalogue\/photos-a-referenes\/systeme-air-solaire.html","og_locale":"fr_FR","og_type":"article","og_title":"Syst\u00e8me Air Solaire - Grammer Solar","og_description":"Syst\u00e8me Air Solaire - Grammer Solar installation solaire pour chauffage de gros volume comme une salle de sport, un entrep\u00f4t ou une usine. toutes les installations Grammer Solar r\u00e9aliser avec la gamme Cap Energie par des installateurs.","og_url":"https:\/\/www.capenergie.fr\/catalogue\/photos-a-referenes\/systeme-air-solaire.html","schema":{"@context":"https:\/\/schema.org","@graph":[{"@type":"WebPage","@id":"https:\/\/www.capenergie.fr\/catalogue\/photos-a-referenes\/systeme-air-solaire.html","url":"https:\/\/www.capenergie.fr\/catalogue\/photos-a-referenes\/systeme-air-solaire.html","name":"Syst\u00e8me Air Solaire - Grammer Solar","isPartOf":{"@id":"https:\/\/www.capenergie.fr\/catalogue\/#website"},"datePublished":"2013-02-18T10:41:38+00:00","description":"Syst\u00e8me Air Solaire - Grammer Solar installation solaire pour chauffage de gros volume comme une salle de sport, un entrep\u00f4t ou une usine. toutes les installations Grammer Solar r\u00e9aliser avec la gamme Cap Energie par des installateurs.","breadcrumb":{"@id":"https:\/\/www.capenergie.fr\/catalogue\/photos-a-referenes\/systeme-air-solaire.html#breadcrumb"},"inLanguage":"fr-FR","potentialAction":[{"@type":"ReadAction","target":["https:\/\/www.capenergie.fr\/catalogue\/photos-a-referenes\/systeme-air-solaire.html"]}]},{"@type":"BreadcrumbList","@id":"https:\/\/www.capenergie.fr\/catalogue\/photos-a-referenes\/systeme-air-solaire.html#breadcrumb","itemListElement":[{"@type":"ListItem","position":1,"name":"Accueil","item":"http:\/\/www.capenergie.fr\/catalogue\/"},{"@type":"ListItem","position":2,"name":"Photos","item":"http:\/\/www.capenergie.fr\/catalogue\/photos-a-referenes.html"},{"@type":"ListItem","position":3,"name":"Syst\u00e8me Air Solaire"}]},{"@type":"WebSite","@id":"https:\/\/www.capenergie.fr\/catalogue\/#website","url":"https:\/\/www.capenergie.fr\/catalogue\/","name":"","description":"","potentialAction":[{"@type":"SearchAction","target":{"@type":"EntryPoint","urlTemplate":"https:\/\/www.capenergie.fr\/catalogue\/?s={search_term_string}"},"query-input":{"@type":"PropertyValueSpecification","valueRequired":true,"valueName":"search_term_string"}}],"inLanguage":"fr-FR"}]}},"_links":{"self":[{"href":"http:\/\/www.capenergie.fr\/catalogue\/wp-json\/wp\/v2\/pages\/955","targetHints":{"allow":["GET"]}}],"collection":[{"href":"http:\/\/www.capenergie.fr\/catalogue\/wp-json\/wp\/v2\/pages"}],"about":[{"href":"http:\/\/www.capenergie.fr\/catalogue\/wp-json\/wp\/v2\/types\/page"}],"author":[{"embeddable":true,"href":"http:\/\/www.capenergie.fr\/catalogue\/wp-json\/wp\/v2\/users\/1"}],"replies":[{"embeddable":true,"href":"http:\/\/www.capenergie.fr\/catalogue\/wp-json\/wp\/v2\/comments?post=955"}],"version-history":[{"count":2,"href":"http:\/\/www.capenergie.fr\/catalogue\/wp-json\/wp\/v2\/pages\/955\/revisions"}],"predecessor-version":[{"id":957,"href":"http:\/\/www.capenergie.fr\/catalogue\/wp-json\/wp\/v2\/pages\/955\/revisions\/957"}],"up":[{"embeddable":true,"href":"http:\/\/www.capenergie.fr\/catalogue\/wp-json\/wp\/v2\/pages\/19"}],"wp:attachment":[{"href":"http:\/\/www.capenergie.fr\/catalogue\/wp-json\/wp\/v2\/media?parent=955"}],"curies":[{"name":"wp","href":"https:\/\/api.w.org\/{rel}","templated":true}]}}