{"id":951,"date":"2013-02-14T12:54:28","date_gmt":"2013-02-14T11:54:28","guid":{"rendered":"http:\/\/www.capenergie.fr\/catalogue\/?page_id=951"},"modified":"2013-02-14T12:59:45","modified_gmt":"2013-02-14T11:59:45","slug":"installation-site-isole","status":"publish","type":"page","link":"http:\/\/www.capenergie.fr\/catalogue\/photos-a-referenes\/installation-site-isole.html","title":{"rendered":"Installation Site isol\u00e9"},"content":{"rendered":"ngg_shortcode_0_placeholder\n","protected":false},"excerpt":{"rendered":"","protected":false},"author":1,"featured_media":0,"parent":19,"menu_order":0,"comment_status":"closed","ping_status":"closed","template":"sidebar-page.php","meta":{"neve_meta_sidebar":"","neve_meta_container":"","neve_meta_enable_content_width":"","neve_meta_content_width":0,"neve_meta_title_alignment":"","neve_meta_author_avatar":"","neve_post_elements_order":"","neve_meta_disable_header":"","neve_meta_disable_footer":"","neve_meta_disable_title":"","ngg_post_thumbnail":0,"_themeisle_gutenberg_block_has_review":false,"footnotes":""},"class_list":["post-951","page","type-page","status-publish","hentry"],"yoast_head":"<!-- This site is optimized with the Yoast SEO plugin v27.3 - https:\/\/yoast.com\/product\/yoast-seo-wordpress\/ -->\n<title>Installation Site isol\u00e9<\/title>\n<meta name=\"description\" content=\"Quelques exemples d&#039;installations site isol\u00e9 r\u00e9alis\u00e9es exclusivement avec les produits de la gamme site isol\u00e9 Cap Energie n\u00b01 de la distribution d&#039;\u00e9quipement site isol\u00e9 en France.\" \/>\n<meta name=\"robots\" content=\"index, follow, max-snippet:-1, max-image-preview:large, max-video-preview:-1\" \/>\n<link rel=\"canonical\" href=\"http:\/\/www.capenergie.fr\/catalogue\/photos-a-referenes\/installation-site-isole.html\" \/>\n<meta property=\"og:locale\" content=\"fr_FR\" \/>\n<meta property=\"og:type\" content=\"article\" \/>\n<meta property=\"og:title\" content=\"Installation Site isol\u00e9\" \/>\n<meta property=\"og:description\" content=\"Quelques exemples d&#039;installations site isol\u00e9 r\u00e9alis\u00e9es exclusivement avec les produits de la gamme site isol\u00e9 Cap Energie n\u00b01 de la distribution d&#039;\u00e9quipement site isol\u00e9 en France.\" \/>\n<meta property=\"og:url\" content=\"http:\/\/www.capenergie.fr\/catalogue\/photos-a-referenes\/installation-site-isole.html\" \/>\n<meta property=\"article:modified_time\" content=\"2013-02-14T11:59:45+00:00\" \/>\n<script type=\"application\/ld+json\" class=\"yoast-schema-graph\">{\"@context\":\"https:\\\/\\\/schema.org\",\"@graph\":[{\"@type\":\"WebPage\",\"@id\":\"http:\\\/\\\/www.capenergie.fr\\\/catalogue\\\/photos-a-referenes\\\/installation-site-isole.html\",\"url\":\"http:\\\/\\\/www.capenergie.fr\\\/catalogue\\\/photos-a-referenes\\\/installation-site-isole.html\",\"name\":\"Installation Site isol\u00e9\",\"isPartOf\":{\"@id\":\"http:\\\/\\\/www.capenergie.fr\\\/catalogue\\\/#website\"},\"datePublished\":\"2013-02-14T11:54:28+00:00\",\"dateModified\":\"2013-02-14T11:59:45+00:00\",\"description\":\"Quelques exemples d'installations site isol\u00e9 r\u00e9alis\u00e9es exclusivement avec les produits de la gamme site isol\u00e9 Cap Energie n\u00b01 de la distribution d'\u00e9quipement site isol\u00e9 en France.\",\"breadcrumb\":{\"@id\":\"http:\\\/\\\/www.capenergie.fr\\\/catalogue\\\/photos-a-referenes\\\/installation-site-isole.html#breadcrumb\"},\"inLanguage\":\"fr-FR\",\"potentialAction\":[{\"@type\":\"ReadAction\",\"target\":[\"http:\\\/\\\/www.capenergie.fr\\\/catalogue\\\/photos-a-referenes\\\/installation-site-isole.html\"]}]},{\"@type\":\"BreadcrumbList\",\"@id\":\"http:\\\/\\\/www.capenergie.fr\\\/catalogue\\\/photos-a-referenes\\\/installation-site-isole.html#breadcrumb\",\"itemListElement\":[{\"@type\":\"ListItem\",\"position\":1,\"name\":\"Accueil\",\"item\":\"http:\\\/\\\/www.capenergie.fr\\\/catalogue\\\/\"},{\"@type\":\"ListItem\",\"position\":2,\"name\":\"Photos\",\"item\":\"http:\\\/\\\/www.capenergie.fr\\\/catalogue\\\/photos-a-referenes.html\"},{\"@type\":\"ListItem\",\"position\":3,\"name\":\"Installation Site isol\u00e9\"}]},{\"@type\":\"WebSite\",\"@id\":\"http:\\\/\\\/www.capenergie.fr\\\/catalogue\\\/#website\",\"url\":\"http:\\\/\\\/www.capenergie.fr\\\/catalogue\\\/\",\"name\":\"\",\"description\":\"\",\"potentialAction\":[{\"@type\":\"SearchAction\",\"target\":{\"@type\":\"EntryPoint\",\"urlTemplate\":\"http:\\\/\\\/www.capenergie.fr\\\/catalogue\\\/?s={search_term_string}\"},\"query-input\":{\"@type\":\"PropertyValueSpecification\",\"valueRequired\":true,\"valueName\":\"search_term_string\"}}],\"inLanguage\":\"fr-FR\"}]}<\/script>\n<!-- \/ Yoast SEO plugin. -->","yoast_head_json":{"title":"Installation Site isol\u00e9","description":"Quelques exemples d'installations site isol\u00e9 r\u00e9alis\u00e9es exclusivement avec les produits de la gamme site isol\u00e9 Cap Energie n\u00b01 de la distribution d'\u00e9quipement site isol\u00e9 en France.","robots":{"index":"index","follow":"follow","max-snippet":"max-snippet:-1","max-image-preview":"max-image-preview:large","max-video-preview":"max-video-preview:-1"},"canonical":"http:\/\/www.capenergie.fr\/catalogue\/photos-a-referenes\/installation-site-isole.html","og_locale":"fr_FR","og_type":"article","og_title":"Installation Site isol\u00e9","og_description":"Quelques exemples d'installations site isol\u00e9 r\u00e9alis\u00e9es exclusivement avec les produits de la gamme site isol\u00e9 Cap Energie n\u00b01 de la distribution d'\u00e9quipement site isol\u00e9 en France.","og_url":"http:\/\/www.capenergie.fr\/catalogue\/photos-a-referenes\/installation-site-isole.html","article_modified_time":"2013-02-14T11:59:45+00:00","schema":{"@context":"https:\/\/schema.org","@graph":[{"@type":"WebPage","@id":"http:\/\/www.capenergie.fr\/catalogue\/photos-a-referenes\/installation-site-isole.html","url":"http:\/\/www.capenergie.fr\/catalogue\/photos-a-referenes\/installation-site-isole.html","name":"Installation Site isol\u00e9","isPartOf":{"@id":"http:\/\/www.capenergie.fr\/catalogue\/#website"},"datePublished":"2013-02-14T11:54:28+00:00","dateModified":"2013-02-14T11:59:45+00:00","description":"Quelques exemples d'installations site isol\u00e9 r\u00e9alis\u00e9es exclusivement avec les produits de la gamme site isol\u00e9 Cap Energie n\u00b01 de la distribution d'\u00e9quipement site isol\u00e9 en France.","breadcrumb":{"@id":"http:\/\/www.capenergie.fr\/catalogue\/photos-a-referenes\/installation-site-isole.html#breadcrumb"},"inLanguage":"fr-FR","potentialAction":[{"@type":"ReadAction","target":["http:\/\/www.capenergie.fr\/catalogue\/photos-a-referenes\/installation-site-isole.html"]}]},{"@type":"BreadcrumbList","@id":"http:\/\/www.capenergie.fr\/catalogue\/photos-a-referenes\/installation-site-isole.html#breadcrumb","itemListElement":[{"@type":"ListItem","position":1,"name":"Accueil","item":"http:\/\/www.capenergie.fr\/catalogue\/"},{"@type":"ListItem","position":2,"name":"Photos","item":"http:\/\/www.capenergie.fr\/catalogue\/photos-a-referenes.html"},{"@type":"ListItem","position":3,"name":"Installation Site isol\u00e9"}]},{"@type":"WebSite","@id":"http:\/\/www.capenergie.fr\/catalogue\/#website","url":"http:\/\/www.capenergie.fr\/catalogue\/","name":"","description":"","potentialAction":[{"@type":"SearchAction","target":{"@type":"EntryPoint","urlTemplate":"http:\/\/www.capenergie.fr\/catalogue\/?s={search_term_string}"},"query-input":{"@type":"PropertyValueSpecification","valueRequired":true,"valueName":"search_term_string"}}],"inLanguage":"fr-FR"}]}},"_links":{"self":[{"href":"http:\/\/www.capenergie.fr\/catalogue\/wp-json\/wp\/v2\/pages\/951","targetHints":{"allow":["GET"]}}],"collection":[{"href":"http:\/\/www.capenergie.fr\/catalogue\/wp-json\/wp\/v2\/pages"}],"about":[{"href":"http:\/\/www.capenergie.fr\/catalogue\/wp-json\/wp\/v2\/types\/page"}],"author":[{"embeddable":true,"href":"http:\/\/www.capenergie.fr\/catalogue\/wp-json\/wp\/v2\/users\/1"}],"replies":[{"embeddable":true,"href":"http:\/\/www.capenergie.fr\/catalogue\/wp-json\/wp\/v2\/comments?post=951"}],"version-history":[{"count":2,"href":"http:\/\/www.capenergie.fr\/catalogue\/wp-json\/wp\/v2\/pages\/951\/revisions"}],"predecessor-version":[{"id":954,"href":"http:\/\/www.capenergie.fr\/catalogue\/wp-json\/wp\/v2\/pages\/951\/revisions\/954"}],"up":[{"embeddable":true,"href":"http:\/\/www.capenergie.fr\/catalogue\/wp-json\/wp\/v2\/pages\/19"}],"wp:attachment":[{"href":"http:\/\/www.capenergie.fr\/catalogue\/wp-json\/wp\/v2\/media?parent=951"}],"curies":[{"name":"wp","href":"https:\/\/api.w.org\/{rel}","templated":true}]}}