{"id":948,"date":"2013-02-14T12:21:03","date_gmt":"2013-02-14T11:21:03","guid":{"rendered":"http:\/\/www.capenergie.fr\/catalogue\/?page_id=948"},"modified":"2013-02-14T12:21:03","modified_gmt":"2013-02-14T11:21:03","slug":"installation-bi-verre-photovoltaique","status":"publish","type":"page","link":"http:\/\/www.capenergie.fr\/catalogue\/photos-a-referenes\/installation-bi-verre-photovoltaique.html","title":{"rendered":"Installation Bi-verre photovolta\u00efque"},"content":{"rendered":"ngg_shortcode_0_placeholder\n","protected":false},"excerpt":{"rendered":"","protected":false},"author":1,"featured_media":0,"parent":19,"menu_order":0,"comment_status":"closed","ping_status":"closed","template":"sidebar-page.php","meta":{"neve_meta_sidebar":"","neve_meta_container":"","neve_meta_enable_content_width":"","neve_meta_content_width":0,"neve_meta_title_alignment":"","neve_meta_author_avatar":"","neve_post_elements_order":"","neve_meta_disable_header":"","neve_meta_disable_footer":"","neve_meta_disable_title":"","ngg_post_thumbnail":0,"_themeisle_gutenberg_block_has_review":false,"footnotes":""},"class_list":["post-948","page","type-page","status-publish","hentry"],"yoast_head":"<!-- This site is optimized with the Yoast SEO plugin v27.3 - https:\/\/yoast.com\/product\/yoast-seo-wordpress\/ -->\n<title>Installation Bi-verre photovolta\u00efque - R\u00e9f\u00e9rences<\/title>\n<meta name=\"description\" content=\"R\u00e9f\u00e9rences Installation Bi-verre photovolta\u00efque install\u00e9s avec les produits bi-verre solaire de la gamme bi verre Cap Energie comme le vidur solar, Sharp Solar...\" \/>\n<meta name=\"robots\" content=\"index, follow, max-snippet:-1, max-image-preview:large, max-video-preview:-1\" \/>\n<link rel=\"canonical\" href=\"http:\/\/www.capenergie.fr\/catalogue\/photos-a-referenes\/installation-bi-verre-photovoltaique.html\" \/>\n<meta property=\"og:locale\" content=\"fr_FR\" \/>\n<meta property=\"og:type\" content=\"article\" \/>\n<meta property=\"og:title\" content=\"Installation Bi-verre photovolta\u00efque - R\u00e9f\u00e9rences\" \/>\n<meta property=\"og:description\" content=\"R\u00e9f\u00e9rences Installation Bi-verre photovolta\u00efque install\u00e9s avec les produits bi-verre solaire de la gamme bi verre Cap Energie comme le vidur solar, Sharp Solar...\" \/>\n<meta property=\"og:url\" content=\"http:\/\/www.capenergie.fr\/catalogue\/photos-a-referenes\/installation-bi-verre-photovoltaique.html\" \/>\n<script type=\"application\/ld+json\" class=\"yoast-schema-graph\">{\"@context\":\"https:\\\/\\\/schema.org\",\"@graph\":[{\"@type\":\"WebPage\",\"@id\":\"http:\\\/\\\/www.capenergie.fr\\\/catalogue\\\/photos-a-referenes\\\/installation-bi-verre-photovoltaique.html\",\"url\":\"http:\\\/\\\/www.capenergie.fr\\\/catalogue\\\/photos-a-referenes\\\/installation-bi-verre-photovoltaique.html\",\"name\":\"Installation Bi-verre photovolta\u00efque - R\u00e9f\u00e9rences\",\"isPartOf\":{\"@id\":\"https:\\\/\\\/www.capenergie.fr\\\/catalogue\\\/#website\"},\"datePublished\":\"2013-02-14T11:21:03+00:00\",\"description\":\"R\u00e9f\u00e9rences Installation Bi-verre photovolta\u00efque install\u00e9s avec les produits bi-verre solaire de la gamme bi verre Cap Energie comme le vidur solar, Sharp Solar...\",\"breadcrumb\":{\"@id\":\"http:\\\/\\\/www.capenergie.fr\\\/catalogue\\\/photos-a-referenes\\\/installation-bi-verre-photovoltaique.html#breadcrumb\"},\"inLanguage\":\"fr-FR\",\"potentialAction\":[{\"@type\":\"ReadAction\",\"target\":[\"http:\\\/\\\/www.capenergie.fr\\\/catalogue\\\/photos-a-referenes\\\/installation-bi-verre-photovoltaique.html\"]}]},{\"@type\":\"BreadcrumbList\",\"@id\":\"http:\\\/\\\/www.capenergie.fr\\\/catalogue\\\/photos-a-referenes\\\/installation-bi-verre-photovoltaique.html#breadcrumb\",\"itemListElement\":[{\"@type\":\"ListItem\",\"position\":1,\"name\":\"Accueil\",\"item\":\"https:\\\/\\\/www.capenergie.fr\\\/catalogue\\\/\"},{\"@type\":\"ListItem\",\"position\":2,\"name\":\"Photos\",\"item\":\"http:\\\/\\\/www.capenergie.fr\\\/catalogue\\\/photos-a-referenes.html\"},{\"@type\":\"ListItem\",\"position\":3,\"name\":\"Installation Bi-verre photovolta\u00efque\"}]},{\"@type\":\"WebSite\",\"@id\":\"https:\\\/\\\/www.capenergie.fr\\\/catalogue\\\/#website\",\"url\":\"https:\\\/\\\/www.capenergie.fr\\\/catalogue\\\/\",\"name\":\"\",\"description\":\"\",\"potentialAction\":[{\"@type\":\"SearchAction\",\"target\":{\"@type\":\"EntryPoint\",\"urlTemplate\":\"https:\\\/\\\/www.capenergie.fr\\\/catalogue\\\/?s={search_term_string}\"},\"query-input\":{\"@type\":\"PropertyValueSpecification\",\"valueRequired\":true,\"valueName\":\"search_term_string\"}}],\"inLanguage\":\"fr-FR\"}]}<\/script>\n<!-- \/ Yoast SEO plugin. -->","yoast_head_json":{"title":"Installation Bi-verre photovolta\u00efque - R\u00e9f\u00e9rences","description":"R\u00e9f\u00e9rences Installation Bi-verre photovolta\u00efque install\u00e9s avec les produits bi-verre solaire de la gamme bi verre Cap Energie comme le vidur solar, Sharp Solar...","robots":{"index":"index","follow":"follow","max-snippet":"max-snippet:-1","max-image-preview":"max-image-preview:large","max-video-preview":"max-video-preview:-1"},"canonical":"http:\/\/www.capenergie.fr\/catalogue\/photos-a-referenes\/installation-bi-verre-photovoltaique.html","og_locale":"fr_FR","og_type":"article","og_title":"Installation Bi-verre photovolta\u00efque - R\u00e9f\u00e9rences","og_description":"R\u00e9f\u00e9rences Installation Bi-verre photovolta\u00efque install\u00e9s avec les produits bi-verre solaire de la gamme bi verre Cap Energie comme le vidur solar, Sharp Solar...","og_url":"http:\/\/www.capenergie.fr\/catalogue\/photos-a-referenes\/installation-bi-verre-photovoltaique.html","schema":{"@context":"https:\/\/schema.org","@graph":[{"@type":"WebPage","@id":"http:\/\/www.capenergie.fr\/catalogue\/photos-a-referenes\/installation-bi-verre-photovoltaique.html","url":"http:\/\/www.capenergie.fr\/catalogue\/photos-a-referenes\/installation-bi-verre-photovoltaique.html","name":"Installation Bi-verre photovolta\u00efque - R\u00e9f\u00e9rences","isPartOf":{"@id":"https:\/\/www.capenergie.fr\/catalogue\/#website"},"datePublished":"2013-02-14T11:21:03+00:00","description":"R\u00e9f\u00e9rences Installation Bi-verre photovolta\u00efque install\u00e9s avec les produits bi-verre solaire de la gamme bi verre Cap Energie comme le vidur solar, Sharp Solar...","breadcrumb":{"@id":"http:\/\/www.capenergie.fr\/catalogue\/photos-a-referenes\/installation-bi-verre-photovoltaique.html#breadcrumb"},"inLanguage":"fr-FR","potentialAction":[{"@type":"ReadAction","target":["http:\/\/www.capenergie.fr\/catalogue\/photos-a-referenes\/installation-bi-verre-photovoltaique.html"]}]},{"@type":"BreadcrumbList","@id":"http:\/\/www.capenergie.fr\/catalogue\/photos-a-referenes\/installation-bi-verre-photovoltaique.html#breadcrumb","itemListElement":[{"@type":"ListItem","position":1,"name":"Accueil","item":"https:\/\/www.capenergie.fr\/catalogue\/"},{"@type":"ListItem","position":2,"name":"Photos","item":"http:\/\/www.capenergie.fr\/catalogue\/photos-a-referenes.html"},{"@type":"ListItem","position":3,"name":"Installation Bi-verre photovolta\u00efque"}]},{"@type":"WebSite","@id":"https:\/\/www.capenergie.fr\/catalogue\/#website","url":"https:\/\/www.capenergie.fr\/catalogue\/","name":"","description":"","potentialAction":[{"@type":"SearchAction","target":{"@type":"EntryPoint","urlTemplate":"https:\/\/www.capenergie.fr\/catalogue\/?s={search_term_string}"},"query-input":{"@type":"PropertyValueSpecification","valueRequired":true,"valueName":"search_term_string"}}],"inLanguage":"fr-FR"}]}},"_links":{"self":[{"href":"http:\/\/www.capenergie.fr\/catalogue\/wp-json\/wp\/v2\/pages\/948","targetHints":{"allow":["GET"]}}],"collection":[{"href":"http:\/\/www.capenergie.fr\/catalogue\/wp-json\/wp\/v2\/pages"}],"about":[{"href":"http:\/\/www.capenergie.fr\/catalogue\/wp-json\/wp\/v2\/types\/page"}],"author":[{"embeddable":true,"href":"http:\/\/www.capenergie.fr\/catalogue\/wp-json\/wp\/v2\/users\/1"}],"replies":[{"embeddable":true,"href":"http:\/\/www.capenergie.fr\/catalogue\/wp-json\/wp\/v2\/comments?post=948"}],"version-history":[{"count":1,"href":"http:\/\/www.capenergie.fr\/catalogue\/wp-json\/wp\/v2\/pages\/948\/revisions"}],"predecessor-version":[{"id":949,"href":"http:\/\/www.capenergie.fr\/catalogue\/wp-json\/wp\/v2\/pages\/948\/revisions\/949"}],"up":[{"embeddable":true,"href":"http:\/\/www.capenergie.fr\/catalogue\/wp-json\/wp\/v2\/pages\/19"}],"wp:attachment":[{"href":"http:\/\/www.capenergie.fr\/catalogue\/wp-json\/wp\/v2\/media?parent=948"}],"curies":[{"name":"wp","href":"https:\/\/api.w.org\/{rel}","templated":true}]}}