{"id":937,"date":"2013-02-12T11:48:50","date_gmt":"2013-02-12T10:48:50","guid":{"rendered":"http:\/\/www.capenergie.fr\/catalogue\/?page_id=937"},"modified":"2013-02-12T11:48:50","modified_gmt":"2013-02-12T10:48:50","slug":"structure-de-support-sur-mesure","status":"publish","type":"page","link":"http:\/\/www.capenergie.fr\/catalogue\/photos-a-referenes\/structure-de-support-sur-mesure.html","title":{"rendered":"Structure de support sur mesure"},"content":{"rendered":"ngg_shortcode_0_placeholder\n","protected":false},"excerpt":{"rendered":"","protected":false},"author":1,"featured_media":0,"parent":19,"menu_order":0,"comment_status":"closed","ping_status":"closed","template":"sidebar-page.php","meta":{"neve_meta_sidebar":"","neve_meta_container":"","neve_meta_enable_content_width":"","neve_meta_content_width":0,"neve_meta_title_alignment":"","neve_meta_author_avatar":"","neve_post_elements_order":"","neve_meta_disable_header":"","neve_meta_disable_footer":"","neve_meta_disable_title":"","ngg_post_thumbnail":0,"_themeisle_gutenberg_block_has_review":false,"footnotes":""},"class_list":["post-937","page","type-page","status-publish","hentry"],"yoast_head":"<!-- This site is optimized with the Yoast SEO plugin v27.5 - https:\/\/yoast.com\/product\/yoast-seo-wordpress\/ -->\n<title>Structure de support sur mesure - R\u00e9f\u00e9rences Cap Energie<\/title>\n<meta name=\"description\" content=\"R\u00e9f\u00e9rences Cap Energie de Structure de support sur mesure employ\u00e9es par les installateurs de panneaux photovolta\u00efques en site isol\u00e9 ou en syst\u00e8me raccord\u00e9 r\u00e9seau.\" \/>\n<meta name=\"robots\" content=\"index, follow, max-snippet:-1, max-image-preview:large, max-video-preview:-1\" \/>\n<link rel=\"canonical\" href=\"http:\/\/www.capenergie.fr\/catalogue\/photos-a-referenes\/structure-de-support-sur-mesure.html\" \/>\n<meta property=\"og:locale\" content=\"fr_FR\" \/>\n<meta property=\"og:type\" content=\"article\" \/>\n<meta property=\"og:title\" content=\"Structure de support sur mesure - R\u00e9f\u00e9rences Cap Energie\" \/>\n<meta property=\"og:description\" content=\"R\u00e9f\u00e9rences Cap Energie de Structure de support sur mesure employ\u00e9es par les installateurs de panneaux photovolta\u00efques en site isol\u00e9 ou en syst\u00e8me raccord\u00e9 r\u00e9seau.\" \/>\n<meta property=\"og:url\" content=\"http:\/\/www.capenergie.fr\/catalogue\/photos-a-referenes\/structure-de-support-sur-mesure.html\" \/>\n<script type=\"application\/ld+json\" class=\"yoast-schema-graph\">{\"@context\":\"https:\\\/\\\/schema.org\",\"@graph\":[{\"@type\":\"WebPage\",\"@id\":\"http:\\\/\\\/www.capenergie.fr\\\/catalogue\\\/photos-a-referenes\\\/structure-de-support-sur-mesure.html\",\"url\":\"http:\\\/\\\/www.capenergie.fr\\\/catalogue\\\/photos-a-referenes\\\/structure-de-support-sur-mesure.html\",\"name\":\"Structure de support sur mesure - R\u00e9f\u00e9rences Cap Energie\",\"isPartOf\":{\"@id\":\"https:\\\/\\\/www.capenergie.fr\\\/catalogue\\\/#website\"},\"datePublished\":\"2013-02-12T10:48:50+00:00\",\"description\":\"R\u00e9f\u00e9rences Cap Energie de Structure de support sur mesure employ\u00e9es par les installateurs de panneaux photovolta\u00efques en site isol\u00e9 ou en syst\u00e8me raccord\u00e9 r\u00e9seau.\",\"breadcrumb\":{\"@id\":\"http:\\\/\\\/www.capenergie.fr\\\/catalogue\\\/photos-a-referenes\\\/structure-de-support-sur-mesure.html#breadcrumb\"},\"inLanguage\":\"fr-FR\",\"potentialAction\":[{\"@type\":\"ReadAction\",\"target\":[\"http:\\\/\\\/www.capenergie.fr\\\/catalogue\\\/photos-a-referenes\\\/structure-de-support-sur-mesure.html\"]}]},{\"@type\":\"BreadcrumbList\",\"@id\":\"http:\\\/\\\/www.capenergie.fr\\\/catalogue\\\/photos-a-referenes\\\/structure-de-support-sur-mesure.html#breadcrumb\",\"itemListElement\":[{\"@type\":\"ListItem\",\"position\":1,\"name\":\"Accueil\",\"item\":\"http:\\\/\\\/www.capenergie.fr\\\/catalogue\\\/\"},{\"@type\":\"ListItem\",\"position\":2,\"name\":\"Photos\",\"item\":\"http:\\\/\\\/www.capenergie.fr\\\/catalogue\\\/photos-a-referenes.html\"},{\"@type\":\"ListItem\",\"position\":3,\"name\":\"Structure de support sur mesure\"}]},{\"@type\":\"WebSite\",\"@id\":\"https:\\\/\\\/www.capenergie.fr\\\/catalogue\\\/#website\",\"url\":\"https:\\\/\\\/www.capenergie.fr\\\/catalogue\\\/\",\"name\":\"\",\"description\":\"\",\"potentialAction\":[{\"@type\":\"SearchAction\",\"target\":{\"@type\":\"EntryPoint\",\"urlTemplate\":\"https:\\\/\\\/www.capenergie.fr\\\/catalogue\\\/?s={search_term_string}\"},\"query-input\":{\"@type\":\"PropertyValueSpecification\",\"valueRequired\":true,\"valueName\":\"search_term_string\"}}],\"inLanguage\":\"fr-FR\"}]}<\/script>\n<!-- \/ Yoast SEO plugin. -->","yoast_head_json":{"title":"Structure de support sur mesure - R\u00e9f\u00e9rences Cap Energie","description":"R\u00e9f\u00e9rences Cap Energie de Structure de support sur mesure employ\u00e9es par les installateurs de panneaux photovolta\u00efques en site isol\u00e9 ou en syst\u00e8me raccord\u00e9 r\u00e9seau.","robots":{"index":"index","follow":"follow","max-snippet":"max-snippet:-1","max-image-preview":"max-image-preview:large","max-video-preview":"max-video-preview:-1"},"canonical":"http:\/\/www.capenergie.fr\/catalogue\/photos-a-referenes\/structure-de-support-sur-mesure.html","og_locale":"fr_FR","og_type":"article","og_title":"Structure de support sur mesure - R\u00e9f\u00e9rences Cap Energie","og_description":"R\u00e9f\u00e9rences Cap Energie de Structure de support sur mesure employ\u00e9es par les installateurs de panneaux photovolta\u00efques en site isol\u00e9 ou en syst\u00e8me raccord\u00e9 r\u00e9seau.","og_url":"http:\/\/www.capenergie.fr\/catalogue\/photos-a-referenes\/structure-de-support-sur-mesure.html","schema":{"@context":"https:\/\/schema.org","@graph":[{"@type":"WebPage","@id":"http:\/\/www.capenergie.fr\/catalogue\/photos-a-referenes\/structure-de-support-sur-mesure.html","url":"http:\/\/www.capenergie.fr\/catalogue\/photos-a-referenes\/structure-de-support-sur-mesure.html","name":"Structure de support sur mesure - R\u00e9f\u00e9rences Cap Energie","isPartOf":{"@id":"https:\/\/www.capenergie.fr\/catalogue\/#website"},"datePublished":"2013-02-12T10:48:50+00:00","description":"R\u00e9f\u00e9rences Cap Energie de Structure de support sur mesure employ\u00e9es par les installateurs de panneaux photovolta\u00efques en site isol\u00e9 ou en syst\u00e8me raccord\u00e9 r\u00e9seau.","breadcrumb":{"@id":"http:\/\/www.capenergie.fr\/catalogue\/photos-a-referenes\/structure-de-support-sur-mesure.html#breadcrumb"},"inLanguage":"fr-FR","potentialAction":[{"@type":"ReadAction","target":["http:\/\/www.capenergie.fr\/catalogue\/photos-a-referenes\/structure-de-support-sur-mesure.html"]}]},{"@type":"BreadcrumbList","@id":"http:\/\/www.capenergie.fr\/catalogue\/photos-a-referenes\/structure-de-support-sur-mesure.html#breadcrumb","itemListElement":[{"@type":"ListItem","position":1,"name":"Accueil","item":"http:\/\/www.capenergie.fr\/catalogue\/"},{"@type":"ListItem","position":2,"name":"Photos","item":"http:\/\/www.capenergie.fr\/catalogue\/photos-a-referenes.html"},{"@type":"ListItem","position":3,"name":"Structure de support sur mesure"}]},{"@type":"WebSite","@id":"https:\/\/www.capenergie.fr\/catalogue\/#website","url":"https:\/\/www.capenergie.fr\/catalogue\/","name":"","description":"","potentialAction":[{"@type":"SearchAction","target":{"@type":"EntryPoint","urlTemplate":"https:\/\/www.capenergie.fr\/catalogue\/?s={search_term_string}"},"query-input":{"@type":"PropertyValueSpecification","valueRequired":true,"valueName":"search_term_string"}}],"inLanguage":"fr-FR"}]}},"_links":{"self":[{"href":"http:\/\/www.capenergie.fr\/catalogue\/wp-json\/wp\/v2\/pages\/937","targetHints":{"allow":["GET"]}}],"collection":[{"href":"http:\/\/www.capenergie.fr\/catalogue\/wp-json\/wp\/v2\/pages"}],"about":[{"href":"http:\/\/www.capenergie.fr\/catalogue\/wp-json\/wp\/v2\/types\/page"}],"author":[{"embeddable":true,"href":"http:\/\/www.capenergie.fr\/catalogue\/wp-json\/wp\/v2\/users\/1"}],"replies":[{"embeddable":true,"href":"http:\/\/www.capenergie.fr\/catalogue\/wp-json\/wp\/v2\/comments?post=937"}],"version-history":[{"count":1,"href":"http:\/\/www.capenergie.fr\/catalogue\/wp-json\/wp\/v2\/pages\/937\/revisions"}],"predecessor-version":[{"id":938,"href":"http:\/\/www.capenergie.fr\/catalogue\/wp-json\/wp\/v2\/pages\/937\/revisions\/938"}],"up":[{"embeddable":true,"href":"http:\/\/www.capenergie.fr\/catalogue\/wp-json\/wp\/v2\/pages\/19"}],"wp:attachment":[{"href":"http:\/\/www.capenergie.fr\/catalogue\/wp-json\/wp\/v2\/media?parent=937"}],"curies":[{"name":"wp","href":"https:\/\/api.w.org\/{rel}","templated":true}]}}