{"id":88,"date":"2012-09-21T09:18:13","date_gmt":"2012-09-21T09:18:13","guid":{"rendered":"http:\/\/www.capenergie.fr\/catalogue3\/?page_id=88"},"modified":"2020-06-23T11:52:49","modified_gmt":"2020-06-23T09:52:49","slug":"eolienne","status":"publish","type":"page","link":"http:\/\/www.capenergie.fr\/catalogue\/eolienne.html","title":{"rendered":"Eolienne domestique, Petite \u00e9olienne pour particulier"},"content":{"rendered":"<p><strong>Cap Energie, revendeur officiel de l&rsquo;\u00e9olienne domestique Air, commercialise une gamme d&rsquo;<a href=\"\/catalogue\/eolienne.html\" title=\"skystream 3.7 eolienne residentielle\" target=\"_parent\" rel=\"noopener noreferrer\">\u00e9olienne domestique<\/a> destin\u00e9e aux particuliers et professionnels<\/strong>.<br \/>\nLa fabrication de la gamme d\u2019\u00e9olienne pour particulier ne provient en aucun cas de chine.\n<\/p>\n<div class=\"extrait-article\">\n<h2><a href=\"http:\/\/www.capenergie.fr\/catalogue\/eolienne\/air.html\" rel=\"bookmark\" title=\"Eolienne Air\">Eolienne Air<\/a><\/h2>\n<p><img decoding=\"async\" class=\"img-article\" title=\"Eolienne Air\" src=\"http:\/\/images.capenergie.fr\/produit\/eolienne\/air.png\" alt=\"Eolienne Air\" width=\"125\" height=\"125\" \/><\/p>\n<p>Cap Energie distributeur officiel de la game d&rsquo;Eolienne Air, eoliennes les plus rentable de leur cat\u00e9gorie.<br \/>\nLa nouvelle Gamme Air,. plus silencieuse, plus efficace, con\u00e7ue avec la plus grande pr\u00e9cision, l\u2019Air Breeze fournit plus d\u2019\u00e9nergie que les autres \u00e9oliennes de leur cat\u00e9gorie. (&#8230;)<\/p>\n<div id=\"butt\" class=\"butt-prod1\" align=\"center\"><a href=\"http:\/\/www.capenergie.fr\/catalogue\/eolienne\/air.html\" rel=\"bookmark\" title=\"Eolienne Air\">Lire la suite<\/a><\/div>\n<\/div>\n<div class=\"extrait-article\">\n<h2><a href=\"http:\/\/www.capenergie.fr\/catalogue\/eolienne\/reglementation-petit-eolien.html\" rel=\"bookmark\" title=\"R\u00e8glementation petit \u00e9olien\">R\u00e8glementation petit \u00e9olien<\/a><\/h2>\n<p><img loading=\"lazy\" decoding=\"async\" class=\"img-article\" title=\"R\u00e8glementation petit \u00e9olien\" src=\"http:\/\/images.capenergie.fr\/produit\/eolienne\/reglementation.png\" alt=\"R\u00e8glementation petit \u00e9olien\" width=\"125\" height=\"125\" \/><\/p>\n<p>R\u00e8glementations pour l\u2019implantation d\u2019\u00e9olienne r\u00e9sidentielle pour une \u00e9olienne dont le m\u00e2t et la nacelle ne d\u00e9passent pas 12 m de hauteur, le permis n\u2019est pas requis par contre une simple demande de travaux sera&#8230;.Sont dispens\u00e9es de toute formalit\u00e9 au titre du pr\u00e9sent code, en raison de leur nature ou de leur tr\u00e8s faible importance, sauf lorsqu&rsquo;ils sont implant\u00e9s dans un secteur  (&#8230;)<\/p>\n<div id=\"butt\" class=\"butt-prod1\" align=\"center\"><a href=\"http:\/\/www.capenergie.fr\/catalogue\/eolienne\/reglementation-petit-eolien.html\" rel=\"bookmark\" title=\"R\u00e8glementation petit \u00e9olien\">Lire la suite<\/a><\/div>\n<\/div>\n<h2>Informations administratives : <\/h2>\n<p>\n       Une <strong>\u00e9olienne domestique<\/strong> peut \u00eatre raccord\u00e9e au r\u00e9seau ou alimenter une habitation en site isol\u00e9.<br \/>\n       Pour une <a href=\"\/\" title=\"petite \u00e9olienne\">petite \u00e9olienne<\/a> de moins de 12 m\u00e8tres de haut aucune demande de permis de construire n\u2019est n\u00e9cessaire, une simple d\u00e9claration de travaux suffit.<br \/>\n       Un cr\u00e9dit d\u2019imp\u00f4t vous est accord\u00e9 pour l\u2019achat d\u2019un a\u00e9rog\u00e9n\u00e9rateur, si votre installation est       Inf\u00e9rieure ou \u00e9gale \u00e0 3 kW.<br \/>\n       Le mat\u00e9riel et la main d\u2019\u0153uvre b\u00e9n\u00e9ficient \u00e9galement d\u2019un taux de TVA r\u00e9duit (5,5%).<\/p>\n<p>      <a href=\"\/catalogue\/eolienne\/reglementation-petit-eolien.html\" title=\"r\u00e9glementation petit eolien subvention petite \u00e9olienne\" target=\"_parent\" rel=\"noopener noreferrer\">D\u00e9tail de la r\u00e9glementation applicable aux \u00e9oliennes r\u00e9sidentielles<\/a>\n     <\/p>\n<h2>Eolienne domestique fonctionnement : <\/h2>\n<p>\n       Le principe de fonctionnement d\u2019une <strong>\u00e9olienne domestique<\/strong> ou <strong>mini \u00e9olienne<\/strong> est simple, le vent fait tourner les p\u00e2les qui entra\u00eenent un g\u00e9n\u00e9rateur produisant de l\u2019\u00e9lectricit\u00e9.<br \/>\n      Le courant \u00e9lectrique ainsi produit peut \u00eatre ensuite soit raccord\u00e9 et inject\u00e9 au r\u00e9seau, soit stock\u00e9 dans des batteries (dimensionnement \u00e0 \u00e9tudier) pour ensuite \u00eatre transform\u00e9 en 220 V via un convertisseur.<\/p>\n<h2>Avantages de l&rsquo;\u00e9olienne domestique : <\/h2>\n<p>\n       \u2022 Une \u00e9nergie propre, in\u00e9puisable, disponible 24h\/24h et gratuite, pour bateau, bungalow, <a href=\"\/catalogue\/site-isole.html\" title=\"site isol\u00e9\">site isol\u00e9<\/a>&#8230;<br \/>\n       \u2022 Un syst\u00e8me fiable pour \u00eatre autonome sur des <a href=\"\/catalogue\/site-isole.html\" title=\"sites isol\u00e9s\">sites isol\u00e9s<\/a><br \/>\n       \u2022 Investissement rentable id\u00e9al en autonomie, car le raccordement au r\u00e9seau \u00e9lectrique s\u2019av\u00e8re souvent \u00eatre tr\u00e8s co\u00fbteux pour un kW de moins en moins bon march\u00e9.<br \/>\n       Cap Energie vous accompagne dans l\u2019\u00e9tude de votre projet et commercialise une gamme d\u2019\u00e9olienne pour particulier pour particulier       de qualit\u00e9 \u00e0 un prix tr\u00e8s comp\u00e9titif.<\/p>\n","protected":false},"excerpt":{"rendered":"<p>Cap Energie, revendeur officiel de l&rsquo;\u00e9olienne domestique Air, commercialise une gamme d&rsquo;\u00e9olienne domestique destin\u00e9e aux particuliers et professionnels. La fabrication de la gamme d\u2019\u00e9olienne pour particulier ne provient en aucun cas de chine. Eolienne Air Cap Energie distributeur officiel de la game d&rsquo;Eolienne Air, eoliennes les plus rentable de leur cat\u00e9gorie. La nouvelle Gamme Air,.&hellip;&nbsp;<a href=\"http:\/\/www.capenergie.fr\/catalogue\/eolienne\/reglementation-petit-eolien.html\" rel=\"bookmark\"><span class=\"screen-reader-text\">R\u00e8glementation petit \u00e9olien<\/span><\/a><\/p>\n","protected":false},"author":1,"featured_media":0,"parent":0,"menu_order":0,"comment_status":"closed","ping_status":"closed","template":"","meta":{"neve_meta_sidebar":"","neve_meta_container":"","neve_meta_enable_content_width":"","neve_meta_content_width":0,"neve_meta_title_alignment":"","neve_meta_author_avatar":"","neve_post_elements_order":"","neve_meta_disable_header":"","neve_meta_disable_footer":"","neve_meta_disable_title":"","ngg_post_thumbnail":0,"_themeisle_gutenberg_block_has_review":false,"footnotes":""},"class_list":["post-88","page","type-page","status-publish","hentry"],"yoast_head":"<!-- This site is optimized with the Yoast SEO plugin v27.3 - https:\/\/yoast.com\/product\/yoast-seo-wordpress\/ -->\n<title>Eolienne domestique - Distributeur de petite \u00e9olienne domestique<\/title>\n<meta name=\"description\" content=\"Distributeur grossiste d&#039;\u00e9olienne domestique partenaire du r\u00e9seau installateur petit \u00e9olien CapWindPartner \u00e9olienne pour particulier kingspan, whisper, air, evance\" \/>\n<meta name=\"robots\" content=\"index, follow, max-snippet:-1, max-image-preview:large, max-video-preview:-1\" \/>\n<link rel=\"canonical\" href=\"https:\/\/www.capenergie.fr\/catalogue\/eolienne.html\" \/>\n<meta property=\"og:locale\" content=\"fr_FR\" \/>\n<meta property=\"og:type\" content=\"article\" \/>\n<meta property=\"og:title\" content=\"Eolienne domestique - Distributeur de petite \u00e9olienne domestique\" \/>\n<meta property=\"og:description\" content=\"Distributeur grossiste d&#039;\u00e9olienne domestique partenaire du r\u00e9seau installateur petit \u00e9olien CapWindPartner \u00e9olienne pour particulier kingspan, whisper, air, evance\" \/>\n<meta property=\"og:url\" content=\"https:\/\/www.capenergie.fr\/catalogue\/eolienne.html\" \/>\n<meta property=\"article:modified_time\" content=\"2020-06-23T09:52:49+00:00\" \/>\n<script type=\"application\/ld+json\" class=\"yoast-schema-graph\">{\"@context\":\"https:\\\/\\\/schema.org\",\"@graph\":[{\"@type\":\"WebPage\",\"@id\":\"https:\\\/\\\/www.capenergie.fr\\\/catalogue\\\/eolienne.html\",\"url\":\"https:\\\/\\\/www.capenergie.fr\\\/catalogue\\\/eolienne.html\",\"name\":\"Eolienne domestique - Distributeur de petite \u00e9olienne domestique\",\"isPartOf\":{\"@id\":\"https:\\\/\\\/www.capenergie.fr\\\/catalogue\\\/#website\"},\"datePublished\":\"2012-09-21T09:18:13+00:00\",\"dateModified\":\"2020-06-23T09:52:49+00:00\",\"description\":\"Distributeur grossiste d'\u00e9olienne domestique partenaire du r\u00e9seau installateur petit \u00e9olien CapWindPartner \u00e9olienne pour particulier kingspan, whisper, air, evance\",\"breadcrumb\":{\"@id\":\"https:\\\/\\\/www.capenergie.fr\\\/catalogue\\\/eolienne.html#breadcrumb\"},\"inLanguage\":\"fr-FR\",\"potentialAction\":[{\"@type\":\"ReadAction\",\"target\":[\"https:\\\/\\\/www.capenergie.fr\\\/catalogue\\\/eolienne.html\"]}]},{\"@type\":\"BreadcrumbList\",\"@id\":\"https:\\\/\\\/www.capenergie.fr\\\/catalogue\\\/eolienne.html#breadcrumb\",\"itemListElement\":[{\"@type\":\"ListItem\",\"position\":1,\"name\":\"Accueil\",\"item\":\"https:\\\/\\\/www.capenergie.fr\\\/catalogue\\\/\"},{\"@type\":\"ListItem\",\"position\":2,\"name\":\"Eolienne domestique, Petite \u00e9olienne pour particulier\"}]},{\"@type\":\"WebSite\",\"@id\":\"https:\\\/\\\/www.capenergie.fr\\\/catalogue\\\/#website\",\"url\":\"https:\\\/\\\/www.capenergie.fr\\\/catalogue\\\/\",\"name\":\"\",\"description\":\"\",\"potentialAction\":[{\"@type\":\"SearchAction\",\"target\":{\"@type\":\"EntryPoint\",\"urlTemplate\":\"https:\\\/\\\/www.capenergie.fr\\\/catalogue\\\/?s={search_term_string}\"},\"query-input\":{\"@type\":\"PropertyValueSpecification\",\"valueRequired\":true,\"valueName\":\"search_term_string\"}}],\"inLanguage\":\"fr-FR\"}]}<\/script>\n<!-- \/ Yoast SEO plugin. -->","yoast_head_json":{"title":"Eolienne domestique - Distributeur de petite \u00e9olienne domestique","description":"Distributeur grossiste d'\u00e9olienne domestique partenaire du r\u00e9seau installateur petit \u00e9olien CapWindPartner \u00e9olienne pour particulier kingspan, whisper, air, evance","robots":{"index":"index","follow":"follow","max-snippet":"max-snippet:-1","max-image-preview":"max-image-preview:large","max-video-preview":"max-video-preview:-1"},"canonical":"https:\/\/www.capenergie.fr\/catalogue\/eolienne.html","og_locale":"fr_FR","og_type":"article","og_title":"Eolienne domestique - Distributeur de petite \u00e9olienne domestique","og_description":"Distributeur grossiste d'\u00e9olienne domestique partenaire du r\u00e9seau installateur petit \u00e9olien CapWindPartner \u00e9olienne pour particulier kingspan, whisper, air, evance","og_url":"https:\/\/www.capenergie.fr\/catalogue\/eolienne.html","article_modified_time":"2020-06-23T09:52:49+00:00","schema":{"@context":"https:\/\/schema.org","@graph":[{"@type":"WebPage","@id":"https:\/\/www.capenergie.fr\/catalogue\/eolienne.html","url":"https:\/\/www.capenergie.fr\/catalogue\/eolienne.html","name":"Eolienne domestique - Distributeur de petite \u00e9olienne domestique","isPartOf":{"@id":"https:\/\/www.capenergie.fr\/catalogue\/#website"},"datePublished":"2012-09-21T09:18:13+00:00","dateModified":"2020-06-23T09:52:49+00:00","description":"Distributeur grossiste d'\u00e9olienne domestique partenaire du r\u00e9seau installateur petit \u00e9olien CapWindPartner \u00e9olienne pour particulier kingspan, whisper, air, evance","breadcrumb":{"@id":"https:\/\/www.capenergie.fr\/catalogue\/eolienne.html#breadcrumb"},"inLanguage":"fr-FR","potentialAction":[{"@type":"ReadAction","target":["https:\/\/www.capenergie.fr\/catalogue\/eolienne.html"]}]},{"@type":"BreadcrumbList","@id":"https:\/\/www.capenergie.fr\/catalogue\/eolienne.html#breadcrumb","itemListElement":[{"@type":"ListItem","position":1,"name":"Accueil","item":"https:\/\/www.capenergie.fr\/catalogue\/"},{"@type":"ListItem","position":2,"name":"Eolienne domestique, Petite \u00e9olienne pour particulier"}]},{"@type":"WebSite","@id":"https:\/\/www.capenergie.fr\/catalogue\/#website","url":"https:\/\/www.capenergie.fr\/catalogue\/","name":"","description":"","potentialAction":[{"@type":"SearchAction","target":{"@type":"EntryPoint","urlTemplate":"https:\/\/www.capenergie.fr\/catalogue\/?s={search_term_string}"},"query-input":{"@type":"PropertyValueSpecification","valueRequired":true,"valueName":"search_term_string"}}],"inLanguage":"fr-FR"}]}},"_links":{"self":[{"href":"http:\/\/www.capenergie.fr\/catalogue\/wp-json\/wp\/v2\/pages\/88","targetHints":{"allow":["GET"]}}],"collection":[{"href":"http:\/\/www.capenergie.fr\/catalogue\/wp-json\/wp\/v2\/pages"}],"about":[{"href":"http:\/\/www.capenergie.fr\/catalogue\/wp-json\/wp\/v2\/types\/page"}],"author":[{"embeddable":true,"href":"http:\/\/www.capenergie.fr\/catalogue\/wp-json\/wp\/v2\/users\/1"}],"replies":[{"embeddable":true,"href":"http:\/\/www.capenergie.fr\/catalogue\/wp-json\/wp\/v2\/comments?post=88"}],"version-history":[{"count":15,"href":"http:\/\/www.capenergie.fr\/catalogue\/wp-json\/wp\/v2\/pages\/88\/revisions"}],"predecessor-version":[{"id":3867,"href":"http:\/\/www.capenergie.fr\/catalogue\/wp-json\/wp\/v2\/pages\/88\/revisions\/3867"}],"wp:attachment":[{"href":"http:\/\/www.capenergie.fr\/catalogue\/wp-json\/wp\/v2\/media?parent=88"}],"curies":[{"name":"wp","href":"https:\/\/api.w.org\/{rel}","templated":true}]}}