{"id":781,"date":"2013-01-15T11:57:58","date_gmt":"2013-01-15T10:57:58","guid":{"rendered":"http:\/\/www.capenergie.fr\/catalogue3\/?page_id=781"},"modified":"2013-01-25T12:25:44","modified_gmt":"2013-01-25T11:25:44","slug":"cap-energie-solutions-pour-constructeur-bbc","status":"publish","type":"page","link":"http:\/\/www.capenergie.fr\/catalogue\/cap-energie-solutions-pour-constructeur-bbc.html","title":{"rendered":"CAP ENERGIE SOLUTIONS POUR CONSTRUCTEUR BBC"},"content":{"rendered":"<div  id=\"content-box2\">\n<h2>Les solutions BBC et BEPOS&#8230;<\/h2>\n<p><img loading=\"lazy\" decoding=\"async\" style=\"float:right;\" src=\"http:\/\/images.capenergie.fr\/produit\/bbc\/bbc-2.jpg\" width=\"200\" height=\"96\"><\/p>\n<p><strong>L&rsquo;association Effinergie a \u00e9difi\u00e9 Le label BBC dans le but d&rsquo;identifier  les habitations \u00e0 faible consommation d&rsquo;\u00e9nergie <\/strong>et a pour but de promouvoir les projets de constructions permettant de ma\u00eetriser la consommations d&rsquo;\u00e9nergie en utilisant diff\u00e9rent proc\u00e9d\u00e9s.<br \/>\n  Le but de l&rsquo;association Effinergie est de parvenir \u00e0 diviser par quatre les \u00e9manations de CO2 \u00e0 l&rsquo;horizon 2050 et conduise le gouvernement \u00e0 \u0153uvrer pour d\u00e9finir le cahier des charges des futures r\u00e8glementation Thermique qui r\u00e9giront la construction d&rsquo;habitat en France.<\/p>\n<p>Il devient indispensable d&rsquo;inclure les \u00e9nergies renouvelables dans les choix \u00e9nerg\u00e9tiques pour augmenter ses chances d&rsquo;obtenir le label BBC et pour respecter prochainement la RT 2012 et RT 2015.<br \/>\n        Cap Energie apporte des solutions aux constructeurs de maison individuelle et autres pour faciliter l&rsquo;obtention de ce Label  \u00ab B\u00e2timent Basse Consommation \u00bb par l&rsquo;interm\u00e9diaire d&rsquo;\u00e9quipements de production d&rsquo;\u00e9nergie renouvelable ainsi que pour le Label BEPOS\u00ab B\u00e2timent \u00e0 Energie POSitive \u00bb qui devrait \u00eatre repris dans les mois avenir..<br \/>\n      Cap Energie apporte diff\u00e9rente solution aux particuliers pour investir dans leur habitat et b\u00e9n\u00e9ficier du cr\u00e9dit d\u2019imp\u00f4t d\u00e9veloppement durable et pr\u00eat \u00e0 taux z\u00e9ro+ (PTZ+)<\/p>\n<p>      A d\u00e9couvrir le <a rel=\"nofollow\" href=\"http:\/\/www.info-energie-paysdelaloire.fr\/docs\/9-DIVERS\/1-Reglementation\/BBC\/Guide_BBC_Effinergie.pdf\" target=\"_blank\">Guide pratique BBC Effienergie pour les constructions<\/a>.<\/p>\n<\/div>\n<div class=\"extrait-article\">\n<h2><a href=\"http:\/\/www.capenergie.fr\/catalogue\/constructeur-maison-bbc\/rt-et-label-bbc.html\" rel=\"bookmark\" title=\"R\u00e9glementation thermique et label BBC\">R\u00e9glementation thermique et label BBC<\/a><\/h2>\n<p><img loading=\"lazy\" decoding=\"async\" class=\"img-article\" title=\"R\u00e9glementation thermique et label BBC\" src=\"http:\/\/images.capenergie.fr\/produit\/bbc\/bbc-1.jpg\" alt=\"R\u00e9glementation thermique et label BBC\" width=\"125\" height=\"125\" \/><\/p>\n<p>L\u2019objectif de cette R\u00e9glementation Thermique est de limiter les consommations et notamment de  reprendre les exigences  de performance \u00e9nerg\u00e9tique d\u00e9fini par le <a href=\"\/catalogue\/constructeur-maison-bbc.html\" title=\"label BBC\">label BBC<\/a>. La \u00ab RT \u00bb R\u00e9glementation Thermique vise cinq postes de construction  : le chauffage ainsi que la climatisation, la production d\u2019eau (&#8230;)<\/p>\n<\/div>\n<div class=\"extrait-article\">\n<h2><a href=\"http:\/\/www.capenergie.fr\/catalogue\/constructeur-maison-bbc\/le-bepos.html\" rel=\"bookmark\" title=\"Le Bepos\">Le Bepos<\/a><\/h2>\n<p><img loading=\"lazy\" decoding=\"async\" class=\"img-article\" title=\"Le Bepos\" src=\"http:\/\/images.capenergie.fr\/produit\/bbc\/bbc-4.jpg\" alt=\"Le Bepos\" width=\"125\" height=\"125\" \/><\/p>\n<p>Le principe de ce concept <a href=\"\/catalogue\/constructeur-maison-bbc.html\" title=\"BEPOS\">BEPOS<\/a> r\u00e9side dans la construction d&rsquo;habitat \u00e0 \u00e9nergie positive. L&rsquo;habitat doit produire plus d\u2019\u00e9nergie (\u00e9lectricit\u00e9, chaud ou froid selon les saisons) qu\u2019il n\u2019en consomme pendant un an (diff\u00e9rence de consommation bas\u00e9e sur une ann\u00e9e) pour son fonctionnement. Ce concept de maison passive est g\u00e9n\u00e9ralement agr\u00e9ment\u00e9 de (&#8230;)<\/p>\n<\/div>\n<div class=\"extrait-article\">\n<h2><a href=\"http:\/\/www.capenergie.fr\/catalogue\/constructeur-maison-bbc\/ecs-et-chauffage-bbc.html\" rel=\"bookmark\" title=\"Eau chaude sanitaire et chauffage BBC\">Eau chaude sanitaire et chauffage BBC<\/a><\/h2>\n<p><img loading=\"lazy\" decoding=\"async\" class=\"img-article\" title=\"Eau chaude sanitaire et chauffage BBC\" src=\"http:\/\/images.capenergie.fr\/produit\/bbc\/bbc-8.jpg\" alt=\"Eau chaude sanitaire et chauffage BBC\" width=\"125\" height=\"125\" \/><\/p>\n<p>L\u2019\u00e9nergie solaire thermique est aujourd&rsquo;hui la solution num\u00e9ro une pour la production \u00e9conomique et \u00e9cologique d&rsquo;ECS (Eau chaude Sanitaire) employ\u00e9 dans la plupart des constructions BBC et offre une consommation de 10 \u00e0 25 kWhep\/m\u00b2\/an (environ la moiti\u00e9 d&rsquo;un chauffe-eau electrique traditionnel) et (&#8230;)<\/p>\n<\/div>\n<div class=\"extrait-article\">\n<h2><a href=\"http:\/\/www.capenergie.fr\/catalogue\/constructeur-maison-bbc\/aides-pour-maison-bbc.html\" rel=\"bookmark\" title=\"Aides pour maison bbc\">Aides pour maison bbc<\/a><\/h2>\n<p><img loading=\"lazy\" decoding=\"async\" loading=\"lazy\" class=\"img-article\" title=\"Aides pour maison bbc\" src=\"http:\/\/images.capenergie.fr\/produit\/bbc\/bbc-5.jpg\" alt=\"Aides pour maison bbc\" width=\"125\" height=\"125\" \/><\/p>\n<p>Les maisons individuelles ayant optenues le label BBC b\u00e9n\u00e9ficient de cr\u00e9dit d&rsquo;imp\u00f4t, d&rsquo;aides&#8230;pour permettre au parc immobilier fran\u00e7ais d&rsquo;\u00e9voluer vers un l&rsquo;habitat plus qualitatif et moins \u00e9nergivore que les constructions des ann\u00e9es 1970-2000. La p\u00e9riode d&rsquo;application du cr\u00e9dit d&rsquo;imp\u00f4t TEPA est appliqu\u00e9 sur sept ans au lieu de cinq ans et d&rsquo;une majoration de(&#8230;)<\/p>\n<\/div>\n<div class=\"extrait-article\">\n<h2><a href=\"http:\/\/www.capenergie.fr\/catalogue\/constructeur-maison-bbc\/solution-eolienne-bbc.html\" rel=\"bookmark\" title=\"Solutions \u00e9oliennes BBC\">Solutions \u00e9oliennes BBC<\/a><\/h2>\n<p><img loading=\"lazy\" decoding=\"async\" loading=\"lazy\" class=\"img-article\" title=\"Solutions \u00e9oliennes BBC\" src=\"http:\/\/images.capenergie.fr\/produit\/bbc\/bbc-7.jpg\" alt=\"Solutions \u00e9oliennes BBC\" width=\"125\" height=\"125\" \/><\/p>\n<p>L&rsquo;\u00e9lectricit\u00e9 produite par l&rsquo;\u00e9nergie \u00e9olienne permet d&rsquo;assouplir les contraintes d&rsquo;obtention  du label BBC et donc de respecter  la RT 2012.<br \/>\nCAP ENERGIE dont l&rsquo;expertise dans la distribution et l&rsquo;accompagnement de projets \u00e9oliens propose diff\u00e9rentes solutions aux constructeurs de maison BBC. (&#8230;)<\/p>\n<\/div>\n<div class=\"extrait-article\">\n<h2><a href=\"http:\/\/www.capenergie.fr\/catalogue\/constructeur-maison-bbc\/solution-photovoltaique-bbc.html\" rel=\"bookmark\" title=\"Solutions photovolta\u00efques pour maison BBC\">Solutions photovolta\u00efques pour maison BBC<\/a><\/h2>\n<p><img loading=\"lazy\" decoding=\"async\" loading=\"lazy\" class=\"img-article\" title=\"Solutions photovolta\u00efques pour maison BBC\" src=\"http:\/\/images.capenergie.fr\/produit\/bbc\/bbc-6.jpg\" alt=\"Solutions photovolta\u00efques pour maison BBC\" width=\"125\" height=\"125\" \/><\/p>\n<p>L&rsquo;\u00e9lectricit\u00e9 photovoltaique permet d&rsquo;assouplir les contraintes d&rsquo;obtention du label BBC et donc de respecter  la RT 2012.<br \/>\nCAP ENERGIE dont l&rsquo;expertise dans la distribution et l&rsquo;accompagnement de projets photovolta\u00efques propose diff\u00e9rentes solutions aux constructeurs de maison BBC (&#8230;)<\/p>\n<\/div>\n<div class=\"extrait-article\">\n<h2><a href=\"http:\/\/www.capenergie.fr\/catalogue\/constructeur-maison-bbc\/recuperation-deau-bbc.html\" rel=\"bookmark\" title=\"R\u00e9cup\u00e9ration d&rsquo;eau pour maison BBC\">R\u00e9cup\u00e9ration d&rsquo;eau pour maison BBC<\/a><\/h2>\n<p><img loading=\"lazy\" decoding=\"async\" loading=\"lazy\" class=\"img-article\" title=\"R\u00e9cup\u00e9ration d&rsquo;eau pour maison BBC\" src=\"http:\/\/images.capenergie.fr\/produit\/bbc\/bbc-9.jpg\" alt=\"R\u00e9cup\u00e9ration d&rsquo;eau pour maison BBC\" width=\"125\" height=\"125\" \/><\/p>\n<p>Une Ma\u00eetrise de sa consommation d\u2019eau dans un maison basse consommation permet de  r\u00e9aliser des \u00e9conomies sur la facture d\u2019eau et de s&rsquo;inscrire dans la continuit\u00e9 id\u00e9ologique de ce type d&rsquo;habitat. La facture d&rsquo;eau, comme celle de l&rsquo;\u00e9nergie ne cessera d&rsquo;augmenter et l&rsquo;investissement dans ce type d&rsquo;\u00e9quipement peut \u00eatre plus que rentable dans les r\u00e9gi (&#8230;)<\/p>\n<\/div>\n","protected":false},"excerpt":{"rendered":"<p>Les solutions BBC et BEPOS&#8230; L&rsquo;association Effinergie a \u00e9difi\u00e9 Le label BBC dans le but d&rsquo;identifier les habitations \u00e0 faible consommation d&rsquo;\u00e9nergie et a pour but de promouvoir les projets de constructions permettant de ma\u00eetriser la consommations d&rsquo;\u00e9nergie en utilisant diff\u00e9rent proc\u00e9d\u00e9s. Le but de l&rsquo;association Effinergie est de parvenir \u00e0 diviser par quatre les&hellip;&nbsp;<a href=\"http:\/\/www.capenergie.fr\/catalogue\/constructeur-maison-bbc\/recuperation-deau-bbc.html\" rel=\"bookmark\"><span class=\"screen-reader-text\">R\u00e9cup\u00e9ration d&rsquo;eau pour maison BBC<\/span><\/a><\/p>\n","protected":false},"author":1,"featured_media":0,"parent":0,"menu_order":0,"comment_status":"closed","ping_status":"closed","template":"sidebar-page.php","meta":{"neve_meta_sidebar":"","neve_meta_container":"","neve_meta_enable_content_width":"","neve_meta_content_width":0,"neve_meta_title_alignment":"","neve_meta_author_avatar":"","neve_post_elements_order":"","neve_meta_disable_header":"","neve_meta_disable_footer":"","neve_meta_disable_title":"","ngg_post_thumbnail":0,"_themeisle_gutenberg_block_has_review":false,"footnotes":""},"class_list":["post-781","page","type-page","status-publish","hentry"],"yoast_head":"<!-- This site is optimized with the Yoast SEO plugin v27.5 - https:\/\/yoast.com\/product\/yoast-seo-wordpress\/ -->\n<title>CAP ENERGIE SOLUTIONS POUR CONSTRUCTEUR BBC<\/title>\n<meta name=\"description\" content=\"construire une maison NF Maison Individuelle BBC information pour les constructeurs et particulier souhaitant construire une maison BBC ou BEPOS avec respect de l&#039;environnement\" \/>\n<meta name=\"robots\" content=\"index, follow, max-snippet:-1, max-image-preview:large, max-video-preview:-1\" \/>\n<link rel=\"canonical\" href=\"https:\/\/www.capenergie.fr\/catalogue\/cap-energie-solutions-pour-constructeur-bbc.html\" \/>\n<meta property=\"og:locale\" content=\"fr_FR\" \/>\n<meta property=\"og:type\" content=\"article\" \/>\n<meta property=\"og:title\" content=\"CAP ENERGIE SOLUTIONS POUR CONSTRUCTEUR BBC\" \/>\n<meta property=\"og:description\" content=\"construire une maison NF Maison Individuelle BBC information pour les constructeurs et particulier souhaitant construire une maison BBC ou BEPOS avec respect de l&#039;environnement\" \/>\n<meta property=\"og:url\" content=\"https:\/\/www.capenergie.fr\/catalogue\/cap-energie-solutions-pour-constructeur-bbc.html\" \/>\n<meta property=\"article:modified_time\" content=\"2013-01-25T11:25:44+00:00\" \/>\n<meta property=\"og:image\" content=\"http:\/\/images.capenergie.fr\/produit\/bbc\/bbc-2.jpg\" \/>\n<meta name=\"twitter:label1\" content=\"Dur\u00e9e de lecture estim\u00e9e\" \/>\n\t<meta name=\"twitter:data1\" content=\"1 minute\" \/>\n<script type=\"application\/ld+json\" class=\"yoast-schema-graph\">{\"@context\":\"https:\\\/\\\/schema.org\",\"@graph\":[{\"@type\":\"WebPage\",\"@id\":\"https:\\\/\\\/www.capenergie.fr\\\/catalogue\\\/cap-energie-solutions-pour-constructeur-bbc.html\",\"url\":\"https:\\\/\\\/www.capenergie.fr\\\/catalogue\\\/cap-energie-solutions-pour-constructeur-bbc.html\",\"name\":\"CAP ENERGIE SOLUTIONS POUR CONSTRUCTEUR BBC\",\"isPartOf\":{\"@id\":\"https:\\\/\\\/www.capenergie.fr\\\/catalogue\\\/#website\"},\"primaryImageOfPage\":{\"@id\":\"https:\\\/\\\/www.capenergie.fr\\\/catalogue\\\/cap-energie-solutions-pour-constructeur-bbc.html#primaryimage\"},\"image\":{\"@id\":\"https:\\\/\\\/www.capenergie.fr\\\/catalogue\\\/cap-energie-solutions-pour-constructeur-bbc.html#primaryimage\"},\"thumbnailUrl\":\"http:\\\/\\\/images.capenergie.fr\\\/produit\\\/bbc\\\/bbc-2.jpg\",\"datePublished\":\"2013-01-15T10:57:58+00:00\",\"dateModified\":\"2013-01-25T11:25:44+00:00\",\"description\":\"construire une maison NF Maison Individuelle BBC information pour les constructeurs et particulier souhaitant construire une maison BBC ou BEPOS avec respect de l'environnement\",\"breadcrumb\":{\"@id\":\"https:\\\/\\\/www.capenergie.fr\\\/catalogue\\\/cap-energie-solutions-pour-constructeur-bbc.html#breadcrumb\"},\"inLanguage\":\"fr-FR\",\"potentialAction\":[{\"@type\":\"ReadAction\",\"target\":[\"https:\\\/\\\/www.capenergie.fr\\\/catalogue\\\/cap-energie-solutions-pour-constructeur-bbc.html\"]}]},{\"@type\":\"ImageObject\",\"inLanguage\":\"fr-FR\",\"@id\":\"https:\\\/\\\/www.capenergie.fr\\\/catalogue\\\/cap-energie-solutions-pour-constructeur-bbc.html#primaryimage\",\"url\":\"http:\\\/\\\/images.capenergie.fr\\\/produit\\\/bbc\\\/bbc-2.jpg\",\"contentUrl\":\"http:\\\/\\\/images.capenergie.fr\\\/produit\\\/bbc\\\/bbc-2.jpg\"},{\"@type\":\"BreadcrumbList\",\"@id\":\"https:\\\/\\\/www.capenergie.fr\\\/catalogue\\\/cap-energie-solutions-pour-constructeur-bbc.html#breadcrumb\",\"itemListElement\":[{\"@type\":\"ListItem\",\"position\":1,\"name\":\"Accueil\",\"item\":\"http:\\\/\\\/www.capenergie.fr\\\/catalogue\\\/\"},{\"@type\":\"ListItem\",\"position\":2,\"name\":\"CAP ENERGIE SOLUTIONS POUR CONSTRUCTEUR BBC\"}]},{\"@type\":\"WebSite\",\"@id\":\"https:\\\/\\\/www.capenergie.fr\\\/catalogue\\\/#website\",\"url\":\"https:\\\/\\\/www.capenergie.fr\\\/catalogue\\\/\",\"name\":\"\",\"description\":\"\",\"potentialAction\":[{\"@type\":\"SearchAction\",\"target\":{\"@type\":\"EntryPoint\",\"urlTemplate\":\"https:\\\/\\\/www.capenergie.fr\\\/catalogue\\\/?s={search_term_string}\"},\"query-input\":{\"@type\":\"PropertyValueSpecification\",\"valueRequired\":true,\"valueName\":\"search_term_string\"}}],\"inLanguage\":\"fr-FR\"}]}<\/script>\n<!-- \/ Yoast SEO plugin. -->","yoast_head_json":{"title":"CAP ENERGIE SOLUTIONS POUR CONSTRUCTEUR BBC","description":"construire une maison NF Maison Individuelle BBC information pour les constructeurs et particulier souhaitant construire une maison BBC ou BEPOS avec respect de l'environnement","robots":{"index":"index","follow":"follow","max-snippet":"max-snippet:-1","max-image-preview":"max-image-preview:large","max-video-preview":"max-video-preview:-1"},"canonical":"https:\/\/www.capenergie.fr\/catalogue\/cap-energie-solutions-pour-constructeur-bbc.html","og_locale":"fr_FR","og_type":"article","og_title":"CAP ENERGIE SOLUTIONS POUR CONSTRUCTEUR BBC","og_description":"construire une maison NF Maison Individuelle BBC information pour les constructeurs et particulier souhaitant construire une maison BBC ou BEPOS avec respect de l'environnement","og_url":"https:\/\/www.capenergie.fr\/catalogue\/cap-energie-solutions-pour-constructeur-bbc.html","article_modified_time":"2013-01-25T11:25:44+00:00","og_image":[{"url":"http:\/\/images.capenergie.fr\/produit\/bbc\/bbc-2.jpg","type":"","width":"","height":""}],"twitter_misc":{"Dur\u00e9e de lecture estim\u00e9e":"1 minute"},"schema":{"@context":"https:\/\/schema.org","@graph":[{"@type":"WebPage","@id":"https:\/\/www.capenergie.fr\/catalogue\/cap-energie-solutions-pour-constructeur-bbc.html","url":"https:\/\/www.capenergie.fr\/catalogue\/cap-energie-solutions-pour-constructeur-bbc.html","name":"CAP ENERGIE SOLUTIONS POUR CONSTRUCTEUR BBC","isPartOf":{"@id":"https:\/\/www.capenergie.fr\/catalogue\/#website"},"primaryImageOfPage":{"@id":"https:\/\/www.capenergie.fr\/catalogue\/cap-energie-solutions-pour-constructeur-bbc.html#primaryimage"},"image":{"@id":"https:\/\/www.capenergie.fr\/catalogue\/cap-energie-solutions-pour-constructeur-bbc.html#primaryimage"},"thumbnailUrl":"http:\/\/images.capenergie.fr\/produit\/bbc\/bbc-2.jpg","datePublished":"2013-01-15T10:57:58+00:00","dateModified":"2013-01-25T11:25:44+00:00","description":"construire une maison NF Maison Individuelle BBC information pour les constructeurs et particulier souhaitant construire une maison BBC ou BEPOS avec respect de l'environnement","breadcrumb":{"@id":"https:\/\/www.capenergie.fr\/catalogue\/cap-energie-solutions-pour-constructeur-bbc.html#breadcrumb"},"inLanguage":"fr-FR","potentialAction":[{"@type":"ReadAction","target":["https:\/\/www.capenergie.fr\/catalogue\/cap-energie-solutions-pour-constructeur-bbc.html"]}]},{"@type":"ImageObject","inLanguage":"fr-FR","@id":"https:\/\/www.capenergie.fr\/catalogue\/cap-energie-solutions-pour-constructeur-bbc.html#primaryimage","url":"http:\/\/images.capenergie.fr\/produit\/bbc\/bbc-2.jpg","contentUrl":"http:\/\/images.capenergie.fr\/produit\/bbc\/bbc-2.jpg"},{"@type":"BreadcrumbList","@id":"https:\/\/www.capenergie.fr\/catalogue\/cap-energie-solutions-pour-constructeur-bbc.html#breadcrumb","itemListElement":[{"@type":"ListItem","position":1,"name":"Accueil","item":"http:\/\/www.capenergie.fr\/catalogue\/"},{"@type":"ListItem","position":2,"name":"CAP ENERGIE SOLUTIONS POUR CONSTRUCTEUR BBC"}]},{"@type":"WebSite","@id":"https:\/\/www.capenergie.fr\/catalogue\/#website","url":"https:\/\/www.capenergie.fr\/catalogue\/","name":"","description":"","potentialAction":[{"@type":"SearchAction","target":{"@type":"EntryPoint","urlTemplate":"https:\/\/www.capenergie.fr\/catalogue\/?s={search_term_string}"},"query-input":{"@type":"PropertyValueSpecification","valueRequired":true,"valueName":"search_term_string"}}],"inLanguage":"fr-FR"}]}},"_links":{"self":[{"href":"http:\/\/www.capenergie.fr\/catalogue\/wp-json\/wp\/v2\/pages\/781","targetHints":{"allow":["GET"]}}],"collection":[{"href":"http:\/\/www.capenergie.fr\/catalogue\/wp-json\/wp\/v2\/pages"}],"about":[{"href":"http:\/\/www.capenergie.fr\/catalogue\/wp-json\/wp\/v2\/types\/page"}],"author":[{"embeddable":true,"href":"http:\/\/www.capenergie.fr\/catalogue\/wp-json\/wp\/v2\/users\/1"}],"replies":[{"embeddable":true,"href":"http:\/\/www.capenergie.fr\/catalogue\/wp-json\/wp\/v2\/comments?post=781"}],"version-history":[{"count":6,"href":"http:\/\/www.capenergie.fr\/catalogue\/wp-json\/wp\/v2\/pages\/781\/revisions"}],"predecessor-version":[{"id":875,"href":"http:\/\/www.capenergie.fr\/catalogue\/wp-json\/wp\/v2\/pages\/781\/revisions\/875"}],"wp:attachment":[{"href":"http:\/\/www.capenergie.fr\/catalogue\/wp-json\/wp\/v2\/media?parent=781"}],"curies":[{"name":"wp","href":"https:\/\/api.w.org\/{rel}","templated":true}]}}