{"id":76,"date":"2012-09-20T10:28:45","date_gmt":"2012-09-20T10:28:45","guid":{"rendered":"http:\/\/www.capenergie.fr\/catalogue3\/?page_id=76"},"modified":"2013-03-05T12:43:02","modified_gmt":"2013-03-05T11:43:02","slug":"actualite","status":"publish","type":"page","link":"http:\/\/www.capenergie.fr\/catalogue\/actualite.html","title":{"rendered":"Actualit\u00e9 photovolta\u00efque, site isol\u00e9 et \u00e9olienne pour particulier"},"content":{"rendered":"<div class=\"extrait-article\">\n\t<span class=\"catedate-extrait\"><a href=\"http:\/\/www.capenergie.fr\/catalogue\/category\/actualite\" rel=\"category tag\">Actualit\u00e9<\/a> | 7 Avr &#8211; 2026<\/span><\/p>\n<h2><a href=\"http:\/\/www.capenergie.fr\/catalogue\/actualite\/soutenir-les-ong-avec-des-solutions-fiables-en-energie-et-en-eau.html\" rel=\"bookmark\" title=\"Soutenir les ONG avec des solutions fiables en \u00e9nergie et en eau\">Soutenir les ONG avec des solutions fiables en \u00e9nergie et en eau<\/a><\/h2>\n<p>SYST\u00c8MES DURABLES ET \u00c9PROUV\u00c9S SUR LE TERRAIN CON\u00c7US POUR LES OP\u00c9RATIONS HUMANITAIRES Les ONG op\u00e8rent dans certains des environnements les plus difficiles. L\u2019acc\u00e8s \u00e0 une \u00e9nergie fiable et \u00e0 de l\u2019eau potable est essentiel pour assurer le succ\u00e8s des missions et un impact durable. &#x1f50b; Solutions \u00c9nerg\u00e9tiques * Kits solaires * Syst\u00e8mes hybrides * Autonomie&hellip;&nbsp;<a href=\"http:\/\/www.capenergie.fr\/catalogue\/actualite\/soutenir-les-ong-avec-des-solutions-fiables-en-energie-et-en-eau.html\" rel=\"bookmark\"><span class=\"screen-reader-text\">Soutenir les ONG avec des solutions fiables en \u00e9nergie et en eau<\/span><\/a><\/p>\n<\/div>\n<div class=\"extrait-article\">\n\t<span class=\"catedate-extrait\"><a href=\"http:\/\/www.capenergie.fr\/catalogue\/category\/actualite\" rel=\"category tag\">Actualit\u00e9<\/a> | 3 F\u00e9v &#8211; 2026<\/span><\/p>\n<h2><a href=\"http:\/\/www.capenergie.fr\/catalogue\/actualite\/nf-c-15-100-dossier-consuel-photovoltaique-tutoriel.html\" rel=\"bookmark\" title=\"NF C 15-100 Dossier CONSUEL photovolta\u00efque : comment le compl\u00e9ter correctement du premier coup\">NF C 15-100 Dossier CONSUEL photovolta\u00efque : comment le compl\u00e9ter correctement du premier coup<\/a><\/h2>\n<p>Raccorder une installation photovolta\u00efque en autoconsommation, le guide pratique pour ne rien laisser au hasard avec ce tutoriel consuel photovolta\u00efque en vid\u00e9o. Nous avons r\u00e9cemment fait le point sur les cons\u00e9quences de la nouvelle version de la norme NF C 15-100 pour les installations de production d\u2019\u00e9lectricit\u00e9, ainsi que sur les \u00e9volutions des d\u00e9marches \u00e0&hellip;&nbsp;<a href=\"http:\/\/www.capenergie.fr\/catalogue\/actualite\/nf-c-15-100-dossier-consuel-photovoltaique-tutoriel.html\" rel=\"bookmark\"><span class=\"screen-reader-text\">NF C 15-100 Dossier CONSUEL photovolta\u00efque : comment le compl\u00e9ter correctement du premier coup<\/span><\/a><\/p>\n<\/div>\n<div class=\"extrait-article\">\n\t<span class=\"catedate-extrait\"><a href=\"http:\/\/www.capenergie.fr\/catalogue\/category\/actualite\" rel=\"category tag\">Actualit\u00e9<\/a> | 23 D\u00e9c &#8211; 2025<\/span><\/p>\n<h2><a href=\"http:\/\/www.capenergie.fr\/catalogue\/actualite\/energaia-2025-video.html\" rel=\"bookmark\" title=\"Energa\u00efa 2025, retour en video\">Energa\u00efa 2025, retour en video<\/a><\/h2>\n<p>Les 10 et 11 d\u00e9cembre, l\u2019\u00e9quipe CapEnergie a particip\u00e9 \u00e0 Energa\u00efa 2025, le plus grand salon des \u00e9nergies renouvelables du sud de la France. Cet \u00e9v\u00e9nement incontournable rassemble chaque ann\u00e9e les professionnels du photovolta\u00efque, du stockage d\u2019\u00e9nergie et des solutions \u00e9nerg\u00e9tiques durables. Pr\u00e9sents sur notre stand Hall A2 Stand C17, nous avons accueilli installateurs, partenaires&hellip;&nbsp;<a href=\"http:\/\/www.capenergie.fr\/catalogue\/actualite\/energaia-2025-video.html\" rel=\"bookmark\"><span class=\"screen-reader-text\">Energa\u00efa 2025, retour en video<\/span><\/a><\/p>\n<\/div>\n<div class=\"extrait-article\">\n\t<span class=\"catedate-extrait\"><a href=\"http:\/\/www.capenergie.fr\/catalogue\/category\/actualite\" rel=\"category tag\">Actualit\u00e9<\/a> | 29 Oct &#8211; 2025<\/span><\/p>\n<h2><a href=\"http:\/\/www.capenergie.fr\/catalogue\/actualite\/jinko-solar-500-w-tva-reduite-5-5.html\" rel=\"bookmark\" title=\"Nouveau module Jinko Solar 500 W chez Capenergie : TVA r\u00e9duite \u00e0 5,5 %\">Nouveau module Jinko Solar 500 W chez Capenergie : TVA r\u00e9duite \u00e0 5,5 %<\/a><\/h2>\n<p>Une solution technique pens\u00e9e pour la durabilit\u00e9 Le module Jinko Solar 500 W se distingue par un bilan carbone tr\u00e8s bas, inf\u00e9rieur \u00e0 520 kgCO\u2082e\/kWc, ce qui d\u00e9passe les exigences r\u00e9glementaires actuelles. Cette performance est obtenue notamment gr\u00e2ce \u00e0 l\u2019utilisation partielle d\u2019un silicium d\u2019origine europ\u00e9enne, favorisant une production plus responsable et une meilleure tra\u00e7abilit\u00e9 des&hellip;&nbsp;<a href=\"http:\/\/www.capenergie.fr\/catalogue\/actualite\/jinko-solar-500-w-tva-reduite-5-5.html\" rel=\"bookmark\"><span class=\"screen-reader-text\">Nouveau module Jinko Solar 500 W chez Capenergie : TVA r\u00e9duite \u00e0 5,5 %<\/span><\/a><\/p>\n<\/div>\n<div class=\"extrait-article\">\n\t<span class=\"catedate-extrait\"><a href=\"http:\/\/www.capenergie.fr\/catalogue\/category\/actualite\" rel=\"category tag\">Actualit\u00e9<\/a> | 13 Oct &#8211; 2025<\/span><\/p>\n<h2><a href=\"http:\/\/www.capenergie.fr\/catalogue\/actualite\/capenergie-a-soutenu-operation-initiative-lumiere-pour-le-maroc.html\" rel=\"bookmark\" title=\"CapEnergie a soutenu l\u2019op\u00e9ration \u00ab Initiative Lumi\u00e8re pour le Maroc \u00bb\">CapEnergie a soutenu l\u2019op\u00e9ration \u00ab Initiative Lumi\u00e8re pour le Maroc \u00bb<\/a><\/h2>\n<p>Une r\u00e9ponse durable apr\u00e8s le s\u00e9isme du 8 septembre 2023 \u00c0 la suite du s\u00e9isme qui a frapp\u00e9 le Maroc le 8 septembre 2023, plusieurs zones rurales ont \u00e9t\u00e9 fortement impact\u00e9es, privant de nombreux foyers d\u2019un acc\u00e8s fiable \u00e0 l\u2019\u00e9lectricit\u00e9. Pour apporter une solution p\u00e9renne, \u00c9lectriciens sans fronti\u00e8res, en partenariat avec le programme Morocco Future&hellip;&nbsp;<a href=\"http:\/\/www.capenergie.fr\/catalogue\/actualite\/capenergie-a-soutenu-operation-initiative-lumiere-pour-le-maroc.html\" rel=\"bookmark\"><span class=\"screen-reader-text\">CapEnergie a soutenu l\u2019op\u00e9ration \u00ab Initiative Lumi\u00e8re pour le Maroc \u00bb<\/span><\/a><\/p>\n<\/div>\n<div class=\"extrait-article\">\n\t<span class=\"catedate-extrait\"><a href=\"http:\/\/www.capenergie.fr\/catalogue\/category\/actualite\" rel=\"category tag\">Actualit\u00e9<\/a> | 8 Oct &#8211; 2025<\/span><\/p>\n<h2><a href=\"http:\/\/www.capenergie.fr\/catalogue\/actualite\/recapitulatif-tarif-achat-electricite-photovoltaique-4eme-trimestre-2025.html\" rel=\"bookmark\" title=\"R\u00e9capitulatif tarif d&rsquo;achat de l&rsquo;\u00e9lectricit\u00e9 photovolta\u00efque 4\u00e8me trimestre 2025\">R\u00e9capitulatif tarif d&rsquo;achat de l&rsquo;\u00e9lectricit\u00e9 photovolta\u00efque 4\u00e8me trimestre 2025<\/a><\/h2>\n<p>Les tarifs, les primes autoconsommation&#8230;4\u00e8me trimestre 2025. Les nouveaux tarifs d&rsquo;achat pour l\u2019\u00e9lectricit\u00e9 photovolta\u00efque (vente int\u00e9grale ou autoconsommation photovolta\u00efque avec revente de surplus) pour le quatri\u00e8me trimestre 2025, couvrant la p\u00e9riode du 1er octobre 2025 au 1er janvier 2026, sont d\u00e9sormais publi\u00e9s. Suite \u00e0 la publication de l\u2019arr\u00eat\u00e9 modificatif en date du 26 mars 2025,&hellip;&nbsp;<a href=\"http:\/\/www.capenergie.fr\/catalogue\/actualite\/recapitulatif-tarif-achat-electricite-photovoltaique-4eme-trimestre-2025.html\" rel=\"bookmark\"><span class=\"screen-reader-text\">R\u00e9capitulatif tarif d&rsquo;achat de l&rsquo;\u00e9lectricit\u00e9 photovolta\u00efque 4\u00e8me trimestre 2025<\/span><\/a><\/p>\n<\/div>\n<div class=\"extrait-article\">\n\t<span class=\"catedate-extrait\"><a href=\"http:\/\/www.capenergie.fr\/catalogue\/category\/actualite\" rel=\"category tag\">Actualit\u00e9<\/a> | 9 Sep &#8211; 2025<\/span><\/p>\n<h2><a href=\"http:\/\/www.capenergie.fr\/catalogue\/actualite\/arrete-tva-reduite-solaire-photovoltaique.html\" rel=\"bookmark\" title=\"TVA r\u00e9duite \u00e0 5,5 % sous conditions\">TVA r\u00e9duite \u00e0 5,5 % sous conditions<\/a><\/h2>\n<p>Un arr\u00eat\u00e9 officialisant l\u2019application d\u2019une TVA r\u00e9duite \u00e0 5,5 % pour les installations photovolta\u00efques de moins de 9 kWc a \u00e9t\u00e9 publi\u00e9 au Journal Officiel. Pr\u00e9vu pour entrer en vigueur le 1er octobre, il confirme la version discut\u00e9e au Conseil sup\u00e9rieur de l\u2019\u00e9nergie, sans retenir les propositions \u00e9cart\u00e9es par le gouvernement, comme l\u2019exigence d\u2019un installateur&hellip;&nbsp;<a href=\"http:\/\/www.capenergie.fr\/catalogue\/actualite\/arrete-tva-reduite-solaire-photovoltaique.html\" rel=\"bookmark\"><span class=\"screen-reader-text\">TVA r\u00e9duite \u00e0 5,5 % sous conditions<\/span><\/a><\/p>\n<\/div>\n<div class=\"extrait-article\">\n\t<span class=\"catedate-extrait\"><a href=\"http:\/\/www.capenergie.fr\/catalogue\/category\/actualite\" rel=\"category tag\">Actualit\u00e9<\/a> | 5 Ao\u00fbt &#8211; 2025<\/span><\/p>\n<h2><a href=\"http:\/\/www.capenergie.fr\/catalogue\/actualite\/insertionrail-k2-systems.html\" rel=\"bookmark\" title=\"Nouvelles possibilit\u00e9s K2 Systems : InsertionRail 2.0 arrive sur les toits inclin\u00e9s !\">Nouvelles possibilit\u00e9s K2 Systems : InsertionRail 2.0 arrive sur les toits inclin\u00e9s !<\/a><\/h2>\n<p>Le syst\u00e8me InsertionRail 2.0 de K2 Systems, reconnu pour ses performances sur fa\u00e7ades (notamment dans les solutions K2 WallPV), \u00e9volue et s&rsquo;adapte d\u00e9sormais aux toitures inclin\u00e9es. Cette mise \u00e0 jour majeure marque un tournant en mati\u00e8re de flexibilit\u00e9 et de gain de temps pour les professionnels de l\u2019installation solaire. Une seule r\u00e9f\u00e9rence, une multitude d&rsquo;applications&hellip;&nbsp;<a href=\"http:\/\/www.capenergie.fr\/catalogue\/actualite\/insertionrail-k2-systems.html\" rel=\"bookmark\"><span class=\"screen-reader-text\">Nouvelles possibilit\u00e9s K2 Systems : InsertionRail 2.0 arrive sur les toits inclin\u00e9s !<\/span><\/a><\/p>\n<\/div>\n<div class=\"extrait-article\">\n\t<span class=\"catedate-extrait\"><a href=\"http:\/\/www.capenergie.fr\/catalogue\/category\/actualite\" rel=\"category tag\">Actualit\u00e9<\/a> | 30 Juin &#8211; 2025<\/span><\/p>\n<h2><a href=\"http:\/\/www.capenergie.fr\/catalogue\/actualite\/recapitulatif-tarif-achat-electricite-photovoltaique-3eme-trimestre-2025.html\" rel=\"bookmark\" title=\"R\u00e9capitulatif tarif d&rsquo;achat de l&rsquo;\u00e9lectricit\u00e9 photovolta\u00efque 3\u00e8me trimestre 2025\">R\u00e9capitulatif tarif d&rsquo;achat de l&rsquo;\u00e9lectricit\u00e9 photovolta\u00efque 3\u00e8me trimestre 2025<\/a><\/h2>\n<p>Les tarifs, les primes autoconsommation&#8230;3\u00e8me trimestre 2025. Les nouveaux tarifs d&rsquo;achat pour l\u2019\u00e9lectricit\u00e9 photovolta\u00efque (vente int\u00e9grale ou autoconsommation photovolta\u00efque avec revente de surplus) pour le troisi\u00e8me trimestre 2025, couvrant la p\u00e9riode du 1er juillet 2025 au 30 septembre 2025, sont d\u00e9sormais publi\u00e9s. Suite \u00e0 la publication de l\u2019arr\u00eat\u00e9 modificatif en date du 26 mars 2025,&hellip;&nbsp;<a href=\"http:\/\/www.capenergie.fr\/catalogue\/actualite\/recapitulatif-tarif-achat-electricite-photovoltaique-3eme-trimestre-2025.html\" rel=\"bookmark\"><span class=\"screen-reader-text\">R\u00e9capitulatif tarif d&rsquo;achat de l&rsquo;\u00e9lectricit\u00e9 photovolta\u00efque 3\u00e8me trimestre 2025<\/span><\/a><\/p>\n<\/div>\n<div class=\"extrait-article\">\n\t<span class=\"catedate-extrait\"><a href=\"http:\/\/www.capenergie.fr\/catalogue\/category\/actualite\" rel=\"category tag\">Actualit\u00e9<\/a> | 29 Oct &#8211; 2024<\/span><\/p>\n<h2><a href=\"http:\/\/www.capenergie.fr\/catalogue\/actualite\/recapitulatif-tarif-achat-electricite-photovoltaique-4eme-trimestre-2024.html\" rel=\"bookmark\" title=\"R\u00e9capitulatif tarif d&rsquo;achat de l&rsquo;\u00e9lectricit\u00e9 photovolta\u00efque 4\u00e8me trimestre 2024\">R\u00e9capitulatif tarif d&rsquo;achat de l&rsquo;\u00e9lectricit\u00e9 photovolta\u00efque 4\u00e8me trimestre 2024<\/a><\/h2>\n<p>Les tarifs, les primes autoconsommation&#8230;4\u00e8me trimestre 2024. Les nouveaux tarifs de rachat pour l\u2019\u00e9lectricit\u00e9 photovolta\u00efque (vente int\u00e9grale ou autoconsommation photovolta\u00efque avec revente de surplus) pour le quatri\u00e8me trimestre 2024, couvrant la p\u00e9riode du 1er novembre 2024 au 31 janvier 2025, sont d\u00e9sormais publi\u00e9s. Ces tarifs sont globalement revus \u00e0 la baisse. Par exemple, le tarif&hellip;&nbsp;<a href=\"http:\/\/www.capenergie.fr\/catalogue\/actualite\/recapitulatif-tarif-achat-electricite-photovoltaique-4eme-trimestre-2024.html\" rel=\"bookmark\"><span class=\"screen-reader-text\">R\u00e9capitulatif tarif d&rsquo;achat de l&rsquo;\u00e9lectricit\u00e9 photovolta\u00efque 4\u00e8me trimestre 2024<\/span><\/a><\/p>\n<\/div>\n","protected":false},"excerpt":{"rendered":"<p>Actualit\u00e9 | 7 Avr &#8211; 2026 Soutenir les ONG avec des solutions fiables en \u00e9nergie et en eau SYST\u00c8MES DURABLES ET \u00c9PROUV\u00c9S SUR LE TERRAIN CON\u00c7US POUR LES OP\u00c9RATIONS HUMANITAIRES Les ONG op\u00e8rent dans certains des environnements les plus difficiles. L\u2019acc\u00e8s \u00e0 une \u00e9nergie fiable et \u00e0 de l\u2019eau potable est essentiel pour assurer le&hellip;&nbsp;<a href=\"http:\/\/www.capenergie.fr\/catalogue\/actualite\/recapitulatif-tarif-achat-electricite-photovoltaique-4eme-trimestre-2024.html\" rel=\"bookmark\"><span class=\"screen-reader-text\">R\u00e9capitulatif tarif d&rsquo;achat de l&rsquo;\u00e9lectricit\u00e9 photovolta\u00efque 4\u00e8me trimestre 2024<\/span><\/a><\/p>\n","protected":false},"author":1,"featured_media":0,"parent":0,"menu_order":0,"comment_status":"closed","ping_status":"closed","template":"sidebar-page.php","meta":{"neve_meta_sidebar":"","neve_meta_container":"","neve_meta_enable_content_width":"","neve_meta_content_width":0,"neve_meta_title_alignment":"","neve_meta_author_avatar":"","neve_post_elements_order":"","neve_meta_disable_header":"","neve_meta_disable_footer":"","neve_meta_disable_title":"","ngg_post_thumbnail":0,"_themeisle_gutenberg_block_has_review":false,"footnotes":""},"class_list":["post-76","page","type-page","status-publish","hentry"],"yoast_head":"<!-- This site is optimized with the Yoast SEO plugin v27.4 - https:\/\/yoast.com\/product\/yoast-seo-wordpress\/ -->\n<title>Actualit\u00e9 photovolta\u00efque, site isol\u00e9 et \u00e9olienne pour particulier<\/title>\n<meta name=\"description\" content=\"Actualit\u00e9 \u00e9conomique des \u00e9nergies renouvelables dans le secteur du photovolta\u00efque ainsi que des ENR dans le secteur du site isol\u00e9 et \u00e9olienne pour particulier et domestique\" \/>\n<meta name=\"robots\" content=\"index, follow, max-snippet:-1, max-image-preview:large, max-video-preview:-1\" \/>\n<link rel=\"canonical\" href=\"http:\/\/www.capenergie.fr\/catalogue\/actualite.html\" \/>\n<meta property=\"og:locale\" content=\"fr_FR\" \/>\n<meta property=\"og:type\" content=\"article\" \/>\n<meta property=\"og:title\" content=\"Actualit\u00e9 photovolta\u00efque, site isol\u00e9 et \u00e9olienne pour particulier\" \/>\n<meta property=\"og:description\" content=\"Actualit\u00e9 \u00e9conomique des \u00e9nergies renouvelables dans le secteur du photovolta\u00efque ainsi que des ENR dans le secteur du site isol\u00e9 et \u00e9olienne pour particulier et domestique\" \/>\n<meta property=\"og:url\" content=\"http:\/\/www.capenergie.fr\/catalogue\/actualite.html\" \/>\n<meta property=\"article:modified_time\" content=\"2013-03-05T11:43:02+00:00\" \/>\n<script type=\"application\/ld+json\" class=\"yoast-schema-graph\">{\"@context\":\"https:\\\/\\\/schema.org\",\"@graph\":[{\"@type\":\"WebPage\",\"@id\":\"http:\\\/\\\/www.capenergie.fr\\\/catalogue\\\/actualite.html\",\"url\":\"http:\\\/\\\/www.capenergie.fr\\\/catalogue\\\/actualite.html\",\"name\":\"Actualit\u00e9 photovolta\u00efque, site isol\u00e9 et \u00e9olienne pour particulier\",\"isPartOf\":{\"@id\":\"https:\\\/\\\/www.capenergie.fr\\\/catalogue\\\/#website\"},\"datePublished\":\"2012-09-20T10:28:45+00:00\",\"dateModified\":\"2013-03-05T11:43:02+00:00\",\"description\":\"Actualit\u00e9 \u00e9conomique des \u00e9nergies renouvelables dans le secteur du photovolta\u00efque ainsi que des ENR dans le secteur du site isol\u00e9 et \u00e9olienne pour particulier et domestique\",\"breadcrumb\":{\"@id\":\"http:\\\/\\\/www.capenergie.fr\\\/catalogue\\\/actualite.html#breadcrumb\"},\"inLanguage\":\"fr-FR\",\"potentialAction\":[{\"@type\":\"ReadAction\",\"target\":[\"http:\\\/\\\/www.capenergie.fr\\\/catalogue\\\/actualite.html\"]}]},{\"@type\":\"BreadcrumbList\",\"@id\":\"http:\\\/\\\/www.capenergie.fr\\\/catalogue\\\/actualite.html#breadcrumb\",\"itemListElement\":[{\"@type\":\"ListItem\",\"position\":1,\"name\":\"Accueil\",\"item\":\"https:\\\/\\\/www.capenergie.fr\\\/catalogue\\\/\"},{\"@type\":\"ListItem\",\"position\":2,\"name\":\"Actualit\u00e9 photovolta\u00efque, site isol\u00e9 et \u00e9olienne pour particulier\"}]},{\"@type\":\"WebSite\",\"@id\":\"https:\\\/\\\/www.capenergie.fr\\\/catalogue\\\/#website\",\"url\":\"https:\\\/\\\/www.capenergie.fr\\\/catalogue\\\/\",\"name\":\"\",\"description\":\"\",\"potentialAction\":[{\"@type\":\"SearchAction\",\"target\":{\"@type\":\"EntryPoint\",\"urlTemplate\":\"https:\\\/\\\/www.capenergie.fr\\\/catalogue\\\/?s={search_term_string}\"},\"query-input\":{\"@type\":\"PropertyValueSpecification\",\"valueRequired\":true,\"valueName\":\"search_term_string\"}}],\"inLanguage\":\"fr-FR\"}]}<\/script>\n<!-- \/ Yoast SEO plugin. -->","yoast_head_json":{"title":"Actualit\u00e9 photovolta\u00efque, site isol\u00e9 et \u00e9olienne pour particulier","description":"Actualit\u00e9 \u00e9conomique des \u00e9nergies renouvelables dans le secteur du photovolta\u00efque ainsi que des ENR dans le secteur du site isol\u00e9 et \u00e9olienne pour particulier et domestique","robots":{"index":"index","follow":"follow","max-snippet":"max-snippet:-1","max-image-preview":"max-image-preview:large","max-video-preview":"max-video-preview:-1"},"canonical":"http:\/\/www.capenergie.fr\/catalogue\/actualite.html","og_locale":"fr_FR","og_type":"article","og_title":"Actualit\u00e9 photovolta\u00efque, site isol\u00e9 et \u00e9olienne pour particulier","og_description":"Actualit\u00e9 \u00e9conomique des \u00e9nergies renouvelables dans le secteur du photovolta\u00efque ainsi que des ENR dans le secteur du site isol\u00e9 et \u00e9olienne pour particulier et domestique","og_url":"http:\/\/www.capenergie.fr\/catalogue\/actualite.html","article_modified_time":"2013-03-05T11:43:02+00:00","schema":{"@context":"https:\/\/schema.org","@graph":[{"@type":"WebPage","@id":"http:\/\/www.capenergie.fr\/catalogue\/actualite.html","url":"http:\/\/www.capenergie.fr\/catalogue\/actualite.html","name":"Actualit\u00e9 photovolta\u00efque, site isol\u00e9 et \u00e9olienne pour particulier","isPartOf":{"@id":"https:\/\/www.capenergie.fr\/catalogue\/#website"},"datePublished":"2012-09-20T10:28:45+00:00","dateModified":"2013-03-05T11:43:02+00:00","description":"Actualit\u00e9 \u00e9conomique des \u00e9nergies renouvelables dans le secteur du photovolta\u00efque ainsi que des ENR dans le secteur du site isol\u00e9 et \u00e9olienne pour particulier et domestique","breadcrumb":{"@id":"http:\/\/www.capenergie.fr\/catalogue\/actualite.html#breadcrumb"},"inLanguage":"fr-FR","potentialAction":[{"@type":"ReadAction","target":["http:\/\/www.capenergie.fr\/catalogue\/actualite.html"]}]},{"@type":"BreadcrumbList","@id":"http:\/\/www.capenergie.fr\/catalogue\/actualite.html#breadcrumb","itemListElement":[{"@type":"ListItem","position":1,"name":"Accueil","item":"https:\/\/www.capenergie.fr\/catalogue\/"},{"@type":"ListItem","position":2,"name":"Actualit\u00e9 photovolta\u00efque, site isol\u00e9 et \u00e9olienne pour particulier"}]},{"@type":"WebSite","@id":"https:\/\/www.capenergie.fr\/catalogue\/#website","url":"https:\/\/www.capenergie.fr\/catalogue\/","name":"","description":"","potentialAction":[{"@type":"SearchAction","target":{"@type":"EntryPoint","urlTemplate":"https:\/\/www.capenergie.fr\/catalogue\/?s={search_term_string}"},"query-input":{"@type":"PropertyValueSpecification","valueRequired":true,"valueName":"search_term_string"}}],"inLanguage":"fr-FR"}]}},"_links":{"self":[{"href":"http:\/\/www.capenergie.fr\/catalogue\/wp-json\/wp\/v2\/pages\/76","targetHints":{"allow":["GET"]}}],"collection":[{"href":"http:\/\/www.capenergie.fr\/catalogue\/wp-json\/wp\/v2\/pages"}],"about":[{"href":"http:\/\/www.capenergie.fr\/catalogue\/wp-json\/wp\/v2\/types\/page"}],"author":[{"embeddable":true,"href":"http:\/\/www.capenergie.fr\/catalogue\/wp-json\/wp\/v2\/users\/1"}],"replies":[{"embeddable":true,"href":"http:\/\/www.capenergie.fr\/catalogue\/wp-json\/wp\/v2\/comments?post=76"}],"version-history":[{"count":8,"href":"http:\/\/www.capenergie.fr\/catalogue\/wp-json\/wp\/v2\/pages\/76\/revisions"}],"predecessor-version":[{"id":1020,"href":"http:\/\/www.capenergie.fr\/catalogue\/wp-json\/wp\/v2\/pages\/76\/revisions\/1020"}],"wp:attachment":[{"href":"http:\/\/www.capenergie.fr\/catalogue\/wp-json\/wp\/v2\/media?parent=76"}],"curies":[{"name":"wp","href":"https:\/\/api.w.org\/{rel}","templated":true}]}}