{"id":729,"date":"2013-01-11T12:16:08","date_gmt":"2013-01-11T11:16:08","guid":{"rendered":"http:\/\/www.capenergie.fr\/catalogue3\/?page_id=729"},"modified":"2025-10-28T12:41:11","modified_gmt":"2025-10-28T11:41:11","slug":"air-solaire-grammer-solar","status":"publish","type":"page","link":"http:\/\/www.capenergie.fr\/catalogue\/air-solaire-grammer-solar.html","title":{"rendered":"Air solaire Grammer Solar"},"content":{"rendered":"<div  id=\"content-box2\">\n<p><strong>Pour le chauffage et la d\u00e9shumidification Cap Energie propose le Syst\u00e8me Air solaire de <a href=\"\/catalogue\/thermique.html\" title=\"Grammer solar\">Grammer solar<\/a>, Facile, efficace, autonome <\/strong>!<br \/>\n  R\u00e9duire les  frais de chauffage, stopper les probl\u00e8mes d\u00b4humidit\u00e9, \u00e9radiquer les probl\u00e8mes d\u00fbs \u00e0 une mauvaise ventilation&#8230;<\/p>\n<\/div>\n<div>\n<h2>Air solaire Grammer<\/h2>\n<p>\n  La technologie Air Solaire offre <strong>une solution facile et efficace \u00e0 tous ces probl\u00e8mes<\/strong>.<br \/>\n  Que ce soit pour votre r\u00e9sidence principale ou secondaire, il y a toujours un capteur \u00e0 air adapt\u00e9 \u00e0 votre cas.<br \/>\n  Les capteurs AIRSOLAIRE s\u2019<strong>installent sur n\u2019importe quel toit ou mur<\/strong> expos\u00e9 au soleil!<br \/>\n  AIRSOLAIRE est <strong>ind\u00e9pendant du syst\u00e8me de chauffage<\/strong> en place et s\u2019adapte \u00e0 tout syst\u00e8me existant.<br \/>\n  En rajoutant un <strong>\u00e9changeur air-eau<\/strong> on peut utiliser ce chauffage m\u00eame en \u00e9t\u00e9 pour produire l\u2019eau chaude sanitaire.<br \/>\n  Tout cela sans risques de fuite, surchauffe ou gel.<br \/>\n  <strong>Depuis plus de 30 ans<\/strong>, Grammer Solar travaille dans le domaine des capteurs solaires d\u2019air.<br \/>\n  En collaborant avec des instituts de recherche reconnus, Grammer a optimis\u00e9 ses produits jusqu\u2019\u00e0 obtenir le <strong>rendement maximum<\/strong> et la qualit\u00e9 la plus haute du march\u00e9.<\/p>\n<\/div>\n<div class=\"extrait-article\">\n<h2><a href=\"http:\/\/www.capenergie.fr\/catalogue\/air-solaire-grammer-solar\/grammer-solar-eau-chaude-solaire.html\" rel=\"bookmark\" title=\"Grammer solar eau chaude solaire\">Grammer solar eau chaude solaire<\/a><\/h2>\n<p><img loading=\"lazy\" decoding=\"async\" class=\"img-article\" title=\"Grammer solar eau chaude solaire\" src=\"http:\/\/images.capenergie.fr\/produit\/thermique\/grammer-eau-chaude.jpg\" alt=\"Grammer solar eau chaude solaire\" width=\"125\" height=\"125\" \/><\/p>\n<p>Cap Energie distributeur officiel du syst\u00e8me <a href=\"\/catalogue\/thermique.html\" title=\"eau chaude solaire\">eau chaude solaire<\/a> de Grammer Solar permet de chauffer gratuitement un habitat et sa production d&rsquo;eau chaude sanitaire.<br \/>\nUne seule installation \u2013 triple avantage : En hiver chauffage et ventilation.En \u00e9t\u00e9 eau chaude et ventilation nocturne. (&#8230;)<\/p>\n<\/div>\n<div class=\"extrait-article\">\n<h2><a href=\"http:\/\/www.capenergie.fr\/catalogue\/air-solaire-grammer-solar\/jumbo-solar-grammer-solar.html\" rel=\"bookmark\" title=\"Jumbo Solar &#8211; Grammer solar\">Jumbo Solar &#8211; Grammer solar<\/a><\/h2>\n<p><img loading=\"lazy\" decoding=\"async\" class=\"img-article\" title=\"Jumbo Solar &#8211; Grammer solar\" src=\"http:\/\/images.capenergie.fr\/produit\/thermique\/jumbo-solar.png\" alt=\"Jumbo Solar &#8211; Grammer solar\" width=\"125\" height=\"125\" \/><\/p>\n<p>Cap Energie distributeur officiel du syst\u00e8me <a href=\"\/catalogue\/air-solaire-grammer-solar\/jumbo-solar.html\" title=\"Jumbosolar\">Jumbosolar<\/a> de Grammer Solar permet de chauffer gratuitement un gros batiment.\u00c9pargnes en co\u00fbts de fonctionnement, la chaleur fournie par JUMBOSOLAR r\u00e9duit les besoins de chauffage jusqu\u2019\u00e0 50 % en climats froids. Le co\u00fbt r\u00e9duit des \u00e9quipements et la hausse permanente des prix  (&#8230;)<\/p>\n<\/div>\n<div class=\"extrait-article\">\n<h2><a href=\"http:\/\/www.capenergie.fr\/catalogue\/air-solaire-grammer-solar\/twin-solar.html\" rel=\"bookmark\" title=\"Grammer Solar Twinsolar et Topsolar\">Grammer Solar Twinsolar et Topsolar<\/a><\/h2>\n<p><img loading=\"lazy\" decoding=\"async\" class=\"img-article\" title=\"Grammer Solar Twinsolar et Topsolar\" src=\"http:\/\/images.capenergie.fr\/produit\/thermique\/twin-solar.png\" alt=\"Grammer Solar Twinsolar et Topsolar\" width=\"125\" height=\"125\" \/><\/p>\n<p>Energie solaire pour la production d&rsquo;air chaud avec le syst\u00e8me <a href=\"\/catalogue\/thermique.html\" title=\"Twinsolar\">Twinsolar<\/a> de Top Solar Grammer Solar distribu\u00e9s par Cap energie. Chauffage et ventilation solaire simple &#8211; autonome &#8211; efficace (&#8230;)<\/p>\n<\/div>\n<table id=\"tab-list-prod\" width=\"100%%\" border=\"0\">\n<tr>\n<td>\n<h2>Notice Grammer<\/h2>\n<\/td>\n<\/tr>\n<tr id=\"rang-prod\">\n<td>\n<h3>Manuel de montage les produits Grammer Solar<\/h3>\n<div class=\"separator-orange\"><\/div>\n<p>        <a href=\"http:\/\/pdf.capenergie.fr\/doc-air-solaire\/air_solaire-plaquette-grammer.pdf\" target=\"_blank\"><\/p>\n<div id=\"doc-pdf\"><\/div>\n<p>Documentation technique<\/a>\n        <\/td>\n<\/tr>\n<tr id=\"rang-prod\">\n<td>\n<h3>Autres documentation Grammer Solar<\/h3>\n<div class=\"separator-orange\"><\/div>\n<p>        <a href=\"http:\/\/pdf.capenergie.fr\/doc-air-solaire\/Brochure-Grammer-lgt.pdf\" target=\"_blank\"><\/p>\n<div id=\"doc-pdf\"><\/div>\n<p>Brochure G\u00e9n\u00e9rale Grammer solar<\/a>\n        <\/td>\n<\/tr>\n<tr id=\"rang-prod\">\n<td>\n<div class=\"separator-orange\"><\/div>\n<p>        <a href=\"http:\/\/pdf.capenergie.fr\/doc-air-solaire\/brochure-camping-2025.pdf\" target=\"_blank\"><\/p>\n<div id=\"doc-pdf\"><\/div>\n<p>Brochure solutions Grammer pour chauffage mobil-home et chalet<\/a>\n        <\/td>\n<\/tr>\n<tr id=\"rang-prod\">\n<td>\n<div class=\"separator-orange\"><\/div>\n<p>        <a href=\"http:\/\/pdf.capenergie.fr\/doc-air-solaire\/air_solaire_OrientationCapteur.pdf\" target=\"_blank\"><\/p>\n<div id=\"doc-pdf\"><\/div>\n<p>Documentation Orientation des capteurs<\/a>\n        <\/td>\n<\/tr>\n<tr id=\"rang-prod\">\n<td>\n<div class=\"separator-orange\"><\/div>\n<p>        <a href=\"http:\/\/pdf.capenergie.fr\/doc-certificat\/Grammer-solar-130124_testing_confirmation_stm.pdf\" target=\"_blank\"><\/p>\n<div id=\"doc-pdf\"><\/div>\n<p>Certificat Solarkeymark : confirmation du Fraunhofer ISE<\/a>\n        <\/td>\n<\/tr>\n<tr id=\"rang-prod\">\n<td>\n<div class=\"separator-orange\"><\/div>\n<p>        <a href=\"http:\/\/pdf.capenergie.fr\/doc-certificat\/Grammer-solar-conformite.pdf\" target=\"_blank\"><\/p>\n<div id=\"doc-pdf\"><\/div>\n<p>Certificat conformit\u00e9 Solarkeymark : GLK &#8211; SLK<\/a>\n        <\/td>\n<\/tr>\n<tr id=\"rang-prod\">\n<td>\n<div class=\"separator-orange\"><\/div>\n<p>        <a href=\"http:\/\/pdf.capenergie.fr\/doc-certificat\/Grammer-solar-conformite-gel-twinsolar.pdf\" target=\"_blank\"><\/p>\n<div id=\"doc-pdf\"><\/div>\n<p>Certificat conformit\u00e9 Gel : Twinsolar<\/a>\n        <\/td>\n<\/tr>\n<tr id=\"rang-prod\">\n<td>\n<div class=\"separator-orange\"><\/div>\n<p>        <a href=\"http:\/\/pdf.capenergie.fr\/doc-certificat\/Grammer-solar-conformite-gel-slk.pdf\" target=\"_blank\"><\/p>\n<div id=\"doc-pdf\"><\/div>\n<p>Certificat conformit\u00e9 Gel : SLK<\/a>\n        <\/td>\n<\/tr>\n<\/table>\n","protected":false},"excerpt":{"rendered":"<p>Pour le chauffage et la d\u00e9shumidification Cap Energie propose le Syst\u00e8me Air solaire de Grammer solar, Facile, efficace, autonome ! R\u00e9duire les frais de chauffage, stopper les probl\u00e8mes d\u00b4humidit\u00e9, \u00e9radiquer les probl\u00e8mes d\u00fbs \u00e0 une mauvaise ventilation&#8230; Air solaire Grammer La technologie Air Solaire offre une solution facile et efficace \u00e0 tous ces probl\u00e8mes. Que&hellip;&nbsp;<a href=\"http:\/\/www.capenergie.fr\/catalogue\/air-solaire-grammer-solar\/twin-solar.html\" rel=\"bookmark\"><span class=\"screen-reader-text\">Grammer Solar Twinsolar et Topsolar<\/span><\/a><\/p>\n","protected":false},"author":1,"featured_media":0,"parent":0,"menu_order":0,"comment_status":"closed","ping_status":"closed","template":"","meta":{"neve_meta_sidebar":"","neve_meta_container":"","neve_meta_enable_content_width":"off","neve_meta_content_width":100,"neve_meta_title_alignment":"","neve_meta_author_avatar":"","neve_post_elements_order":"","neve_meta_disable_header":"","neve_meta_disable_footer":"","neve_meta_disable_title":"","ngg_post_thumbnail":0,"_themeisle_gutenberg_block_has_review":false,"footnotes":""},"class_list":["post-729","page","type-page","status-publish","hentry"],"yoast_head":"<!-- This site is optimized with the Yoast SEO plugin v27.5 - https:\/\/yoast.com\/product\/yoast-seo-wordpress\/ -->\n<title>Air solaire Grammer solar - syst\u00e8me solaire thermique Grammer Solar<\/title>\n<meta name=\"description\" content=\"Cap Energie Distributeur Grammer solar Twin solar, jumbo solar, grammar solar, l&#039;ensemble des syst\u00e8mes air solaire pour le chauffage, l&#039;eau chaude et la d\u00e9s-humidification de l&#039;habitat\" \/>\n<meta name=\"robots\" content=\"index, follow, max-snippet:-1, max-image-preview:large, max-video-preview:-1\" \/>\n<link rel=\"canonical\" href=\"http:\/\/www.capenergie.fr\/catalogue\/air-solaire-grammer-solar.html\" \/>\n<meta property=\"og:locale\" content=\"fr_FR\" \/>\n<meta property=\"og:type\" content=\"article\" \/>\n<meta property=\"og:title\" content=\"Air solaire Grammer solar - syst\u00e8me solaire thermique Grammer Solar\" \/>\n<meta property=\"og:description\" content=\"Cap Energie Distributeur Grammer solar Twin solar, jumbo solar, grammar solar, l&#039;ensemble des syst\u00e8mes air solaire pour le chauffage, l&#039;eau chaude et la d\u00e9s-humidification de l&#039;habitat\" \/>\n<meta property=\"og:url\" content=\"http:\/\/www.capenergie.fr\/catalogue\/air-solaire-grammer-solar.html\" \/>\n<meta property=\"article:modified_time\" content=\"2025-10-28T11:41:11+00:00\" \/>\n<meta name=\"twitter:label1\" content=\"Dur\u00e9e de lecture estim\u00e9e\" \/>\n\t<meta name=\"twitter:data1\" content=\"2 minutes\" \/>\n<script type=\"application\/ld+json\" class=\"yoast-schema-graph\">{\"@context\":\"https:\\\/\\\/schema.org\",\"@graph\":[{\"@type\":\"WebPage\",\"@id\":\"http:\\\/\\\/www.capenergie.fr\\\/catalogue\\\/air-solaire-grammer-solar.html\",\"url\":\"http:\\\/\\\/www.capenergie.fr\\\/catalogue\\\/air-solaire-grammer-solar.html\",\"name\":\"Air solaire Grammer solar - syst\u00e8me solaire thermique Grammer Solar\",\"isPartOf\":{\"@id\":\"https:\\\/\\\/www.capenergie.fr\\\/catalogue\\\/#website\"},\"datePublished\":\"2013-01-11T11:16:08+00:00\",\"dateModified\":\"2025-10-28T11:41:11+00:00\",\"description\":\"Cap Energie Distributeur Grammer solar Twin solar, jumbo solar, grammar solar, l'ensemble des syst\u00e8mes air solaire pour le chauffage, l'eau chaude et la d\u00e9s-humidification de l'habitat\",\"breadcrumb\":{\"@id\":\"http:\\\/\\\/www.capenergie.fr\\\/catalogue\\\/air-solaire-grammer-solar.html#breadcrumb\"},\"inLanguage\":\"fr-FR\",\"potentialAction\":[{\"@type\":\"ReadAction\",\"target\":[\"http:\\\/\\\/www.capenergie.fr\\\/catalogue\\\/air-solaire-grammer-solar.html\"]}]},{\"@type\":\"BreadcrumbList\",\"@id\":\"http:\\\/\\\/www.capenergie.fr\\\/catalogue\\\/air-solaire-grammer-solar.html#breadcrumb\",\"itemListElement\":[{\"@type\":\"ListItem\",\"position\":1,\"name\":\"Accueil\",\"item\":\"https:\\\/\\\/www.capenergie.fr\\\/catalogue\\\/\"},{\"@type\":\"ListItem\",\"position\":2,\"name\":\"Air solaire Grammer Solar\"}]},{\"@type\":\"WebSite\",\"@id\":\"https:\\\/\\\/www.capenergie.fr\\\/catalogue\\\/#website\",\"url\":\"https:\\\/\\\/www.capenergie.fr\\\/catalogue\\\/\",\"name\":\"\",\"description\":\"\",\"potentialAction\":[{\"@type\":\"SearchAction\",\"target\":{\"@type\":\"EntryPoint\",\"urlTemplate\":\"https:\\\/\\\/www.capenergie.fr\\\/catalogue\\\/?s={search_term_string}\"},\"query-input\":{\"@type\":\"PropertyValueSpecification\",\"valueRequired\":true,\"valueName\":\"search_term_string\"}}],\"inLanguage\":\"fr-FR\"}]}<\/script>\n<!-- \/ Yoast SEO plugin. -->","yoast_head_json":{"title":"Air solaire Grammer solar - syst\u00e8me solaire thermique Grammer Solar","description":"Cap Energie Distributeur Grammer solar Twin solar, jumbo solar, grammar solar, l'ensemble des syst\u00e8mes air solaire pour le chauffage, l'eau chaude et la d\u00e9s-humidification de l'habitat","robots":{"index":"index","follow":"follow","max-snippet":"max-snippet:-1","max-image-preview":"max-image-preview:large","max-video-preview":"max-video-preview:-1"},"canonical":"http:\/\/www.capenergie.fr\/catalogue\/air-solaire-grammer-solar.html","og_locale":"fr_FR","og_type":"article","og_title":"Air solaire Grammer solar - syst\u00e8me solaire thermique Grammer Solar","og_description":"Cap Energie Distributeur Grammer solar Twin solar, jumbo solar, grammar solar, l'ensemble des syst\u00e8mes air solaire pour le chauffage, l'eau chaude et la d\u00e9s-humidification de l'habitat","og_url":"http:\/\/www.capenergie.fr\/catalogue\/air-solaire-grammer-solar.html","article_modified_time":"2025-10-28T11:41:11+00:00","twitter_misc":{"Dur\u00e9e de lecture estim\u00e9e":"2 minutes"},"schema":{"@context":"https:\/\/schema.org","@graph":[{"@type":"WebPage","@id":"http:\/\/www.capenergie.fr\/catalogue\/air-solaire-grammer-solar.html","url":"http:\/\/www.capenergie.fr\/catalogue\/air-solaire-grammer-solar.html","name":"Air solaire Grammer solar - syst\u00e8me solaire thermique Grammer Solar","isPartOf":{"@id":"https:\/\/www.capenergie.fr\/catalogue\/#website"},"datePublished":"2013-01-11T11:16:08+00:00","dateModified":"2025-10-28T11:41:11+00:00","description":"Cap Energie Distributeur Grammer solar Twin solar, jumbo solar, grammar solar, l'ensemble des syst\u00e8mes air solaire pour le chauffage, l'eau chaude et la d\u00e9s-humidification de l'habitat","breadcrumb":{"@id":"http:\/\/www.capenergie.fr\/catalogue\/air-solaire-grammer-solar.html#breadcrumb"},"inLanguage":"fr-FR","potentialAction":[{"@type":"ReadAction","target":["http:\/\/www.capenergie.fr\/catalogue\/air-solaire-grammer-solar.html"]}]},{"@type":"BreadcrumbList","@id":"http:\/\/www.capenergie.fr\/catalogue\/air-solaire-grammer-solar.html#breadcrumb","itemListElement":[{"@type":"ListItem","position":1,"name":"Accueil","item":"https:\/\/www.capenergie.fr\/catalogue\/"},{"@type":"ListItem","position":2,"name":"Air solaire Grammer Solar"}]},{"@type":"WebSite","@id":"https:\/\/www.capenergie.fr\/catalogue\/#website","url":"https:\/\/www.capenergie.fr\/catalogue\/","name":"","description":"","potentialAction":[{"@type":"SearchAction","target":{"@type":"EntryPoint","urlTemplate":"https:\/\/www.capenergie.fr\/catalogue\/?s={search_term_string}"},"query-input":{"@type":"PropertyValueSpecification","valueRequired":true,"valueName":"search_term_string"}}],"inLanguage":"fr-FR"}]}},"_links":{"self":[{"href":"http:\/\/www.capenergie.fr\/catalogue\/wp-json\/wp\/v2\/pages\/729","targetHints":{"allow":["GET"]}}],"collection":[{"href":"http:\/\/www.capenergie.fr\/catalogue\/wp-json\/wp\/v2\/pages"}],"about":[{"href":"http:\/\/www.capenergie.fr\/catalogue\/wp-json\/wp\/v2\/types\/page"}],"author":[{"embeddable":true,"href":"http:\/\/www.capenergie.fr\/catalogue\/wp-json\/wp\/v2\/users\/1"}],"replies":[{"embeddable":true,"href":"http:\/\/www.capenergie.fr\/catalogue\/wp-json\/wp\/v2\/comments?post=729"}],"version-history":[{"count":10,"href":"http:\/\/www.capenergie.fr\/catalogue\/wp-json\/wp\/v2\/pages\/729\/revisions"}],"predecessor-version":[{"id":5915,"href":"http:\/\/www.capenergie.fr\/catalogue\/wp-json\/wp\/v2\/pages\/729\/revisions\/5915"}],"wp:attachment":[{"href":"http:\/\/www.capenergie.fr\/catalogue\/wp-json\/wp\/v2\/media?parent=729"}],"curies":[{"name":"wp","href":"https:\/\/api.w.org\/{rel}","templated":true}]}}