{"id":437,"date":"2012-12-04T10:50:24","date_gmt":"2012-12-04T09:50:24","guid":{"rendered":"http:\/\/www.capenergie.fr\/catalogue3\/?page_id=437"},"modified":"2015-06-19T09:58:45","modified_gmt":"2015-06-19T07:58:45","slug":"stockage-et-pompage-deau","status":"publish","type":"page","link":"http:\/\/www.capenergie.fr\/catalogue\/site-isole\/stockage-et-pompage-deau.html","title":{"rendered":"Stockage et pompage d&rsquo;eau"},"content":{"rendered":"<p><strong>Notre gamme de produits pour le stockage et le pompage d&rsquo;eau permet d&rsquo;offrir diff\u00e9rentes solutions d&rsquo;alimentation<\/strong> comme le <a href=\"\/catalogue\/site-isole.html\" title=\"pompage site isol\u00e9\">pompage site isol\u00e9<\/a> dit &quot;au fil du soleil&quot; ou encore le pompage &quot;en continu&quot; mais aussi de plus gros d\u00e9bit type Station de pompage. Cap energie offre diff\u00e9rentes solutions de stockage d&rsquo;eau avec des r\u00e9servoirs de s\u00e9rie ou sur mesure allant de de 100 litres \u00e0 1000 m3.<\/p>\n<div class=\"extrait-article\">\n<h2><a href=\"http:\/\/www.capenergie.fr\/catalogue\/site-isole\/stockage-et-pompage-deau\/au-fil-du-soleil.html\" rel=\"bookmark\" title=\"Pompage au fil du soleil\">Pompage au fil du soleil<\/a><\/h2>\n<p><img loading=\"lazy\" decoding=\"async\" class=\"img-article\" title=\"Pompage au fil du soleil\" src=\"http:\/\/images.capenergie.fr\/produit\/site-isole\/pompage-d-eau\/pompage.png\" alt=\"Pompage au fil du soleil\" width=\"125\" height=\"125\" \/><\/p>\n<p>Cap Energie officiellement distributeur d&rsquo;\u00e9quipements pour la gestion de l&rsquo;eau en site isol\u00e9 offre les composants permettant un pompage au fil du soleil avec une installation solaire autonome.<br \/>\nLe syst\u00e8me de Pompage dit \u00ab Au Fil du soleil \u00bb permet d&rsquo;alimenter en eau un site isol\u00e9 de mani\u00e8re totalement ind\u00e9pendante du reste du syst\u00e8me (&#8230;)<\/p>\n<div id=\"butt\" class=\"butt-prod1\" align=\"center\"><a href=\"http:\/\/www.capenergie.fr\/catalogue\/site-isole\/stockage-et-pompage-deau\/au-fil-du-soleil.html\" rel=\"bookmark\" title=\"Pompage au fil du soleil\">Lire la suite<\/a><\/div>\n<\/div>\n<div class=\"extrait-article\">\n<h2><a href=\"http:\/\/www.capenergie.fr\/catalogue\/site-isole\/stockage-et-pompage-deau\/en-continu.html\" rel=\"bookmark\" title=\"Pompage en continu &#8211; pompage solaire ou \u00e9olien\">Pompage en continu &#8211; pompage solaire ou \u00e9olien<\/a><\/h2>\n<p><img loading=\"lazy\" decoding=\"async\" class=\"img-article\" title=\"Pompage en continu &#8211; pompage solaire ou \u00e9olien\" src=\"http:\/\/images.capenergie.fr\/produit\/site-isole\/pompage-d-eau\/pompage.png\" alt=\"Pompage en continu &#8211; pompage solaire ou \u00e9olien\" width=\"125\" height=\"125\" \/><\/p>\n<p>Cap Energie officiellement distributeur d&rsquo;\u00e9quipements pour la gestion de l&rsquo;eau en site isol\u00e9 offre les composants permettant un pompage en continu photovolta\u00efque avec une installation solaire autonome.<br \/>\nLe syst\u00e8me de Pompage dit \u00ab En continue \u00bb permet d&rsquo;alimenter en eau un (&#8230;)<\/p>\n<div id=\"butt\" class=\"butt-prod1\" align=\"center\"><a href=\"http:\/\/www.capenergie.fr\/catalogue\/site-isole\/stockage-et-pompage-deau\/en-continu.html\" rel=\"bookmark\" title=\"Pompage en continu &#8211; pompage solaire ou \u00e9olien\">Lire la suite<\/a><\/div>\n<\/div>\n<div class=\"extrait-article\">\n<h2><a href=\"http:\/\/www.capenergie.fr\/catalogue\/site-isole\/stockage-et-pompage-deau\/station.html\" rel=\"bookmark\" title=\"Station de pompage en 220V\">Station de pompage en 220V<\/a><\/h2>\n<p><img loading=\"lazy\" decoding=\"async\" class=\"img-article\" title=\"Station de pompage en 220V\" src=\"http:\/\/images.capenergie.fr\/produit\/site-isole\/pompage-d-eau\/station-pompage.png\" alt=\"Station de pompage en 220V\" width=\"125\" height=\"125\" \/><\/p>\n<p>Cap Energie officiellement distributeur d&rsquo;\u00e9quipements pour la gestion de l&rsquo;eau en site isol\u00e9 offre les composants permettant la conception de Station de pompage second\u00e9e par une installation solaire autonome.<br \/>\nCap Energie propose une gamme de pompes destin\u00e9e \u00e0 de plus gros d\u00e9bit type Station de pompage en 230V (courant alternatif) pouvant \u00eatre second\u00e9e (&#8230;)<\/p>\n<div id=\"butt\" class=\"butt-prod1\" align=\"center\"><a href=\"http:\/\/www.capenergie.fr\/catalogue\/site-isole\/stockage-et-pompage-deau\/station.html\" rel=\"bookmark\" title=\"Station de pompage en 220V\">Lire la suite<\/a><\/div>\n<\/div>\n<div class=\"extrait-article\">\n<h2><a href=\"http:\/\/www.capenergie.fr\/catalogue\/site-isole\/stockage-et-pompage-deau\/reservoir-souple.html\" rel=\"bookmark\" title=\"Stockage d&rsquo;eau en site isol\u00e9 ou autres applications\">Stockage d&rsquo;eau en site isol\u00e9 ou autres applications<\/a><\/h2>\n<p><img loading=\"lazy\" decoding=\"async\" loading=\"lazy\" class=\"img-article\" title=\"Stockage d&rsquo;eau en site isol\u00e9 ou autres applications\" src=\"http:\/\/images.capenergie.fr\/produit\/site-isole\/pompage-d-eau\/stockage-d-eau.png\" alt=\"Stockage d&rsquo;eau en site isol\u00e9 ou autres applications\" width=\"125\" height=\"125\" \/><\/p>\n<p>Cap Energie officiellement distributeur de citerne souple pour le stockage d&rsquo;eau en site isol\u00e9 pour la r\u00e9cup\u00e9ration d&rsquo;eau ou pompage traditionnel.<br \/>\nCap Energie dispose d&rsquo;une gamme de r\u00e9servoirs d&rsquo;eau souples autoportants de fabrication Fran\u00e7aise permettant de stocker un volume de 100 litres \u00e0 1000 m3 d&rsquo;eau    (&#8230;)<\/p>\n<div id=\"butt\" class=\"butt-prod1\" align=\"center\"><a href=\"http:\/\/www.capenergie.fr\/catalogue\/site-isole\/stockage-et-pompage-deau\/reservoir-souple.html\" rel=\"bookmark\" title=\"Stockage d&rsquo;eau en site isol\u00e9 ou autres applications\">Lire la suite<\/a><\/div>\n<\/div>\n","protected":false},"excerpt":{"rendered":"<p>Notre gamme de produits pour le stockage et le pompage d&rsquo;eau permet d&rsquo;offrir diff\u00e9rentes solutions d&rsquo;alimentation comme le pompage site isol\u00e9 dit &quot;au fil du soleil&quot; ou encore le pompage &quot;en continu&quot; mais aussi de plus gros d\u00e9bit type Station de pompage. Cap energie offre diff\u00e9rentes solutions de stockage d&rsquo;eau avec des r\u00e9servoirs de s\u00e9rie&hellip;&nbsp;<a href=\"http:\/\/www.capenergie.fr\/catalogue\/site-isole\/stockage-et-pompage-deau\/reservoir-souple.html\" rel=\"bookmark\"><span class=\"screen-reader-text\">Stockage d&rsquo;eau en site isol\u00e9 ou autres applications<\/span><\/a><\/p>\n","protected":false},"author":1,"featured_media":0,"parent":84,"menu_order":0,"comment_status":"closed","ping_status":"closed","template":"","meta":{"neve_meta_sidebar":"","neve_meta_container":"","neve_meta_enable_content_width":"","neve_meta_content_width":0,"neve_meta_title_alignment":"","neve_meta_author_avatar":"","neve_post_elements_order":"","neve_meta_disable_header":"","neve_meta_disable_footer":"","neve_meta_disable_title":"","ngg_post_thumbnail":0,"_themeisle_gutenberg_block_has_review":false,"footnotes":""},"class_list":["post-437","page","type-page","status-publish","hentry"],"yoast_head":"<!-- This site is optimized with the Yoast SEO plugin v27.5 - https:\/\/yoast.com\/product\/yoast-seo-wordpress\/ -->\n<title>Stockage et pompage d&#039;eau en site isol\u00e9 ou en autonomie<\/title>\n<meta name=\"description\" content=\"Capenergie - Distributeur de syst\u00e8me de Stockage et pompage d&#039;eau en site isol\u00e9 ou en autonomie dont la gamme de pompe Grunfos SQ Flex immerg\u00e9 pompe solaire et de surface, Pompage dit \u00ab Au Fil du soleil \u00bb.\" \/>\n<meta name=\"robots\" content=\"index, follow, max-snippet:-1, max-image-preview:large, max-video-preview:-1\" \/>\n<link rel=\"canonical\" href=\"http:\/\/www.capenergie.fr\/catalogue\/site-isole\/stockage-et-pompage-deau.html\" \/>\n<meta property=\"og:locale\" content=\"fr_FR\" \/>\n<meta property=\"og:type\" content=\"article\" \/>\n<meta property=\"og:title\" content=\"Stockage et pompage d&#039;eau en site isol\u00e9 ou en autonomie\" \/>\n<meta property=\"og:description\" content=\"Capenergie - Distributeur de syst\u00e8me de Stockage et pompage d&#039;eau en site isol\u00e9 ou en autonomie dont la gamme de pompe Grunfos SQ Flex immerg\u00e9 pompe solaire et de surface, Pompage dit \u00ab Au Fil du soleil \u00bb.\" \/>\n<meta property=\"og:url\" content=\"http:\/\/www.capenergie.fr\/catalogue\/site-isole\/stockage-et-pompage-deau.html\" \/>\n<meta property=\"article:modified_time\" content=\"2015-06-19T07:58:45+00:00\" \/>\n<script type=\"application\/ld+json\" class=\"yoast-schema-graph\">{\"@context\":\"https:\\\/\\\/schema.org\",\"@graph\":[{\"@type\":\"WebPage\",\"@id\":\"http:\\\/\\\/www.capenergie.fr\\\/catalogue\\\/site-isole\\\/stockage-et-pompage-deau.html\",\"url\":\"http:\\\/\\\/www.capenergie.fr\\\/catalogue\\\/site-isole\\\/stockage-et-pompage-deau.html\",\"name\":\"Stockage et pompage d'eau en site isol\u00e9 ou en autonomie\",\"isPartOf\":{\"@id\":\"https:\\\/\\\/www.capenergie.fr\\\/catalogue\\\/#website\"},\"datePublished\":\"2012-12-04T09:50:24+00:00\",\"dateModified\":\"2015-06-19T07:58:45+00:00\",\"description\":\"Capenergie - Distributeur de syst\u00e8me de Stockage et pompage d'eau en site isol\u00e9 ou en autonomie dont la gamme de pompe Grunfos SQ Flex immerg\u00e9 pompe solaire et de surface, Pompage dit \u00ab Au Fil du soleil \u00bb.\",\"breadcrumb\":{\"@id\":\"http:\\\/\\\/www.capenergie.fr\\\/catalogue\\\/site-isole\\\/stockage-et-pompage-deau.html#breadcrumb\"},\"inLanguage\":\"fr-FR\",\"potentialAction\":[{\"@type\":\"ReadAction\",\"target\":[\"http:\\\/\\\/www.capenergie.fr\\\/catalogue\\\/site-isole\\\/stockage-et-pompage-deau.html\"]}]},{\"@type\":\"BreadcrumbList\",\"@id\":\"http:\\\/\\\/www.capenergie.fr\\\/catalogue\\\/site-isole\\\/stockage-et-pompage-deau.html#breadcrumb\",\"itemListElement\":[{\"@type\":\"ListItem\",\"position\":1,\"name\":\"Accueil\",\"item\":\"https:\\\/\\\/www.capenergie.fr\\\/catalogue\\\/\"},{\"@type\":\"ListItem\",\"position\":2,\"name\":\"Equipements pour site isol\u00e9\",\"item\":\"https:\\\/\\\/www.capenergie.fr\\\/catalogue\\\/site-isole.html\"},{\"@type\":\"ListItem\",\"position\":3,\"name\":\"Stockage et pompage d&rsquo;eau\"}]},{\"@type\":\"WebSite\",\"@id\":\"https:\\\/\\\/www.capenergie.fr\\\/catalogue\\\/#website\",\"url\":\"https:\\\/\\\/www.capenergie.fr\\\/catalogue\\\/\",\"name\":\"\",\"description\":\"\",\"potentialAction\":[{\"@type\":\"SearchAction\",\"target\":{\"@type\":\"EntryPoint\",\"urlTemplate\":\"https:\\\/\\\/www.capenergie.fr\\\/catalogue\\\/?s={search_term_string}\"},\"query-input\":{\"@type\":\"PropertyValueSpecification\",\"valueRequired\":true,\"valueName\":\"search_term_string\"}}],\"inLanguage\":\"fr-FR\"}]}<\/script>\n<!-- \/ Yoast SEO plugin. -->","yoast_head_json":{"title":"Stockage et pompage d'eau en site isol\u00e9 ou en autonomie","description":"Capenergie - Distributeur de syst\u00e8me de Stockage et pompage d'eau en site isol\u00e9 ou en autonomie dont la gamme de pompe Grunfos SQ Flex immerg\u00e9 pompe solaire et de surface, Pompage dit \u00ab Au Fil du soleil \u00bb.","robots":{"index":"index","follow":"follow","max-snippet":"max-snippet:-1","max-image-preview":"max-image-preview:large","max-video-preview":"max-video-preview:-1"},"canonical":"http:\/\/www.capenergie.fr\/catalogue\/site-isole\/stockage-et-pompage-deau.html","og_locale":"fr_FR","og_type":"article","og_title":"Stockage et pompage d'eau en site isol\u00e9 ou en autonomie","og_description":"Capenergie - Distributeur de syst\u00e8me de Stockage et pompage d'eau en site isol\u00e9 ou en autonomie dont la gamme de pompe Grunfos SQ Flex immerg\u00e9 pompe solaire et de surface, Pompage dit \u00ab Au Fil du soleil \u00bb.","og_url":"http:\/\/www.capenergie.fr\/catalogue\/site-isole\/stockage-et-pompage-deau.html","article_modified_time":"2015-06-19T07:58:45+00:00","schema":{"@context":"https:\/\/schema.org","@graph":[{"@type":"WebPage","@id":"http:\/\/www.capenergie.fr\/catalogue\/site-isole\/stockage-et-pompage-deau.html","url":"http:\/\/www.capenergie.fr\/catalogue\/site-isole\/stockage-et-pompage-deau.html","name":"Stockage et pompage d'eau en site isol\u00e9 ou en autonomie","isPartOf":{"@id":"https:\/\/www.capenergie.fr\/catalogue\/#website"},"datePublished":"2012-12-04T09:50:24+00:00","dateModified":"2015-06-19T07:58:45+00:00","description":"Capenergie - Distributeur de syst\u00e8me de Stockage et pompage d'eau en site isol\u00e9 ou en autonomie dont la gamme de pompe Grunfos SQ Flex immerg\u00e9 pompe solaire et de surface, Pompage dit \u00ab Au Fil du soleil \u00bb.","breadcrumb":{"@id":"http:\/\/www.capenergie.fr\/catalogue\/site-isole\/stockage-et-pompage-deau.html#breadcrumb"},"inLanguage":"fr-FR","potentialAction":[{"@type":"ReadAction","target":["http:\/\/www.capenergie.fr\/catalogue\/site-isole\/stockage-et-pompage-deau.html"]}]},{"@type":"BreadcrumbList","@id":"http:\/\/www.capenergie.fr\/catalogue\/site-isole\/stockage-et-pompage-deau.html#breadcrumb","itemListElement":[{"@type":"ListItem","position":1,"name":"Accueil","item":"https:\/\/www.capenergie.fr\/catalogue\/"},{"@type":"ListItem","position":2,"name":"Equipements pour site isol\u00e9","item":"https:\/\/www.capenergie.fr\/catalogue\/site-isole.html"},{"@type":"ListItem","position":3,"name":"Stockage et pompage d&rsquo;eau"}]},{"@type":"WebSite","@id":"https:\/\/www.capenergie.fr\/catalogue\/#website","url":"https:\/\/www.capenergie.fr\/catalogue\/","name":"","description":"","potentialAction":[{"@type":"SearchAction","target":{"@type":"EntryPoint","urlTemplate":"https:\/\/www.capenergie.fr\/catalogue\/?s={search_term_string}"},"query-input":{"@type":"PropertyValueSpecification","valueRequired":true,"valueName":"search_term_string"}}],"inLanguage":"fr-FR"}]}},"_links":{"self":[{"href":"http:\/\/www.capenergie.fr\/catalogue\/wp-json\/wp\/v2\/pages\/437","targetHints":{"allow":["GET"]}}],"collection":[{"href":"http:\/\/www.capenergie.fr\/catalogue\/wp-json\/wp\/v2\/pages"}],"about":[{"href":"http:\/\/www.capenergie.fr\/catalogue\/wp-json\/wp\/v2\/types\/page"}],"author":[{"embeddable":true,"href":"http:\/\/www.capenergie.fr\/catalogue\/wp-json\/wp\/v2\/users\/1"}],"replies":[{"embeddable":true,"href":"http:\/\/www.capenergie.fr\/catalogue\/wp-json\/wp\/v2\/comments?post=437"}],"version-history":[{"count":7,"href":"http:\/\/www.capenergie.fr\/catalogue\/wp-json\/wp\/v2\/pages\/437\/revisions"}],"predecessor-version":[{"id":1900,"href":"http:\/\/www.capenergie.fr\/catalogue\/wp-json\/wp\/v2\/pages\/437\/revisions\/1900"}],"up":[{"embeddable":true,"href":"http:\/\/www.capenergie.fr\/catalogue\/wp-json\/wp\/v2\/pages\/84"}],"wp:attachment":[{"href":"http:\/\/www.capenergie.fr\/catalogue\/wp-json\/wp\/v2\/media?parent=437"}],"curies":[{"name":"wp","href":"https:\/\/api.w.org\/{rel}","templated":true}]}}