{"id":3740,"date":"2019-04-08T17:17:01","date_gmt":"2019-04-08T15:17:01","guid":{"rendered":"http:\/\/www.capenergie.fr\/catalogue\/?page_id=3740"},"modified":"2019-04-08T17:18:40","modified_gmt":"2019-04-08T15:18:40","slug":"mini-grid","status":"publish","type":"page","link":"http:\/\/www.capenergie.fr\/catalogue\/site-isole\/mini-grid.html","title":{"rendered":"Mini-grid"},"content":{"rendered":"<p>Engag\u00e9e dans le secteur des \u00e9nergies renouvelables depuis plus de 10 ans, Capenergie s&rsquo;est positionn\u00e9e d\u00e8s 2007 sur la probl\u00e9matique des zones non \u00e9lectrifi\u00e9es dites en site isol\u00e9. Apr\u00e8s une d\u00e9cennie d&rsquo;actions r\u00e9alis\u00e9es sur les 5 continents , Capenergie se positionne comme un acteur majeur dans l&rsquo;\u00e9tude et la fourniture de <strong>mini-grid<\/strong> \u00e9lectrique, Micro-r\u00e9seau \u00e9lectrique, \u00e9lectrification rurale et r\u00e9seau en \u00eelotage.\n<\/p>\n<h2>Utilit\u00e9 d&rsquo;un Mini Grid ou Micro r\u00e9seau<\/h2>\n<p>Parfois appel\u00e9 <strong>Mini Grid<\/strong>, le mini r\u00e9seau trouve toute sa place entre l\u2019extension des r\u00e9seaux \u00e9lectriques nationaux et le r\u00e9seau domestique priv\u00e9. Le d\u00e9ploiement des mini-r\u00e9seaux \u00e9lectriques est une solution efficace au probl\u00e8me \u00e9nerg\u00e9tique de certains hameaux, villages . Id\u00e9al pour compenser les probl\u00e8mes de d\u00e9ploiement sur r\u00e9seau national ou encore de r\u00e9tablir un r\u00e9seau \u00e9lectrique dans les plus brefs d\u00e9lais suite \u00e0 une catastrophe naturelle, le <strong>mini-r\u00e9seau \u00e9lectrique<\/strong> comble rapidement les manques \u00e9nerg\u00e9tiques dans les zones rurales n\u00e9glig\u00e9es en mati\u00e8re d\u2019acc\u00e8s \u00e0 l\u2019\u00e9lectricit\u00e9. Sur certains continents, nombreuses sont les zones dot\u00e9es d&rsquo;un r\u00e9seau national vieillissant voire inexistant. Le d\u00e9ploiement ou la modernisation du r\u00e9seau \u00e9lectrique peut s\u2019av\u00e9rer long et on\u00e9reux. La solution mini r\u00e9seau \u00e9lectrique prend ainsi tout son sens dans ces cas de figure.\n<\/p>\n<p>Dans les r\u00e9gions non \u00e9lectrifi\u00e9es et sensibles aux fluctuations climatiques, sujettes \u00e0 l&rsquo;\u00e9migration \u00e9conomique ou politique ainsi qu&rsquo;aux diverses catastrophes naturelles, les solutions d&rsquo;\u00e9lectrifications rurales propos\u00e9es par Capenergie en <em>Mini-r\u00e9seaux<\/em> ou <a href=\"http:\/\/www.capenergie.fr\/catalogue\/site-isole\/microgrid.html\" title=\"Micro Grid\">Micro Grid<\/a> sont souvent les seules options efficaces.<\/p>\n<h2>Mini Grid et Micro Grid plus facile \u00e0 d\u00e9ployer<\/h2>\n<p>A l&rsquo;inverse du r\u00e9seau \u00e9lectrique traditionnel, les solutions d&rsquo;\u00e9lectrifications rurales propos\u00e9es par Capenergie en <strong>Mini-r\u00e9seaux<\/strong> ou Micro Grid sont plus faciles \u00e0 installer et \u00e0 d\u00e9ployer dans les zones difficiles d&rsquo;acc\u00e8s et fournissent de l&rsquo;\u00e9nergie avec bien plus de fiabilit\u00e9.<\/p>\n<p>Les solutions d&rsquo;\u00e9lectrifications rurales propos\u00e9es par Capenergie contribuent ainsi \u00e0 la cr\u00e9ation d&rsquo;\u00e9conomies locales plus prosp\u00e8res et proactives en \u00e9lectrifiant les entreprises locales, les dispensaires ou h\u00f4pitaux ou encore les \u00e9coles.\n<\/p>\n<h3>Produire au plus pr\u00e8s du lieu de consommation<\/h3>\n<p>Avec plusieurs unit\u00e9s de production d&rsquo;\u00e9nergie photovolta\u00efque connect\u00e9es entre elles ou une seule centrale solaire, les <strong>Mini-r\u00e9seaux<\/strong> ou Micro Grid permettent de produire de l&rsquo;\u00e9lectricit\u00e9 (g\u00e9n\u00e9ralement de 5 \u00e0 200 kW) \u00e0 proximit\u00e9 du lieu de consommation \u00e0 des co\u00fbts moins on\u00e9reux que l\u2019extension des r\u00e9seaux \u00e9lectriques classiques.\n<\/p>\n<h3>Diversit\u00e9 des modes de productions des Mini Grid et Micro r\u00e9seau<\/h3>\n<p>Les syst\u00e8mes hybrides qui combinent le solaire photovolta\u00efque ou l\u2019\u00e9olien avec les groupes \u00e9lectrog\u00e8nes permettant une diversit\u00e9 des modes de productions ainsi qu&rsquo;une fiabilit\u00e9 sans faille des <strong>Mini-Grid<\/strong> ou Micro Grid.<\/p>\n<p>Les solutions d&rsquo;<strong>\u00e9lectrification rurale<\/strong> propos\u00e9es par Capenergie sont fr\u00e9quemment enrichies d&rsquo;un couplage entre une production \u00e0 l\u2019aide d\u2019un groupe(s) \u00e9lectrog\u00e8ne(s) et une production via un g\u00e9n\u00e9rateur solaire ou \u00e9olien lorsque l&rsquo;alimentation en \u00e9nergie cible les h\u00f4pitaux ou tout autre(s) lieu(x) sensible(s).\n<\/p>\n<h2>Quelques r\u00e9f\u00e9rences Capenergie en \u00e9lectrification rurale, Mini-Grid et Micro Grid<\/h2>\nngg_shortcode_0_placeholder\n<p>&nbsp;<\/p>\n<h2>Mise en place Mini Grid ou Micro r\u00e9seau avec Capenergie<\/h2>\n<p>L&rsquo;objectif de Capenergie est d&rsquo;\u00eatre le partenaire privil\u00e9gi\u00e9 pour d\u00e9velopper la meilleure solution d&rsquo;\u00e9lectrification rurale avec pour unique but l&rsquo;efficacit\u00e9 et la fiabilit\u00e9 maximale \u00e0 moindre co\u00fbt. En tant que partenaire privil\u00e9gi\u00e9 Capenergie b\u00e9n\u00e9ficie d&rsquo;une exp\u00e9rience unique sur les continents africain et asiatique, leurs particularit\u00e9s tout en faisant le lien avec le patrimoine local. Capenergie apporte conseils, solutions et \u00e9quipements adapt\u00e9s \u00e0 grand nombre de situations. Capenergie apporte son support technique dans la mise en place de syst\u00e8me d&rsquo;\u00e9lectrification rurale en cherchant \u00e0 d\u00e9velopper des relations personnalis\u00e9es avec les personnes \u00e0 l&rsquo;origine des projets tout en suivant la mise en place du projet sur place.<\/p>\n<p>Les missions de Capenergie sont adapt\u00e9es \u00e0 chaque particularit\u00e9 du projet gr\u00e2ce aux \u00e9tudes de nos experts en \u00e9lectrification rurale, <strong>Mini-Grid<\/strong> et Micro Grid et r\u00e9seau en \u00eelotage.<\/p>\n","protected":false},"excerpt":{"rendered":"<p>Engag\u00e9e dans le secteur des \u00e9nergies renouvelables depuis plus de 10 ans, Capenergie s&rsquo;est positionn\u00e9e d\u00e8s 2007 sur la probl\u00e9matique des zones non \u00e9lectrifi\u00e9es dites en site isol\u00e9. Apr\u00e8s une d\u00e9cennie d&rsquo;actions r\u00e9alis\u00e9es sur les 5 continents , Capenergie se positionne comme un acteur majeur dans l&rsquo;\u00e9tude et la fourniture de mini-grid \u00e9lectrique, Micro-r\u00e9seau \u00e9lectrique,&hellip;&nbsp;<a href=\"http:\/\/www.capenergie.fr\/catalogue\/site-isole\/mini-grid.html\" rel=\"bookmark\"><span class=\"screen-reader-text\">Mini-grid<\/span><\/a><\/p>\n","protected":false},"author":1,"featured_media":0,"parent":84,"menu_order":0,"comment_status":"closed","ping_status":"closed","template":"","meta":{"neve_meta_sidebar":"","neve_meta_container":"","neve_meta_enable_content_width":"","neve_meta_content_width":0,"neve_meta_title_alignment":"","neve_meta_author_avatar":"","neve_post_elements_order":"","neve_meta_disable_header":"","neve_meta_disable_footer":"","neve_meta_disable_title":"","ngg_post_thumbnail":0,"_themeisle_gutenberg_block_has_review":false,"footnotes":""},"class_list":["post-3740","page","type-page","status-publish","hentry"],"yoast_head":"<!-- This site is optimized with the Yoast SEO plugin v27.5 - https:\/\/yoast.com\/product\/yoast-seo-wordpress\/ -->\n<title>Solution Mini-Grid, Capenergie fournisseur depuis 2007<\/title>\n<meta name=\"description\" content=\"Expert du Mini Grid, engag\u00e9e dans le secteur des \u00e9nergies renouvelables depuis plus de 10 ans, Capenergie s&#039;est positionn\u00e9e d\u00e8s 2007 sur la probl\u00e9matique...\" \/>\n<meta name=\"robots\" content=\"index, follow, max-snippet:-1, max-image-preview:large, max-video-preview:-1\" \/>\n<link rel=\"canonical\" href=\"http:\/\/www.capenergie.fr\/catalogue\/site-isole\/mini-grid.html\" \/>\n<meta property=\"og:locale\" content=\"fr_FR\" \/>\n<meta property=\"og:type\" content=\"article\" \/>\n<meta property=\"og:title\" content=\"Solution Mini-Grid, Capenergie fournisseur depuis 2007\" \/>\n<meta property=\"og:description\" content=\"Expert du Mini Grid, engag\u00e9e dans le secteur des \u00e9nergies renouvelables depuis plus de 10 ans, Capenergie s&#039;est positionn\u00e9e d\u00e8s 2007 sur la probl\u00e9matique...\" \/>\n<meta property=\"og:url\" content=\"http:\/\/www.capenergie.fr\/catalogue\/site-isole\/mini-grid.html\" \/>\n<meta property=\"article:modified_time\" content=\"2019-04-08T15:18:40+00:00\" \/>\n<meta name=\"twitter:label1\" content=\"Dur\u00e9e de lecture estim\u00e9e\" \/>\n\t<meta name=\"twitter:data1\" content=\"4 minutes\" \/>\n<script type=\"application\/ld+json\" class=\"yoast-schema-graph\">{\"@context\":\"https:\\\/\\\/schema.org\",\"@graph\":[{\"@type\":\"WebPage\",\"@id\":\"http:\\\/\\\/www.capenergie.fr\\\/catalogue\\\/site-isole\\\/mini-grid.html\",\"url\":\"http:\\\/\\\/www.capenergie.fr\\\/catalogue\\\/site-isole\\\/mini-grid.html\",\"name\":\"Solution Mini-Grid, Capenergie fournisseur depuis 2007\",\"isPartOf\":{\"@id\":\"https:\\\/\\\/www.capenergie.fr\\\/catalogue\\\/#website\"},\"datePublished\":\"2019-04-08T15:17:01+00:00\",\"dateModified\":\"2019-04-08T15:18:40+00:00\",\"description\":\"Expert du Mini Grid, engag\u00e9e dans le secteur des \u00e9nergies renouvelables depuis plus de 10 ans, Capenergie s'est positionn\u00e9e d\u00e8s 2007 sur la probl\u00e9matique...\",\"breadcrumb\":{\"@id\":\"http:\\\/\\\/www.capenergie.fr\\\/catalogue\\\/site-isole\\\/mini-grid.html#breadcrumb\"},\"inLanguage\":\"fr-FR\",\"potentialAction\":[{\"@type\":\"ReadAction\",\"target\":[\"http:\\\/\\\/www.capenergie.fr\\\/catalogue\\\/site-isole\\\/mini-grid.html\"]}]},{\"@type\":\"BreadcrumbList\",\"@id\":\"http:\\\/\\\/www.capenergie.fr\\\/catalogue\\\/site-isole\\\/mini-grid.html#breadcrumb\",\"itemListElement\":[{\"@type\":\"ListItem\",\"position\":1,\"name\":\"Accueil\",\"item\":\"http:\\\/\\\/www.capenergie.fr\\\/catalogue\\\/\"},{\"@type\":\"ListItem\",\"position\":2,\"name\":\"Equipements pour site isol\u00e9\",\"item\":\"http:\\\/\\\/www.capenergie.fr\\\/catalogue\\\/site-isole.html\"},{\"@type\":\"ListItem\",\"position\":3,\"name\":\"Mini-grid\"}]},{\"@type\":\"WebSite\",\"@id\":\"https:\\\/\\\/www.capenergie.fr\\\/catalogue\\\/#website\",\"url\":\"https:\\\/\\\/www.capenergie.fr\\\/catalogue\\\/\",\"name\":\"\",\"description\":\"\",\"potentialAction\":[{\"@type\":\"SearchAction\",\"target\":{\"@type\":\"EntryPoint\",\"urlTemplate\":\"https:\\\/\\\/www.capenergie.fr\\\/catalogue\\\/?s={search_term_string}\"},\"query-input\":{\"@type\":\"PropertyValueSpecification\",\"valueRequired\":true,\"valueName\":\"search_term_string\"}}],\"inLanguage\":\"fr-FR\"}]}<\/script>\n<!-- \/ Yoast SEO plugin. -->","yoast_head_json":{"title":"Solution Mini-Grid, Capenergie fournisseur depuis 2007","description":"Expert du Mini Grid, engag\u00e9e dans le secteur des \u00e9nergies renouvelables depuis plus de 10 ans, Capenergie s'est positionn\u00e9e d\u00e8s 2007 sur la probl\u00e9matique...","robots":{"index":"index","follow":"follow","max-snippet":"max-snippet:-1","max-image-preview":"max-image-preview:large","max-video-preview":"max-video-preview:-1"},"canonical":"http:\/\/www.capenergie.fr\/catalogue\/site-isole\/mini-grid.html","og_locale":"fr_FR","og_type":"article","og_title":"Solution Mini-Grid, Capenergie fournisseur depuis 2007","og_description":"Expert du Mini Grid, engag\u00e9e dans le secteur des \u00e9nergies renouvelables depuis plus de 10 ans, Capenergie s'est positionn\u00e9e d\u00e8s 2007 sur la probl\u00e9matique...","og_url":"http:\/\/www.capenergie.fr\/catalogue\/site-isole\/mini-grid.html","article_modified_time":"2019-04-08T15:18:40+00:00","twitter_misc":{"Dur\u00e9e de lecture estim\u00e9e":"4 minutes"},"schema":{"@context":"https:\/\/schema.org","@graph":[{"@type":"WebPage","@id":"http:\/\/www.capenergie.fr\/catalogue\/site-isole\/mini-grid.html","url":"http:\/\/www.capenergie.fr\/catalogue\/site-isole\/mini-grid.html","name":"Solution Mini-Grid, Capenergie fournisseur depuis 2007","isPartOf":{"@id":"https:\/\/www.capenergie.fr\/catalogue\/#website"},"datePublished":"2019-04-08T15:17:01+00:00","dateModified":"2019-04-08T15:18:40+00:00","description":"Expert du Mini Grid, engag\u00e9e dans le secteur des \u00e9nergies renouvelables depuis plus de 10 ans, Capenergie s'est positionn\u00e9e d\u00e8s 2007 sur la probl\u00e9matique...","breadcrumb":{"@id":"http:\/\/www.capenergie.fr\/catalogue\/site-isole\/mini-grid.html#breadcrumb"},"inLanguage":"fr-FR","potentialAction":[{"@type":"ReadAction","target":["http:\/\/www.capenergie.fr\/catalogue\/site-isole\/mini-grid.html"]}]},{"@type":"BreadcrumbList","@id":"http:\/\/www.capenergie.fr\/catalogue\/site-isole\/mini-grid.html#breadcrumb","itemListElement":[{"@type":"ListItem","position":1,"name":"Accueil","item":"http:\/\/www.capenergie.fr\/catalogue\/"},{"@type":"ListItem","position":2,"name":"Equipements pour site isol\u00e9","item":"http:\/\/www.capenergie.fr\/catalogue\/site-isole.html"},{"@type":"ListItem","position":3,"name":"Mini-grid"}]},{"@type":"WebSite","@id":"https:\/\/www.capenergie.fr\/catalogue\/#website","url":"https:\/\/www.capenergie.fr\/catalogue\/","name":"","description":"","potentialAction":[{"@type":"SearchAction","target":{"@type":"EntryPoint","urlTemplate":"https:\/\/www.capenergie.fr\/catalogue\/?s={search_term_string}"},"query-input":{"@type":"PropertyValueSpecification","valueRequired":true,"valueName":"search_term_string"}}],"inLanguage":"fr-FR"}]}},"_links":{"self":[{"href":"http:\/\/www.capenergie.fr\/catalogue\/wp-json\/wp\/v2\/pages\/3740","targetHints":{"allow":["GET"]}}],"collection":[{"href":"http:\/\/www.capenergie.fr\/catalogue\/wp-json\/wp\/v2\/pages"}],"about":[{"href":"http:\/\/www.capenergie.fr\/catalogue\/wp-json\/wp\/v2\/types\/page"}],"author":[{"embeddable":true,"href":"http:\/\/www.capenergie.fr\/catalogue\/wp-json\/wp\/v2\/users\/1"}],"replies":[{"embeddable":true,"href":"http:\/\/www.capenergie.fr\/catalogue\/wp-json\/wp\/v2\/comments?post=3740"}],"version-history":[{"count":4,"href":"http:\/\/www.capenergie.fr\/catalogue\/wp-json\/wp\/v2\/pages\/3740\/revisions"}],"predecessor-version":[{"id":3754,"href":"http:\/\/www.capenergie.fr\/catalogue\/wp-json\/wp\/v2\/pages\/3740\/revisions\/3754"}],"up":[{"embeddable":true,"href":"http:\/\/www.capenergie.fr\/catalogue\/wp-json\/wp\/v2\/pages\/84"}],"wp:attachment":[{"href":"http:\/\/www.capenergie.fr\/catalogue\/wp-json\/wp\/v2\/media?parent=3740"}],"curies":[{"name":"wp","href":"https:\/\/api.w.org\/{rel}","templated":true}]}}