{"id":33,"date":"2012-09-19T09:06:37","date_gmt":"2012-09-19T09:06:37","guid":{"rendered":"http:\/\/www.capenergie.fr\/catalogue3\/?page_id=33"},"modified":"2013-02-12T12:02:45","modified_gmt":"2013-02-12T11:02:45","slug":"installation-photovoltaiques-10kw","status":"publish","type":"page","link":"http:\/\/www.capenergie.fr\/catalogue\/photos-a-referenes\/installation-photovoltaiques-10kw.html","title":{"rendered":"Installation Photovolta\u00efques -10Kw"},"content":{"rendered":"ngg_shortcode_0_placeholder\n","protected":false},"excerpt":{"rendered":"","protected":false},"author":1,"featured_media":0,"parent":19,"menu_order":0,"comment_status":"closed","ping_status":"closed","template":"sidebar-page.php","meta":{"neve_meta_sidebar":"","neve_meta_container":"","neve_meta_enable_content_width":"","neve_meta_content_width":0,"neve_meta_title_alignment":"","neve_meta_author_avatar":"","neve_post_elements_order":"","neve_meta_disable_header":"","neve_meta_disable_footer":"","neve_meta_disable_title":"","ngg_post_thumbnail":0,"_themeisle_gutenberg_block_has_review":false,"footnotes":""},"class_list":["post-33","page","type-page","status-publish","hentry"],"yoast_head":"<!-- This site is optimized with the Yoast SEO plugin v27.5 - https:\/\/yoast.com\/product\/yoast-seo-wordpress\/ -->\n<title>R\u00e9f\u00e9rences Cap Energie Installation Photovolta\u00efques moins de 10Kw<\/title>\n<meta name=\"description\" content=\"R\u00e9f\u00e9rences Cap Energie d&#039;Installation Photovolta\u00efque de moins de 10KW r\u00e9alis\u00e9 par des installateurs de panneaux photovolta\u00efques utilisant la gamme de produit Cap Energie pour r\u00e9aliser leur chantier.\" \/>\n<meta name=\"robots\" content=\"index, follow, max-snippet:-1, max-image-preview:large, max-video-preview:-1\" \/>\n<link rel=\"canonical\" href=\"https:\/\/www.capenergie.fr\/catalogue\/photos-a-referenes\/installation-photovoltaiques-10kw.html\" \/>\n<meta property=\"og:locale\" content=\"fr_FR\" \/>\n<meta property=\"og:type\" content=\"article\" \/>\n<meta property=\"og:title\" content=\"R\u00e9f\u00e9rences Cap Energie Installation Photovolta\u00efques moins de 10Kw\" \/>\n<meta property=\"og:description\" content=\"R\u00e9f\u00e9rences Cap Energie d&#039;Installation Photovolta\u00efque de moins de 10KW r\u00e9alis\u00e9 par des installateurs de panneaux photovolta\u00efques utilisant la gamme de produit Cap Energie pour r\u00e9aliser leur chantier.\" \/>\n<meta property=\"og:url\" content=\"https:\/\/www.capenergie.fr\/catalogue\/photos-a-referenes\/installation-photovoltaiques-10kw.html\" \/>\n<meta property=\"article:modified_time\" content=\"2013-02-12T11:02:45+00:00\" \/>\n<script type=\"application\/ld+json\" class=\"yoast-schema-graph\">{\"@context\":\"https:\\\/\\\/schema.org\",\"@graph\":[{\"@type\":\"WebPage\",\"@id\":\"https:\\\/\\\/www.capenergie.fr\\\/catalogue\\\/photos-a-referenes\\\/installation-photovoltaiques-10kw.html\",\"url\":\"https:\\\/\\\/www.capenergie.fr\\\/catalogue\\\/photos-a-referenes\\\/installation-photovoltaiques-10kw.html\",\"name\":\"R\u00e9f\u00e9rences Cap Energie Installation Photovolta\u00efques moins de 10Kw\",\"isPartOf\":{\"@id\":\"https:\\\/\\\/www.capenergie.fr\\\/catalogue\\\/#website\"},\"datePublished\":\"2012-09-19T09:06:37+00:00\",\"dateModified\":\"2013-02-12T11:02:45+00:00\",\"description\":\"R\u00e9f\u00e9rences Cap Energie d'Installation Photovolta\u00efque de moins de 10KW r\u00e9alis\u00e9 par des installateurs de panneaux photovolta\u00efques utilisant la gamme de produit Cap Energie pour r\u00e9aliser leur chantier.\",\"breadcrumb\":{\"@id\":\"https:\\\/\\\/www.capenergie.fr\\\/catalogue\\\/photos-a-referenes\\\/installation-photovoltaiques-10kw.html#breadcrumb\"},\"inLanguage\":\"fr-FR\",\"potentialAction\":[{\"@type\":\"ReadAction\",\"target\":[\"https:\\\/\\\/www.capenergie.fr\\\/catalogue\\\/photos-a-referenes\\\/installation-photovoltaiques-10kw.html\"]}]},{\"@type\":\"BreadcrumbList\",\"@id\":\"https:\\\/\\\/www.capenergie.fr\\\/catalogue\\\/photos-a-referenes\\\/installation-photovoltaiques-10kw.html#breadcrumb\",\"itemListElement\":[{\"@type\":\"ListItem\",\"position\":1,\"name\":\"Accueil\",\"item\":\"http:\\\/\\\/www.capenergie.fr\\\/catalogue\\\/\"},{\"@type\":\"ListItem\",\"position\":2,\"name\":\"Photos\",\"item\":\"http:\\\/\\\/www.capenergie.fr\\\/catalogue\\\/photos-a-referenes.html\"},{\"@type\":\"ListItem\",\"position\":3,\"name\":\"Installation Photovolta\u00efques -10Kw\"}]},{\"@type\":\"WebSite\",\"@id\":\"https:\\\/\\\/www.capenergie.fr\\\/catalogue\\\/#website\",\"url\":\"https:\\\/\\\/www.capenergie.fr\\\/catalogue\\\/\",\"name\":\"\",\"description\":\"\",\"potentialAction\":[{\"@type\":\"SearchAction\",\"target\":{\"@type\":\"EntryPoint\",\"urlTemplate\":\"https:\\\/\\\/www.capenergie.fr\\\/catalogue\\\/?s={search_term_string}\"},\"query-input\":{\"@type\":\"PropertyValueSpecification\",\"valueRequired\":true,\"valueName\":\"search_term_string\"}}],\"inLanguage\":\"fr-FR\"}]}<\/script>\n<!-- \/ Yoast SEO plugin. -->","yoast_head_json":{"title":"R\u00e9f\u00e9rences Cap Energie Installation Photovolta\u00efques moins de 10Kw","description":"R\u00e9f\u00e9rences Cap Energie d'Installation Photovolta\u00efque de moins de 10KW r\u00e9alis\u00e9 par des installateurs de panneaux photovolta\u00efques utilisant la gamme de produit Cap Energie pour r\u00e9aliser leur chantier.","robots":{"index":"index","follow":"follow","max-snippet":"max-snippet:-1","max-image-preview":"max-image-preview:large","max-video-preview":"max-video-preview:-1"},"canonical":"https:\/\/www.capenergie.fr\/catalogue\/photos-a-referenes\/installation-photovoltaiques-10kw.html","og_locale":"fr_FR","og_type":"article","og_title":"R\u00e9f\u00e9rences Cap Energie Installation Photovolta\u00efques moins de 10Kw","og_description":"R\u00e9f\u00e9rences Cap Energie d'Installation Photovolta\u00efque de moins de 10KW r\u00e9alis\u00e9 par des installateurs de panneaux photovolta\u00efques utilisant la gamme de produit Cap Energie pour r\u00e9aliser leur chantier.","og_url":"https:\/\/www.capenergie.fr\/catalogue\/photos-a-referenes\/installation-photovoltaiques-10kw.html","article_modified_time":"2013-02-12T11:02:45+00:00","schema":{"@context":"https:\/\/schema.org","@graph":[{"@type":"WebPage","@id":"https:\/\/www.capenergie.fr\/catalogue\/photos-a-referenes\/installation-photovoltaiques-10kw.html","url":"https:\/\/www.capenergie.fr\/catalogue\/photos-a-referenes\/installation-photovoltaiques-10kw.html","name":"R\u00e9f\u00e9rences Cap Energie Installation Photovolta\u00efques moins de 10Kw","isPartOf":{"@id":"https:\/\/www.capenergie.fr\/catalogue\/#website"},"datePublished":"2012-09-19T09:06:37+00:00","dateModified":"2013-02-12T11:02:45+00:00","description":"R\u00e9f\u00e9rences Cap Energie d'Installation Photovolta\u00efque de moins de 10KW r\u00e9alis\u00e9 par des installateurs de panneaux photovolta\u00efques utilisant la gamme de produit Cap Energie pour r\u00e9aliser leur chantier.","breadcrumb":{"@id":"https:\/\/www.capenergie.fr\/catalogue\/photos-a-referenes\/installation-photovoltaiques-10kw.html#breadcrumb"},"inLanguage":"fr-FR","potentialAction":[{"@type":"ReadAction","target":["https:\/\/www.capenergie.fr\/catalogue\/photos-a-referenes\/installation-photovoltaiques-10kw.html"]}]},{"@type":"BreadcrumbList","@id":"https:\/\/www.capenergie.fr\/catalogue\/photos-a-referenes\/installation-photovoltaiques-10kw.html#breadcrumb","itemListElement":[{"@type":"ListItem","position":1,"name":"Accueil","item":"http:\/\/www.capenergie.fr\/catalogue\/"},{"@type":"ListItem","position":2,"name":"Photos","item":"http:\/\/www.capenergie.fr\/catalogue\/photos-a-referenes.html"},{"@type":"ListItem","position":3,"name":"Installation Photovolta\u00efques -10Kw"}]},{"@type":"WebSite","@id":"https:\/\/www.capenergie.fr\/catalogue\/#website","url":"https:\/\/www.capenergie.fr\/catalogue\/","name":"","description":"","potentialAction":[{"@type":"SearchAction","target":{"@type":"EntryPoint","urlTemplate":"https:\/\/www.capenergie.fr\/catalogue\/?s={search_term_string}"},"query-input":{"@type":"PropertyValueSpecification","valueRequired":true,"valueName":"search_term_string"}}],"inLanguage":"fr-FR"}]}},"_links":{"self":[{"href":"http:\/\/www.capenergie.fr\/catalogue\/wp-json\/wp\/v2\/pages\/33","targetHints":{"allow":["GET"]}}],"collection":[{"href":"http:\/\/www.capenergie.fr\/catalogue\/wp-json\/wp\/v2\/pages"}],"about":[{"href":"http:\/\/www.capenergie.fr\/catalogue\/wp-json\/wp\/v2\/types\/page"}],"author":[{"embeddable":true,"href":"http:\/\/www.capenergie.fr\/catalogue\/wp-json\/wp\/v2\/users\/1"}],"replies":[{"embeddable":true,"href":"http:\/\/www.capenergie.fr\/catalogue\/wp-json\/wp\/v2\/comments?post=33"}],"version-history":[{"count":5,"href":"http:\/\/www.capenergie.fr\/catalogue\/wp-json\/wp\/v2\/pages\/33\/revisions"}],"predecessor-version":[{"id":39,"href":"http:\/\/www.capenergie.fr\/catalogue\/wp-json\/wp\/v2\/pages\/33\/revisions\/39"}],"up":[{"embeddable":true,"href":"http:\/\/www.capenergie.fr\/catalogue\/wp-json\/wp\/v2\/pages\/19"}],"wp:attachment":[{"href":"http:\/\/www.capenergie.fr\/catalogue\/wp-json\/wp\/v2\/media?parent=33"}],"curies":[{"name":"wp","href":"https:\/\/api.w.org\/{rel}","templated":true}]}}