{"id":26,"date":"2012-09-19T07:49:54","date_gmt":"2012-09-19T07:49:54","guid":{"rendered":"http:\/\/www.capenergie.fr\/catalogue3\/?page_id=26"},"modified":"2013-02-12T11:54:31","modified_gmt":"2013-02-12T10:54:31","slug":"installation-eolienne-domestique","status":"publish","type":"page","link":"http:\/\/www.capenergie.fr\/catalogue\/photos-a-referenes\/installation-eolienne-domestique.html","title":{"rendered":"Installation \u00e9olienne"},"content":{"rendered":"ngg_shortcode_0_placeholder\n","protected":false},"excerpt":{"rendered":"","protected":false},"author":1,"featured_media":0,"parent":19,"menu_order":0,"comment_status":"closed","ping_status":"closed","template":"sidebar-page.php","meta":{"neve_meta_sidebar":"","neve_meta_container":"","neve_meta_enable_content_width":"","neve_meta_content_width":0,"neve_meta_title_alignment":"","neve_meta_author_avatar":"","neve_post_elements_order":"","neve_meta_disable_header":"","neve_meta_disable_footer":"","neve_meta_disable_title":"","ngg_post_thumbnail":0,"_themeisle_gutenberg_block_has_review":false,"footnotes":""},"class_list":["post-26","page","type-page","status-publish","hentry"],"yoast_head":"<!-- This site is optimized with the Yoast SEO plugin v27.3 - https:\/\/yoast.com\/product\/yoast-seo-wordpress\/ -->\n<title>Installation \u00e9olienne - R\u00e9f\u00e9rences Cap Energie<\/title>\n<meta name=\"description\" content=\"R\u00e9f\u00e9rences Cap Energie d\u2019installation \u00e9olienne domestique r\u00e9alis\u00e9 par les membres du r\u00e9seau Cap Wind Partner avec la gamme d&#039;\u00e9olienne pour particulier Cap Energie\" \/>\n<meta name=\"robots\" content=\"index, follow, max-snippet:-1, max-image-preview:large, max-video-preview:-1\" \/>\n<link rel=\"canonical\" href=\"http:\/\/www.capenergie.fr\/catalogue\/photos-a-referenes\/installation-eolienne-domestique.html\" \/>\n<meta property=\"og:locale\" content=\"fr_FR\" \/>\n<meta property=\"og:type\" content=\"article\" \/>\n<meta property=\"og:title\" content=\"Installation \u00e9olienne - R\u00e9f\u00e9rences Cap Energie\" \/>\n<meta property=\"og:description\" content=\"R\u00e9f\u00e9rences Cap Energie d\u2019installation \u00e9olienne domestique r\u00e9alis\u00e9 par les membres du r\u00e9seau Cap Wind Partner avec la gamme d&#039;\u00e9olienne pour particulier Cap Energie\" \/>\n<meta property=\"og:url\" content=\"http:\/\/www.capenergie.fr\/catalogue\/photos-a-referenes\/installation-eolienne-domestique.html\" \/>\n<meta property=\"article:modified_time\" content=\"2013-02-12T10:54:31+00:00\" \/>\n<script type=\"application\/ld+json\" class=\"yoast-schema-graph\">{\"@context\":\"https:\\\/\\\/schema.org\",\"@graph\":[{\"@type\":\"WebPage\",\"@id\":\"http:\\\/\\\/www.capenergie.fr\\\/catalogue\\\/photos-a-referenes\\\/installation-eolienne-domestique.html\",\"url\":\"http:\\\/\\\/www.capenergie.fr\\\/catalogue\\\/photos-a-referenes\\\/installation-eolienne-domestique.html\",\"name\":\"Installation \u00e9olienne - R\u00e9f\u00e9rences Cap Energie\",\"isPartOf\":{\"@id\":\"https:\\\/\\\/www.capenergie.fr\\\/catalogue\\\/#website\"},\"datePublished\":\"2012-09-19T07:49:54+00:00\",\"dateModified\":\"2013-02-12T10:54:31+00:00\",\"description\":\"R\u00e9f\u00e9rences Cap Energie d\u2019installation \u00e9olienne domestique r\u00e9alis\u00e9 par les membres du r\u00e9seau Cap Wind Partner avec la gamme d'\u00e9olienne pour particulier Cap Energie\",\"breadcrumb\":{\"@id\":\"http:\\\/\\\/www.capenergie.fr\\\/catalogue\\\/photos-a-referenes\\\/installation-eolienne-domestique.html#breadcrumb\"},\"inLanguage\":\"fr-FR\",\"potentialAction\":[{\"@type\":\"ReadAction\",\"target\":[\"http:\\\/\\\/www.capenergie.fr\\\/catalogue\\\/photos-a-referenes\\\/installation-eolienne-domestique.html\"]}]},{\"@type\":\"BreadcrumbList\",\"@id\":\"http:\\\/\\\/www.capenergie.fr\\\/catalogue\\\/photos-a-referenes\\\/installation-eolienne-domestique.html#breadcrumb\",\"itemListElement\":[{\"@type\":\"ListItem\",\"position\":1,\"name\":\"Accueil\",\"item\":\"https:\\\/\\\/www.capenergie.fr\\\/catalogue\\\/\"},{\"@type\":\"ListItem\",\"position\":2,\"name\":\"Photos\",\"item\":\"http:\\\/\\\/www.capenergie.fr\\\/catalogue\\\/photos-a-referenes.html\"},{\"@type\":\"ListItem\",\"position\":3,\"name\":\"Installation \u00e9olienne\"}]},{\"@type\":\"WebSite\",\"@id\":\"https:\\\/\\\/www.capenergie.fr\\\/catalogue\\\/#website\",\"url\":\"https:\\\/\\\/www.capenergie.fr\\\/catalogue\\\/\",\"name\":\"\",\"description\":\"\",\"potentialAction\":[{\"@type\":\"SearchAction\",\"target\":{\"@type\":\"EntryPoint\",\"urlTemplate\":\"https:\\\/\\\/www.capenergie.fr\\\/catalogue\\\/?s={search_term_string}\"},\"query-input\":{\"@type\":\"PropertyValueSpecification\",\"valueRequired\":true,\"valueName\":\"search_term_string\"}}],\"inLanguage\":\"fr-FR\"}]}<\/script>\n<!-- \/ Yoast SEO plugin. -->","yoast_head_json":{"title":"Installation \u00e9olienne - R\u00e9f\u00e9rences Cap Energie","description":"R\u00e9f\u00e9rences Cap Energie d\u2019installation \u00e9olienne domestique r\u00e9alis\u00e9 par les membres du r\u00e9seau Cap Wind Partner avec la gamme d'\u00e9olienne pour particulier Cap Energie","robots":{"index":"index","follow":"follow","max-snippet":"max-snippet:-1","max-image-preview":"max-image-preview:large","max-video-preview":"max-video-preview:-1"},"canonical":"http:\/\/www.capenergie.fr\/catalogue\/photos-a-referenes\/installation-eolienne-domestique.html","og_locale":"fr_FR","og_type":"article","og_title":"Installation \u00e9olienne - R\u00e9f\u00e9rences Cap Energie","og_description":"R\u00e9f\u00e9rences Cap Energie d\u2019installation \u00e9olienne domestique r\u00e9alis\u00e9 par les membres du r\u00e9seau Cap Wind Partner avec la gamme d'\u00e9olienne pour particulier Cap Energie","og_url":"http:\/\/www.capenergie.fr\/catalogue\/photos-a-referenes\/installation-eolienne-domestique.html","article_modified_time":"2013-02-12T10:54:31+00:00","schema":{"@context":"https:\/\/schema.org","@graph":[{"@type":"WebPage","@id":"http:\/\/www.capenergie.fr\/catalogue\/photos-a-referenes\/installation-eolienne-domestique.html","url":"http:\/\/www.capenergie.fr\/catalogue\/photos-a-referenes\/installation-eolienne-domestique.html","name":"Installation \u00e9olienne - R\u00e9f\u00e9rences Cap Energie","isPartOf":{"@id":"https:\/\/www.capenergie.fr\/catalogue\/#website"},"datePublished":"2012-09-19T07:49:54+00:00","dateModified":"2013-02-12T10:54:31+00:00","description":"R\u00e9f\u00e9rences Cap Energie d\u2019installation \u00e9olienne domestique r\u00e9alis\u00e9 par les membres du r\u00e9seau Cap Wind Partner avec la gamme d'\u00e9olienne pour particulier Cap Energie","breadcrumb":{"@id":"http:\/\/www.capenergie.fr\/catalogue\/photos-a-referenes\/installation-eolienne-domestique.html#breadcrumb"},"inLanguage":"fr-FR","potentialAction":[{"@type":"ReadAction","target":["http:\/\/www.capenergie.fr\/catalogue\/photos-a-referenes\/installation-eolienne-domestique.html"]}]},{"@type":"BreadcrumbList","@id":"http:\/\/www.capenergie.fr\/catalogue\/photos-a-referenes\/installation-eolienne-domestique.html#breadcrumb","itemListElement":[{"@type":"ListItem","position":1,"name":"Accueil","item":"https:\/\/www.capenergie.fr\/catalogue\/"},{"@type":"ListItem","position":2,"name":"Photos","item":"http:\/\/www.capenergie.fr\/catalogue\/photos-a-referenes.html"},{"@type":"ListItem","position":3,"name":"Installation \u00e9olienne"}]},{"@type":"WebSite","@id":"https:\/\/www.capenergie.fr\/catalogue\/#website","url":"https:\/\/www.capenergie.fr\/catalogue\/","name":"","description":"","potentialAction":[{"@type":"SearchAction","target":{"@type":"EntryPoint","urlTemplate":"https:\/\/www.capenergie.fr\/catalogue\/?s={search_term_string}"},"query-input":{"@type":"PropertyValueSpecification","valueRequired":true,"valueName":"search_term_string"}}],"inLanguage":"fr-FR"}]}},"_links":{"self":[{"href":"http:\/\/www.capenergie.fr\/catalogue\/wp-json\/wp\/v2\/pages\/26","targetHints":{"allow":["GET"]}}],"collection":[{"href":"http:\/\/www.capenergie.fr\/catalogue\/wp-json\/wp\/v2\/pages"}],"about":[{"href":"http:\/\/www.capenergie.fr\/catalogue\/wp-json\/wp\/v2\/types\/page"}],"author":[{"embeddable":true,"href":"http:\/\/www.capenergie.fr\/catalogue\/wp-json\/wp\/v2\/users\/1"}],"replies":[{"embeddable":true,"href":"http:\/\/www.capenergie.fr\/catalogue\/wp-json\/wp\/v2\/comments?post=26"}],"version-history":[{"count":5,"href":"http:\/\/www.capenergie.fr\/catalogue\/wp-json\/wp\/v2\/pages\/26\/revisions"}],"predecessor-version":[{"id":32,"href":"http:\/\/www.capenergie.fr\/catalogue\/wp-json\/wp\/v2\/pages\/26\/revisions\/32"}],"up":[{"embeddable":true,"href":"http:\/\/www.capenergie.fr\/catalogue\/wp-json\/wp\/v2\/pages\/19"}],"wp:attachment":[{"href":"http:\/\/www.capenergie.fr\/catalogue\/wp-json\/wp\/v2\/media?parent=26"}],"curies":[{"name":"wp","href":"https:\/\/api.w.org\/{rel}","templated":true}]}}