{"id":19,"date":"2012-09-17T10:22:29","date_gmt":"2012-09-17T10:22:29","guid":{"rendered":"http:\/\/www.capenergie.fr\/catalogue3\/?page_id=19"},"modified":"2023-05-03T12:00:45","modified_gmt":"2023-05-03T10:00:45","slug":"photos-a-referenes","status":"publish","type":"page","link":"http:\/\/www.capenergie.fr\/catalogue\/photos-a-referenes.html","title":{"rendered":"Photos"},"content":{"rendered":"<table id=\"tab-list-pics\" width=\"100%%\" border=\"0\">\n<tr>\n<td>\n<h2>R\u00e9f\u00e9rences installation &quot;Site isol\u00e9&quot;<\/h2>\n<p>    \t<a class=\"img-product-list\" href=\"\/catalogue\/photos-a-referenes\/installation-site-isole.html\"><img decoding=\"async\" src=\"http:\/\/images.capenergie.fr\/reference\/v5\/site-isole.jpg\" width=\"125\" Border=\"0\" height=\"125\" alt=\"site isol\u00e9\"><\/a><\/p>\n<p>R\u00e9f\u00e9rences sur les installations r\u00e9alis\u00e9es avec les produits de la gamme Cap Energie. Un ensemble de chantier r\u00e9alis\u00e9s aux 4 coins du monde proposant diverses applications domestiques, agricoles, humanitaires ou industrielles.<\/p>\n<div align=\"center\" class=\"butt-prod1\" id=\"butt\"> <a href=\"\/catalogue\/photos-a-referenes\/installation-site-isole.html\" title=\"R\u00e9f\u00e9rences installation &quot;Site isol\u00e9&quot;\">Photos et R\u00e9f\u00e9rences <\/a><\/div>\n<\/td>\n<\/tr>\n<tr>\n<td>\n<h2>R\u00e9f\u00e9rences installation &quot;photovolta\u00efque &#8211; 10KW&quot;<\/h2>\n<p>    \t<a class=\"img-product-list\" href=\"\/catalogue\/photos-a-referenes\/installation-photovoltaiques-10kw.html\"><img decoding=\"async\" src=\"http:\/\/images.capenergie.fr\/reference\/v5\/photovoltaique-10kw.jpg\" width=\"125\" Border=\"0\" height=\"125\" alt=\"installation photovolta\u00efque - de 10 Kw\"><\/a><\/p>\n<p>R\u00e9f\u00e9rences sur les installations r\u00e9alis\u00e9es avec les produits de la gamme Cap Energie. Une s\u00e9lection de chantiers photovolta\u00efques de faible puissance principalement de type domestiques r\u00e9alis\u00e9s par des installateurs de nos r\u00e9gions fran\u00e7aises.<\/p>\n<div align=\"center\" class=\"butt-prod1\" id=\"butt\"> <a href=\"\/catalogue\/photos-a-referenes\/installation-photovoltaiques-10kw.html\" title=\"R\u00e9f\u00e9rences installation photovolta\u00efque - 10KW\">Photos et R\u00e9f\u00e9rences <\/a><\/div>\n<\/td>\n<\/tr>\n<tr>\n<td>\n<h2>R\u00e9f\u00e9rences installation &quot;photovolta\u00efque + 10KW&quot;<\/h2>\n<p>    \t<a class=\"img-product-list\" href=\"\/catalogue\/photos-a-referenes\/installation-photovoltaiques-plus-10kw.html\"><img decoding=\"async\" src=\"http:\/\/images.capenergie.fr\/reference\/v5\/photovoltaique-plus10kw.jpg\" width=\"125\" Border=\"0\" height=\"125\" alt=\"installation photovolta\u00efque + de 10 Kw\"><\/a><\/p>\n<p>R\u00e9f\u00e9rences sur les installations r\u00e9alis\u00e9es avec les produits de la gamme Cap Energie. Une s\u00e9lection de chantiers photovolta\u00efques de moyenne \u00e0 grosse puissance de type agricoles ou industriels r\u00e9alis\u00e9s par des installateurs de nos r\u00e9gions fran\u00e7aises.<\/p>\n<div align=\"center\" class=\"butt-prod1\" id=\"butt\"> <a href=\"\/catalogue\/photos-a-referenes\/installation-photovoltaiques-plus-10kw.html\" title=\"R\u00e9f\u00e9rences installation photovolta\u00efque + 10KW\">Photos et R\u00e9f\u00e9rences <\/a><\/div>\n<\/td>\n<\/tr>\n<tr>\n<td>\n<h2>R\u00e9f\u00e9rences installation photovolta\u00efque &quot;100% int\u00e9gr\u00e9e&quot;<\/h2>\n<p>    \t<a class=\"img-product-list\" href=\"\/catalogue\/photos-a-referenes\/installation-100-integre.html\"><img loading=\"lazy\" decoding=\"async\" src=\"http:\/\/images.capenergie.fr\/reference\/v5\/integration.jpg\" width=\"125\" Border=\"0\" height=\"125\" alt=\"installation 100% int\u00e9gr\u00e9e\"><\/a><\/p>\n<p>R\u00e9f\u00e9rences sur les installations r\u00e9alis\u00e9es avec les produits de la gamme Cap Energie. Une s\u00e9lection de chantiers photovolta\u00efques dont les modules PV font partie int\u00e9grante de la toiture. Une technologie dop\u00e9e par les tarifs d&rsquo;achat ERDF sup\u00e9rieurs \u00e0 l&rsquo;int\u00e9gration simplifi\u00e9e.<\/p>\n<div align=\"center\" class=\"butt-prod1\" id=\"butt\"> <a href=\"\/catalogue\/photos-a-referenes\/installation-100-integre.html\" title=\"R\u00e9f\u00e9rences installation photovolta\u00efque 100% int\u00e9gr\u00e9e\">Photos et R\u00e9f\u00e9rences <\/a><\/div>\n<\/td>\n<\/tr>\n<tr>\n<td>\n<h2>R\u00e9f\u00e9rences installation  &quot;structure et support sur mesure&quot; de panneaux photovolta\u00efque<\/h2>\n<p>    \t<a class=\"img-product-list\" href=\"\/catalogue\/photos-a-referenes\/structure-de-support-sur-mesure.html\"><img loading=\"lazy\" decoding=\"async\" src=\"http:\/\/images.capenergie.fr\/reference\/v5\/support.jpg\" width=\"125\" Border=\"0\" height=\"125\" alt=\"support photovoltaique\"><\/a><\/p>\n<p>R\u00e9f\u00e9rences sur les installations r\u00e9alis\u00e9es avec les produits de la gamme Cap Energie. De nombreuses solutions sur mesure au sol, en toiture ou sur fa\u00e7ade permettant d&rsquo;\u00e9tendre la puissance de production de batiments ou maisons individuelles.<\/p>\n<div align=\"center\" class=\"butt-prod1\" id=\"butt\"> <a href=\"\/catalogue\/photos-a-referenes\/structure-de-support-sur-mesure.html\" title=\"R\u00e9f\u00e9rences installation structure et support sur mesure\">Photos et R\u00e9f\u00e9rences <\/a><\/div>\n<\/td>\n<\/tr>\n<tr>\n<td>\n<h2>R\u00e9f\u00e9rences installation &quot;Bi-Verre&quot;<\/h2>\n<p>    \t<a class=\"img-product-list\" href=\"\/catalogue\/photos-a-referenes\/installation-bi-verre-photovoltaique.html\"><img loading=\"lazy\" decoding=\"async\" src=\"http:\/\/images.capenergie.fr\/reference\/v5\/bi-verre.jpg\" width=\"125\" Border=\"0\" height=\"125\" alt=\"bi-verre\"><\/a><\/p>\n<p>R\u00e9f\u00e9rences sur les installations r\u00e9alis\u00e9es avec les produits de la gamme Cap Energie. De nombreuses solutions sur mesures  ou standarts, permettant de nombreuses possibilit\u00e9s architecturales pour g\u00e9n\u00e9rer une production \u00e9nerg\u00e9tique en maisons individuelles, abris, toiture de gare ou autres batiments&#8230;<\/p>\n<div align=\"center\" class=\"butt-prod1\" id=\"butt\"> <a href=\"\/catalogue\/photos-a-referenes\/installation-bi-verre-photovoltaique.html\" title=\"R\u00e9f\u00e9rences installation Bi-Verre\">Photos et R\u00e9f\u00e9rences <\/a><\/div>\n<\/td>\n<\/tr>\n<tr>\n<td>\n<h2>R\u00e9f\u00e9rences installation sur &quot;to\u00eet plat&quot;<\/h2>\n<p>    \t<a class=\"img-product-list\" href=\"\/catalogue\/photos-a-referenes\/installations-sur-toit-plat.html\"><img loading=\"lazy\" decoding=\"async\" src=\"http:\/\/images.capenergie.fr\/reference\/v5\/toit-plat.jpg\" width=\"125\" Border=\"0\" height=\"125\" alt=\"installation photovolta\u00efque sur toit plat\"><\/a><\/p>\n<p>R\u00e9f\u00e9rences sur les installations r\u00e9alis\u00e9es avec les produits de la gamme Cap Energie. De nombreuses solutions sur mesure ou standarts pour la pose de champs photovolta\u00efques au sol via bac ou structures aluminium.<\/p>\n<div align=\"center\" class=\"butt-prod1\" id=\"butt\"> <a href=\"\/catalogue\/photos-a-referenes\/installations-sur-toit-plat.html\" title=\"R\u00e9f\u00e9rences installation sur to\u00eet plat\">Photos et R\u00e9f\u00e9rences <\/a><\/div>\n<\/td>\n<\/tr>\n<tr>\n<td>\n<h2>R\u00e9f\u00e9rences installation &quot;Air Solaire&quot; Grammer solar<\/h2>\n<p>    \t<a class=\"img-product-list\" href=\"\/catalogue\/photos-a-referenes\/systeme-air-solaire.html\"><img loading=\"lazy\" decoding=\"async\" src=\"http:\/\/images.capenergie.fr\/reference\/v5\/grammer.jpg\" width=\"125\" Border=\"0\" height=\"125\" alt=\"grammer solar\"><\/a><\/p>\n<p>R\u00e9f\u00e9rences sur les installations r\u00e9alis\u00e9es avec les produits de la gamme Cap Energie. Un ensemble solutions bas\u00e9es sur le chauffage de l&rsquo;air via le rayonnement solaire permettant le chauffage et la ventilation de batiments publics, industriels, agricoles ou maisons individuelles.<\/p>\n<div align=\"center\" class=\"butt-prod1\" id=\"butt\"> <a href=\"\/catalogue\/photos-a-referenes\/systeme-air-solaire.html\" title=\"R\u00e9f\u00e9rences installation Air Solaire Grammer solar\">Photos et R\u00e9f\u00e9rences <\/a><\/div>\n<\/td>\n<\/tr>\n<tr>\n<td>\n<h2>R\u00e9f\u00e9rences installation &quot;\u00e9clairage photovolta\u00efque&quot;<\/h2>\n<p>    \t<a class=\"img-product-list\" href=\"\/catalogue\/photos-a-referenes\/eclairage-photovoltaique.html\"><img loading=\"lazy\" decoding=\"async\" src=\"http:\/\/images.capenergie.fr\/reference\/v5\/lampadaire-solaire.jpg\" width=\"125\" Border=\"0\" height=\"125\" alt=\"lampadaire solaire\"><\/a><\/p>\n<p>R\u00e9f\u00e9rences sur les installations r\u00e9alis\u00e9es avec les produits de la gamme Cap Energie au quatre coins du monde. De nombreuses possibilit\u00e9s d&rsquo;\u00e9clairage permettant de faire l&rsquo;impasse sur de gros travaux de r\u00e9seaux \u00e9lectriques.<\/p>\n<div align=\"center\" class=\"butt-prod1\" id=\"butt\"> <a href=\"\/catalogue\/photos-a-referenes\/eclairage-photovoltaique.html\" title=\"R\u00e9f\u00e9rences installation  \u00e9clairage photovolta\u00efque\">Photos et R\u00e9f\u00e9rences <\/a><\/div>\n<\/td>\n<\/tr>\n<tr>\n<td>\n<h2>R\u00e9f\u00e9rences installation &quot;Eolienne domestique&quot;<\/h2>\n<p>    \t<a class=\"img-product-list\" href=\"\/catalogue\/photos-a-referenes\/installation-eolienne-domestique.html\"><img loading=\"lazy\" decoding=\"async\" src=\"http:\/\/images.capenergie.fr\/reference\/v5\/eolienne.jpg\" width=\"125\" Border=\"0\" height=\"125\" alt=\"\u00e9olienne domestique\"><\/a><\/p>\n<p>R\u00e9f\u00e9rences sur les installations r\u00e9alis\u00e9es avec les produits de la gamme Cap Energie. Un panel de chantiers r\u00e9alis\u00e9s avec des \u00e9oliennes raccord\u00e9es r\u00e9seau Skystream 3.7, Evance, Kingspan, des \u00e9oliennes site isol\u00e9 Whisper, Air&#8230;<\/p>\n<div align=\"center\" class=\"butt-prod1\" id=\"butt\"> <a href=\"\/catalogue\/photos-a-referenes\/installation-eolienne-domestique.html\" title=\"R\u00e9f\u00e9rences installation &quot;Eolienne domestique&quot;\">Photos et R\u00e9f\u00e9rences<\/a><\/div>\n<\/td>\n<\/tr>\n<tr>\n<td>\n<h2>Ev\u00e9nements et Salons<\/h2>\n<p>    \t<a class=\"img-product-list\" href=\"\/catalogue\/photos-a-referenes\/evenements-et-salons.html\"><img loading=\"lazy\" decoding=\"async\" src=\"http:\/\/images.capenergie.fr\/reference\/v5\/salon.jpg\" width=\"125\" Border=\"0\" height=\"125\" alt=\"salon ENR et energa\u00efa\"><\/a><\/p>\n<p>R\u00e9f\u00e9rences sur les installations r\u00e9alis\u00e9es avec les produits de la gamme Cap Energie. Un aper\u00e7u de diff\u00e9rents \u00e9v\u00e8nements r\u00e9alis\u00e9s par l&rsquo;\u00e9quipe commerciale Cap Energie comme des salons, des formations&#8230;<\/p>\n<div align=\"center\" class=\"butt-prod1\" id=\"butt\"> <a href=\"\/catalogue\/photos-a-referenes\/evenements-et-salons.html\" title=\"Ev\u00e9nements et Salons\">Photos et R\u00e9f\u00e9rences <\/a><\/div>\n<\/td>\n<\/tr>\n<\/table>\n","protected":false},"excerpt":{"rendered":"<p>R\u00e9f\u00e9rences installation &quot;Site isol\u00e9&quot; R\u00e9f\u00e9rences sur les installations r\u00e9alis\u00e9es avec les produits de la gamme Cap Energie. Un ensemble de chantier r\u00e9alis\u00e9s aux 4 coins du monde proposant diverses applications domestiques, agricoles, humanitaires ou industrielles. Photos et R\u00e9f\u00e9rences R\u00e9f\u00e9rences installation &quot;photovolta\u00efque &#8211; 10KW&quot; R\u00e9f\u00e9rences sur les installations r\u00e9alis\u00e9es avec les produits de la gamme Cap&hellip;&nbsp;<a href=\"http:\/\/www.capenergie.fr\/catalogue\/photos-a-referenes.html\" rel=\"bookmark\"><span class=\"screen-reader-text\">Photos<\/span><\/a><\/p>\n","protected":false},"author":1,"featured_media":0,"parent":0,"menu_order":0,"comment_status":"closed","ping_status":"closed","template":"","meta":{"neve_meta_sidebar":"","neve_meta_container":"","neve_meta_enable_content_width":"","neve_meta_content_width":0,"neve_meta_title_alignment":"","neve_meta_author_avatar":"","neve_post_elements_order":"","neve_meta_disable_header":"","neve_meta_disable_footer":"","neve_meta_disable_title":"","ngg_post_thumbnail":0,"_themeisle_gutenberg_block_has_review":false,"footnotes":""},"class_list":["post-19","page","type-page","status-publish","hentry"],"yoast_head":"<!-- This site is optimized with the Yoast SEO plugin v27.3 - https:\/\/yoast.com\/product\/yoast-seo-wordpress\/ -->\n<title>Photos -<\/title>\n<meta name=\"robots\" content=\"index, follow, max-snippet:-1, max-image-preview:large, max-video-preview:-1\" \/>\n<link rel=\"canonical\" href=\"http:\/\/www.capenergie.fr\/catalogue\/photos-a-referenes.html\" \/>\n<meta property=\"og:locale\" content=\"fr_FR\" \/>\n<meta property=\"og:type\" content=\"article\" \/>\n<meta property=\"og:title\" content=\"Photos -\" \/>\n<meta property=\"og:description\" content=\"R\u00e9f\u00e9rences installation &quot;Site isol\u00e9&quot; R\u00e9f\u00e9rences sur les installations r\u00e9alis\u00e9es avec les produits de la gamme Cap Energie. Un ensemble de chantier r\u00e9alis\u00e9s aux 4 coins du monde proposant diverses applications domestiques, agricoles, humanitaires ou industrielles. Photos et R\u00e9f\u00e9rences R\u00e9f\u00e9rences installation &quot;photovolta\u00efque &#8211; 10KW&quot; R\u00e9f\u00e9rences sur les installations r\u00e9alis\u00e9es avec les produits de la gamme Cap&hellip;&nbsp;Photos\" \/>\n<meta property=\"og:url\" content=\"http:\/\/www.capenergie.fr\/catalogue\/photos-a-referenes.html\" \/>\n<meta property=\"article:modified_time\" content=\"2023-05-03T10:00:45+00:00\" \/>\n<meta property=\"og:image\" content=\"http:\/\/images.capenergie.fr\/reference\/v5\/site-isole.jpg\" \/>\n<meta name=\"twitter:label1\" content=\"Dur\u00e9e de lecture estim\u00e9e\" \/>\n\t<meta name=\"twitter:data1\" content=\"5 minutes\" \/>\n<script type=\"application\/ld+json\" class=\"yoast-schema-graph\">{\"@context\":\"https:\\\/\\\/schema.org\",\"@graph\":[{\"@type\":\"WebPage\",\"@id\":\"http:\\\/\\\/www.capenergie.fr\\\/catalogue\\\/photos-a-referenes.html\",\"url\":\"http:\\\/\\\/www.capenergie.fr\\\/catalogue\\\/photos-a-referenes.html\",\"name\":\"Photos -\",\"isPartOf\":{\"@id\":\"https:\\\/\\\/www.capenergie.fr\\\/catalogue\\\/#website\"},\"primaryImageOfPage\":{\"@id\":\"http:\\\/\\\/www.capenergie.fr\\\/catalogue\\\/photos-a-referenes.html#primaryimage\"},\"image\":{\"@id\":\"http:\\\/\\\/www.capenergie.fr\\\/catalogue\\\/photos-a-referenes.html#primaryimage\"},\"thumbnailUrl\":\"http:\\\/\\\/images.capenergie.fr\\\/reference\\\/v5\\\/site-isole.jpg\",\"datePublished\":\"2012-09-17T10:22:29+00:00\",\"dateModified\":\"2023-05-03T10:00:45+00:00\",\"breadcrumb\":{\"@id\":\"http:\\\/\\\/www.capenergie.fr\\\/catalogue\\\/photos-a-referenes.html#breadcrumb\"},\"inLanguage\":\"fr-FR\",\"potentialAction\":[{\"@type\":\"ReadAction\",\"target\":[\"http:\\\/\\\/www.capenergie.fr\\\/catalogue\\\/photos-a-referenes.html\"]}]},{\"@type\":\"ImageObject\",\"inLanguage\":\"fr-FR\",\"@id\":\"http:\\\/\\\/www.capenergie.fr\\\/catalogue\\\/photos-a-referenes.html#primaryimage\",\"url\":\"http:\\\/\\\/images.capenergie.fr\\\/reference\\\/v5\\\/site-isole.jpg\",\"contentUrl\":\"http:\\\/\\\/images.capenergie.fr\\\/reference\\\/v5\\\/site-isole.jpg\"},{\"@type\":\"BreadcrumbList\",\"@id\":\"http:\\\/\\\/www.capenergie.fr\\\/catalogue\\\/photos-a-referenes.html#breadcrumb\",\"itemListElement\":[{\"@type\":\"ListItem\",\"position\":1,\"name\":\"Accueil\",\"item\":\"https:\\\/\\\/www.capenergie.fr\\\/catalogue\\\/\"},{\"@type\":\"ListItem\",\"position\":2,\"name\":\"Photos\"}]},{\"@type\":\"WebSite\",\"@id\":\"https:\\\/\\\/www.capenergie.fr\\\/catalogue\\\/#website\",\"url\":\"https:\\\/\\\/www.capenergie.fr\\\/catalogue\\\/\",\"name\":\"\",\"description\":\"\",\"potentialAction\":[{\"@type\":\"SearchAction\",\"target\":{\"@type\":\"EntryPoint\",\"urlTemplate\":\"https:\\\/\\\/www.capenergie.fr\\\/catalogue\\\/?s={search_term_string}\"},\"query-input\":{\"@type\":\"PropertyValueSpecification\",\"valueRequired\":true,\"valueName\":\"search_term_string\"}}],\"inLanguage\":\"fr-FR\"}]}<\/script>\n<!-- \/ Yoast SEO plugin. -->","yoast_head_json":{"title":"Photos -","robots":{"index":"index","follow":"follow","max-snippet":"max-snippet:-1","max-image-preview":"max-image-preview:large","max-video-preview":"max-video-preview:-1"},"canonical":"http:\/\/www.capenergie.fr\/catalogue\/photos-a-referenes.html","og_locale":"fr_FR","og_type":"article","og_title":"Photos -","og_description":"R\u00e9f\u00e9rences installation &quot;Site isol\u00e9&quot; R\u00e9f\u00e9rences sur les installations r\u00e9alis\u00e9es avec les produits de la gamme Cap Energie. Un ensemble de chantier r\u00e9alis\u00e9s aux 4 coins du monde proposant diverses applications domestiques, agricoles, humanitaires ou industrielles. Photos et R\u00e9f\u00e9rences R\u00e9f\u00e9rences installation &quot;photovolta\u00efque &#8211; 10KW&quot; R\u00e9f\u00e9rences sur les installations r\u00e9alis\u00e9es avec les produits de la gamme Cap&hellip;&nbsp;Photos","og_url":"http:\/\/www.capenergie.fr\/catalogue\/photos-a-referenes.html","article_modified_time":"2023-05-03T10:00:45+00:00","og_image":[{"url":"http:\/\/images.capenergie.fr\/reference\/v5\/site-isole.jpg","type":"","width":"","height":""}],"twitter_misc":{"Dur\u00e9e de lecture estim\u00e9e":"5 minutes"},"schema":{"@context":"https:\/\/schema.org","@graph":[{"@type":"WebPage","@id":"http:\/\/www.capenergie.fr\/catalogue\/photos-a-referenes.html","url":"http:\/\/www.capenergie.fr\/catalogue\/photos-a-referenes.html","name":"Photos -","isPartOf":{"@id":"https:\/\/www.capenergie.fr\/catalogue\/#website"},"primaryImageOfPage":{"@id":"http:\/\/www.capenergie.fr\/catalogue\/photos-a-referenes.html#primaryimage"},"image":{"@id":"http:\/\/www.capenergie.fr\/catalogue\/photos-a-referenes.html#primaryimage"},"thumbnailUrl":"http:\/\/images.capenergie.fr\/reference\/v5\/site-isole.jpg","datePublished":"2012-09-17T10:22:29+00:00","dateModified":"2023-05-03T10:00:45+00:00","breadcrumb":{"@id":"http:\/\/www.capenergie.fr\/catalogue\/photos-a-referenes.html#breadcrumb"},"inLanguage":"fr-FR","potentialAction":[{"@type":"ReadAction","target":["http:\/\/www.capenergie.fr\/catalogue\/photos-a-referenes.html"]}]},{"@type":"ImageObject","inLanguage":"fr-FR","@id":"http:\/\/www.capenergie.fr\/catalogue\/photos-a-referenes.html#primaryimage","url":"http:\/\/images.capenergie.fr\/reference\/v5\/site-isole.jpg","contentUrl":"http:\/\/images.capenergie.fr\/reference\/v5\/site-isole.jpg"},{"@type":"BreadcrumbList","@id":"http:\/\/www.capenergie.fr\/catalogue\/photos-a-referenes.html#breadcrumb","itemListElement":[{"@type":"ListItem","position":1,"name":"Accueil","item":"https:\/\/www.capenergie.fr\/catalogue\/"},{"@type":"ListItem","position":2,"name":"Photos"}]},{"@type":"WebSite","@id":"https:\/\/www.capenergie.fr\/catalogue\/#website","url":"https:\/\/www.capenergie.fr\/catalogue\/","name":"","description":"","potentialAction":[{"@type":"SearchAction","target":{"@type":"EntryPoint","urlTemplate":"https:\/\/www.capenergie.fr\/catalogue\/?s={search_term_string}"},"query-input":{"@type":"PropertyValueSpecification","valueRequired":true,"valueName":"search_term_string"}}],"inLanguage":"fr-FR"}]}},"_links":{"self":[{"href":"http:\/\/www.capenergie.fr\/catalogue\/wp-json\/wp\/v2\/pages\/19","targetHints":{"allow":["GET"]}}],"collection":[{"href":"http:\/\/www.capenergie.fr\/catalogue\/wp-json\/wp\/v2\/pages"}],"about":[{"href":"http:\/\/www.capenergie.fr\/catalogue\/wp-json\/wp\/v2\/types\/page"}],"author":[{"embeddable":true,"href":"http:\/\/www.capenergie.fr\/catalogue\/wp-json\/wp\/v2\/users\/1"}],"replies":[{"embeddable":true,"href":"http:\/\/www.capenergie.fr\/catalogue\/wp-json\/wp\/v2\/comments?post=19"}],"version-history":[{"count":23,"href":"http:\/\/www.capenergie.fr\/catalogue\/wp-json\/wp\/v2\/pages\/19\/revisions"}],"predecessor-version":[{"id":4903,"href":"http:\/\/www.capenergie.fr\/catalogue\/wp-json\/wp\/v2\/pages\/19\/revisions\/4903"}],"wp:attachment":[{"href":"http:\/\/www.capenergie.fr\/catalogue\/wp-json\/wp\/v2\/media?parent=19"}],"curies":[{"name":"wp","href":"https:\/\/api.w.org\/{rel}","templated":true}]}}