{"id":153,"date":"2012-09-27T08:58:27","date_gmt":"2012-09-27T08:58:27","guid":{"rendered":"http:\/\/www.capenergie.fr\/catalogue3\/?page_id=153"},"modified":"2015-06-19T11:51:54","modified_gmt":"2015-06-19T09:51:54","slug":"onduleurs","status":"publish","type":"page","link":"http:\/\/www.capenergie.fr\/catalogue\/photovoltaique\/onduleurs.html","title":{"rendered":"Distributeur d&rsquo;onduleur photovolta\u00efque"},"content":{"rendered":"<div class=\"extrait-article\">\n<h2><a href=\"http:\/\/www.capenergie.fr\/catalogue\/photovoltaique\/onduleur\/onduleur-photovoltaique-weco.html\" rel=\"bookmark\" title=\"Onduleur photovolta\u00efque Weco\">Onduleur photovolta\u00efque Weco<\/a><\/h2>\n<p><img loading=\"lazy\" decoding=\"async\" class=\"img-article\" title=\"Onduleur photovolta\u00efque Weco\" src=\"http:\/\/images.capenergie.fr\/produit\/photovoltaique\/weco\/weco.png\" alt=\"Onduleur photovolta\u00efque Weco\" width=\"125\" height=\"125\" \/><\/p>\n<p>CapEnergie officiellement distributeur d&rsquo;onduleur photovolta\u00efque Weco, propose toute la gamme Weco hybride monophas\u00e9, triphas\u00e9, centrale&#8230;.Gr\u00e2ce au statut de distributeur officiel Weco pour la France, CapEnergie offre les produits et services Weco aux meilleurs conditions du march\u00e9. Les Onduleurs Weco sont la solution id\u00e9ale pour (&#8230;)<\/p>\n<div id=\"butt\" class=\"butt-prod1\" align=\"center\"><a href=\"http:\/\/www.capenergie.fr\/catalogue\/photovoltaique\/onduleur\/onduleur-photovoltaique-weco.html\" rel=\"bookmark\" title=\"Onduleur photovolta\u00efque Weco\">Lire la suite<\/a><\/div>\n<\/div>\n<div class=\"extrait-article\">\n<h2><a href=\"http:\/\/www.capenergie.fr\/catalogue\/photovoltaique\/onduleur\/micro-onduleur-photovoltaique-ap-systems.html\" rel=\"bookmark\" title=\"Micro Onduleur photovolta\u00efque AP Systems\">Micro Onduleur photovolta\u00efque AP Systems<\/a><\/h2>\n<p><img loading=\"lazy\" decoding=\"async\" class=\"img-article\" title=\"Micro Onduleur photovolta\u00efque AP Systems\" src=\"http:\/\/images.capenergie.fr\/produit\/photovoltaique\/aps\/aps-2025.jpg\" alt=\"Micro Onduleur photovolta\u00efque AP Systems\" width=\"125\" height=\"125\" \/><\/p>\n<p>Cap \u00c9nergie, distributeur des micro-onduleurs photovolta\u00efques APsystems, met \u00e0 disposition l\u2019ensemble de la gamme APS. Fond\u00e9e en 2010 dans la Silicon Valley, APsystems est aujourd\u2019hui une r\u00e9f\u00e9rence internationale dans le domaine des micro-onduleurs et solutions intelligentes de gestion de l\u2019\u00e9nergie, reconnue pour ses innovations et la fiabilit\u00e9 (&#8230;)<\/p>\n<div id=\"butt\" class=\"butt-prod1\" align=\"center\"><a href=\"http:\/\/www.capenergie.fr\/catalogue\/photovoltaique\/onduleur\/micro-onduleur-photovoltaique-ap-systems.html\" rel=\"bookmark\" title=\"Micro Onduleur photovolta\u00efque AP Systems\">Lire la suite<\/a><\/div>\n<\/div>\n<div class=\"extrait-article\">\n<h2><a href=\"http:\/\/www.capenergie.fr\/catalogue\/photovoltaique\/onduleur\/fronius.html\" rel=\"bookmark\" title=\"Onduleur photovolta\u00efque Fronius\">Onduleur photovolta\u00efque Fronius<\/a><\/h2>\n<p><img loading=\"lazy\" decoding=\"async\" class=\"img-article\" title=\"Onduleur photovolta\u00efque Fronius\" src=\"http:\/\/images.capenergie.fr\/produit\/photovoltaique\/fronius\/fronius.jpg\" alt=\"Onduleur photovolta\u00efque Fronius\" width=\"125\" height=\"125\" \/><\/p>\n<p>Cap Energie officiellement distributeur d&rsquo;onduleur photovolta\u00efque Fronius, propose toute la gamme Fronius monophas\u00e9, triphas\u00e9, centrale&#8230;.Gr\u00e2ce au statut de distributeur officiel Fronius, Cap energie offre les produits et services Fronius aux meilleurs conditions du march\u00e9. Les Onduleurs Fronius B\u00e9n\u00e9ficient d&rsquo;une garantie des plus performante (&#8230;)<\/p>\n<div id=\"butt\" class=\"butt-prod1\" align=\"center\"><a href=\"http:\/\/www.capenergie.fr\/catalogue\/photovoltaique\/onduleur\/fronius.html\" rel=\"bookmark\" title=\"Onduleur photovolta\u00efque Fronius\">Lire la suite<\/a><\/div>\n<\/div>\n<div class=\"extrait-article\">\n<h2><a href=\"http:\/\/www.capenergie.fr\/catalogue\/photovoltaique\/onduleur\/kostal.html\" rel=\"bookmark\" title=\"Onduleur photovolta\u00efque Kostal\">Onduleur photovolta\u00efque Kostal<\/a><\/h2>\n<p> <img loading=\"lazy\" decoding=\"async\" loading=\"lazy\" class=\"img-article\" title=\"Onduleur photovolta\u00efque Kostal\" src=\"http:\/\/images.capenergie.fr\/produit\/photovoltaique\/kostal\/kostal.jpg\" alt=\"Onduleur photovolta\u00efque Kostal\" width=\"125\" height=\"125\" \/><\/p>\n<p>Cap Energie officiellement distributeur d&rsquo;onduleur photovolta\u00efque Kostal, propose toute la gamme Kostal monophas\u00e9, triphas\u00e9, centrale&#8230;.Gr\u00e2ce au statut de distributeur officiel Kostal, Cap energie offre les produits et services Kostal aux meilleurs conditions du march\u00e9. Les Onduleurs Kostal B\u00e9n\u00e9ficient d&rsquo;une garantie des plus performante (&#8230;)<\/p>\n<div id=\"butt\" class=\"butt-prod1\" align=\"center\"><a href=\"http:\/\/www.capenergie.fr\/catalogue\/photovoltaique\/onduleur\/kostal.html\" rel=\"bookmark\" title=\"Onduleur photovolta\u00efque Kostal\">Lire la suite<\/a><\/div>\n<\/div>\n<div class=\"extrait-article\">\n<h2><a href=\"http:\/\/www.capenergie.fr\/catalogue\/photovoltaique\/onduleur\/schneider-electric.html\" rel=\"bookmark\" title=\"Onduleur photovolta\u00efque Schneider Electric Conext\">Onduleur photovolta\u00efque Schneider Electric Conext<\/a><\/h2>\n<p> <img loading=\"lazy\" decoding=\"async\" loading=\"lazy\" class=\"img-article\" title=\"Onduleur photovolta\u00efque Schneider Electric Conext\" src=\"http:\/\/images.capenergie.fr\/produit\/photovoltaique\/schneider-electric\/schneider-electric-conext.png\" alt=\"Onduleur photovolta\u00efque Schneider Electric Conext\" width=\"125\" height=\"125\" \/><\/p>\n<p>Cap Energie officiellement distributeur d&rsquo;onduleur photovolta\u00efque Schneider Electric, propose toute la gamme Conext destin\u00e9e au raccord\u00e9 r\u00e9seau avec les Conext RL et Conext TL mais \u00e9galement \u00e0 l&rsquo;autoconsommation ou aux applications dites &quot;Site Isol\u00e9&quot; avec des (&#8230;)<\/p>\n<div id=\"butt\" class=\"butt-prod1\" align=\"center\"><a href=\"http:\/\/www.capenergie.fr\/catalogue\/photovoltaique\/onduleur\/schneider-electric.html\" rel=\"bookmark\" title=\"Onduleur photovolta\u00efque Schneider Electric Conext\">Lire la suite<\/a><\/div>\n<\/div>\n<div class=\"extrait-article\">\n<h2><a href=\"http:\/\/www.capenergie.fr\/catalogue\/photovoltaique\/onduleur\/micro-onduleur-photovoltaique-enphase.html\" rel=\"bookmark\" title=\"Micro Onduleur photovolta\u00efque Enphase\">Micro Onduleur photovolta\u00efque Enphase<\/a><\/h2>\n<p><img loading=\"lazy\" decoding=\"async\" loading=\"lazy\" class=\"img-article\" title=\"Micro Onduleur photovolta\u00efque Enphase\" src=\"http:\/\/images.capenergie.fr\/produit\/photovoltaique\/enphase\/enphase-v2022.jpg\" alt=\"Micro Onduleur photovolta\u00efque Enphase\" width=\"125\" height=\"125\" \/><\/p>\n<p>Cap Energie distributeur de Micro Onduleur photovolta\u00efque Enphase propose toute la gamme Enphase. Issue des derni\u00e8res innovations en mati\u00e8re de recherche am\u00e9ricaine sur le photovolta\u00efque, le syst\u00e8me de micro onduleur photovolta\u00efque Enphase offre de nouvelles perspectives \u00e0 la production d&rsquo;energie photovolta\u00efque. La technologie Enphase repose sur un principe de production (&#8230;)<\/p>\n<div id=\"butt\" class=\"butt-prod1\" align=\"center\"><a href=\"http:\/\/www.capenergie.fr\/catalogue\/photovoltaique\/onduleur\/micro-onduleur-photovoltaique-enphase.html\" rel=\"bookmark\" title=\"Micro Onduleur photovolta\u00efque Enphase\">Lire la suite<\/a><\/div>\n<\/div>\n<div class=\"extrait-article\">\n<h2><a href=\"http:\/\/www.capenergie.fr\/catalogue\/photovoltaique\/onduleur\/distributeur-onduleur-photovoltaique-kaco.html\" rel=\"bookmark\" title=\"Onduleur photovolta\u00efque Kaco\">Onduleur photovolta\u00efque Kaco<\/a><\/h2>\n<p> <img loading=\"lazy\" decoding=\"async\" loading=\"lazy\" class=\"img-article\" title=\"Onduleur photovolta\u00efque Kaco\" src=\"http:\/\/images.capenergie.fr\/produit\/photovoltaique\/kaco\/distributeur-onduleur-kaco.jpg\" alt=\"Onduleur photovolta\u00efque Kaco\" width=\"125\" height=\"125\" \/><\/p>\n<p>Cap Energie officiellement distributeur d&rsquo;onduleur photovolta\u00efque Kaco blueplanet, propose toute la gamme Kaco monophas\u00e9, triphas\u00e9, centrale&#8230;.Gr\u00e2ce au statut de distributeur officiel Kaco, Cap energie offre les produits et services Kaco aux meilleurs conditions du march\u00e9. Les Onduleurs Kaco blueplanet b\u00e9n\u00e9ficient d&rsquo;une garantie des plus performante (&#8230;)<\/p>\n<div id=\"butt\" class=\"butt-prod1\" align=\"center\"><a href=\"http:\/\/www.capenergie.fr\/catalogue\/photovoltaique\/onduleur\/distributeur-onduleur-photovoltaique-kaco.html\" rel=\"bookmark\" title=\"Onduleur photovolta\u00efque Kaco\">Lire la suite<\/a><\/div>\n<\/div>\n<div class=\"extrait-article\">\n<h2><a href=\"http:\/\/www.capenergie.fr\/catalogue\/photovoltaique\/onduleur\/sma.html\" rel=\"bookmark\" title=\"Onduleur photovolta\u00efque SMA\">Onduleur photovolta\u00efque SMA<\/a><\/h2>\n<p> <img loading=\"lazy\" decoding=\"async\" loading=\"lazy\" class=\"img-article\" title=\"Onduleur photovolta\u00efque SMA\" src=\"http:\/\/images.capenergie.fr\/produit\/photovoltaique\/sma\/sma.jpg\" alt=\"Onduleur photovolta\u00efque SMA\" width=\"125\" height=\"125\" \/><\/p>\n<p>Cap Energie  distributeur d&rsquo;onduleur photovolta\u00efque SMA, propose toute la gamme SMA monophas\u00e9, triphas\u00e9, centrale&#8230;.Gr\u00e2ce au statut de distributeur officiel SMA, Cap energie offre les produits et services SMA aux meilleurs conditions du march\u00e9. Les Onduleurs SMA B\u00e9n\u00e9ficient d&rsquo;une garantie des plus performante (&#8230;)<\/p>\n<div id=\"butt\" class=\"butt-prod1\" align=\"center\"><a href=\"http:\/\/www.capenergie.fr\/catalogue\/photovoltaique\/onduleur\/sma.html\" rel=\"bookmark\" title=\"Onduleur photovolta\u00efque SMA\">Lire la suite<\/a><\/div>\n<\/div>\n<div class=\"extrait-article\">\n<h2><a href=\"http:\/\/www.capenergie.fr\/catalogue\/photovoltaique\/onduleur\/optimiseur-puissance-solaredge.html\" rel=\"bookmark\" title=\"Distributeur onduleur et optimiseur de puissance Solaredge\">Distributeur onduleur et optimiseur de puissance Solaredge<\/a><\/h2>\n<p><img loading=\"lazy\" decoding=\"async\" loading=\"lazy\" class=\"img-article\" title=\"Distributeur onduleur et optimiseur de puissance Solaredge\" src=\"http:\/\/images.capenergie.fr\/produit\/photovoltaique\/solaredge\/solaredge.jpg\" alt=\"Distributeur onduleur et optimiseur de puissance Solaredge\" width=\"125\" height=\"125\" \/><\/p>\n<p>Cap Energie  distributeur d&rsquo;Onduleur photovolta\u00efque Solaredge propose toute la gamme d&rsquo;onduleur Solaredge mais \u00e9galement la gamme d&rsquo;Optimiseur de puissance Solaredge servant \u00e0 maximiser la production des modules photovolta\u00efques qui peut augmenter la puissance de sortie jusqu&rsquo;\u00e0 25%. Int\u00e9gr\u00e9 au module photovolta\u00efque (&#8230;)<\/p>\n<div id=\"butt\" class=\"butt-prod1\" align=\"center\"><a href=\"http:\/\/www.capenergie.fr\/catalogue\/photovoltaique\/onduleur\/optimiseur-puissance-solaredge.html\" rel=\"bookmark\" title=\"Distributeur onduleur et optimiseur de puissance Solaredge\">Lire la suite<\/a><\/div>\n<\/div>\n","protected":false},"excerpt":{"rendered":"<p>Onduleur photovolta\u00efque Weco CapEnergie officiellement distributeur d&rsquo;onduleur photovolta\u00efque Weco, propose toute la gamme Weco hybride monophas\u00e9, triphas\u00e9, centrale&#8230;.Gr\u00e2ce au statut de distributeur officiel Weco pour la France, CapEnergie offre les produits et services Weco aux meilleurs conditions du march\u00e9. Les Onduleurs Weco sont la solution id\u00e9ale pour (&#8230;) Lire la suite Micro Onduleur photovolta\u00efque AP&hellip;&nbsp;<a href=\"http:\/\/www.capenergie.fr\/catalogue\/photovoltaique\/onduleur\/optimiseur-puissance-solaredge.html\" rel=\"bookmark\"><span class=\"screen-reader-text\">Distributeur onduleur et optimiseur de puissance Solaredge<\/span><\/a><\/p>\n","protected":false},"author":1,"featured_media":0,"parent":2,"menu_order":0,"comment_status":"closed","ping_status":"closed","template":"","meta":{"neve_meta_sidebar":"","neve_meta_container":"","neve_meta_enable_content_width":"","neve_meta_content_width":0,"neve_meta_title_alignment":"","neve_meta_author_avatar":"","neve_post_elements_order":"","neve_meta_disable_header":"","neve_meta_disable_footer":"","neve_meta_disable_title":"","ngg_post_thumbnail":0,"_themeisle_gutenberg_block_has_review":false,"footnotes":""},"class_list":["post-153","page","type-page","status-publish","hentry"],"yoast_head":"<!-- This site is optimized with the Yoast SEO plugin v27.4 - https:\/\/yoast.com\/product\/yoast-seo-wordpress\/ -->\n<title>Cap Energie Distributeur Onduleur photovolta\u00efque<\/title>\n<meta name=\"description\" content=\"Cap Energie Distributeur Onduleur photovolta\u00efque en France propose la gamme d&#039;onduleur photovolta\u00efque SMA, Fronius, Kostal, Mitsubishi, Mastervolt pour les installations photovolta\u00efque.\" \/>\n<meta name=\"robots\" content=\"index, follow, max-snippet:-1, max-image-preview:large, max-video-preview:-1\" \/>\n<link rel=\"canonical\" href=\"http:\/\/www.capenergie.fr\/catalogue\/photovoltaique\/onduleurs.html\" \/>\n<meta property=\"og:locale\" content=\"fr_FR\" \/>\n<meta property=\"og:type\" content=\"article\" \/>\n<meta property=\"og:title\" content=\"Cap Energie Distributeur Onduleur photovolta\u00efque\" \/>\n<meta property=\"og:description\" content=\"Cap Energie Distributeur Onduleur photovolta\u00efque en France propose la gamme d&#039;onduleur photovolta\u00efque SMA, Fronius, Kostal, Mitsubishi, Mastervolt pour les installations photovolta\u00efque.\" \/>\n<meta property=\"og:url\" content=\"http:\/\/www.capenergie.fr\/catalogue\/photovoltaique\/onduleurs.html\" \/>\n<meta property=\"article:modified_time\" content=\"2015-06-19T09:51:54+00:00\" \/>\n<script type=\"application\/ld+json\" class=\"yoast-schema-graph\">{\"@context\":\"https:\\\/\\\/schema.org\",\"@graph\":[{\"@type\":\"WebPage\",\"@id\":\"http:\\\/\\\/www.capenergie.fr\\\/catalogue\\\/photovoltaique\\\/onduleurs.html\",\"url\":\"http:\\\/\\\/www.capenergie.fr\\\/catalogue\\\/photovoltaique\\\/onduleurs.html\",\"name\":\"Cap Energie Distributeur Onduleur photovolta\u00efque\",\"isPartOf\":{\"@id\":\"https:\\\/\\\/www.capenergie.fr\\\/catalogue\\\/#website\"},\"datePublished\":\"2012-09-27T08:58:27+00:00\",\"dateModified\":\"2015-06-19T09:51:54+00:00\",\"description\":\"Cap Energie Distributeur Onduleur photovolta\u00efque en France propose la gamme d'onduleur photovolta\u00efque SMA, Fronius, Kostal, Mitsubishi, Mastervolt pour les installations photovolta\u00efque.\",\"breadcrumb\":{\"@id\":\"http:\\\/\\\/www.capenergie.fr\\\/catalogue\\\/photovoltaique\\\/onduleurs.html#breadcrumb\"},\"inLanguage\":\"fr-FR\",\"potentialAction\":[{\"@type\":\"ReadAction\",\"target\":[\"http:\\\/\\\/www.capenergie.fr\\\/catalogue\\\/photovoltaique\\\/onduleurs.html\"]}]},{\"@type\":\"BreadcrumbList\",\"@id\":\"http:\\\/\\\/www.capenergie.fr\\\/catalogue\\\/photovoltaique\\\/onduleurs.html#breadcrumb\",\"itemListElement\":[{\"@type\":\"ListItem\",\"position\":1,\"name\":\"Accueil\",\"item\":\"https:\\\/\\\/www.capenergie.fr\\\/catalogue\\\/\"},{\"@type\":\"ListItem\",\"position\":2,\"name\":\"Distributeur Photovolta\u00efque\",\"item\":\"https:\\\/\\\/www.capenergie.fr\\\/catalogue\\\/photovoltaique.html\"},{\"@type\":\"ListItem\",\"position\":3,\"name\":\"Distributeur d&rsquo;onduleur photovolta\u00efque\"}]},{\"@type\":\"WebSite\",\"@id\":\"https:\\\/\\\/www.capenergie.fr\\\/catalogue\\\/#website\",\"url\":\"https:\\\/\\\/www.capenergie.fr\\\/catalogue\\\/\",\"name\":\"\",\"description\":\"\",\"potentialAction\":[{\"@type\":\"SearchAction\",\"target\":{\"@type\":\"EntryPoint\",\"urlTemplate\":\"https:\\\/\\\/www.capenergie.fr\\\/catalogue\\\/?s={search_term_string}\"},\"query-input\":{\"@type\":\"PropertyValueSpecification\",\"valueRequired\":true,\"valueName\":\"search_term_string\"}}],\"inLanguage\":\"fr-FR\"}]}<\/script>\n<!-- \/ Yoast SEO plugin. -->","yoast_head_json":{"title":"Cap Energie Distributeur Onduleur photovolta\u00efque","description":"Cap Energie Distributeur Onduleur photovolta\u00efque en France propose la gamme d'onduleur photovolta\u00efque SMA, Fronius, Kostal, Mitsubishi, Mastervolt pour les installations photovolta\u00efque.","robots":{"index":"index","follow":"follow","max-snippet":"max-snippet:-1","max-image-preview":"max-image-preview:large","max-video-preview":"max-video-preview:-1"},"canonical":"http:\/\/www.capenergie.fr\/catalogue\/photovoltaique\/onduleurs.html","og_locale":"fr_FR","og_type":"article","og_title":"Cap Energie Distributeur Onduleur photovolta\u00efque","og_description":"Cap Energie Distributeur Onduleur photovolta\u00efque en France propose la gamme d'onduleur photovolta\u00efque SMA, Fronius, Kostal, Mitsubishi, Mastervolt pour les installations photovolta\u00efque.","og_url":"http:\/\/www.capenergie.fr\/catalogue\/photovoltaique\/onduleurs.html","article_modified_time":"2015-06-19T09:51:54+00:00","schema":{"@context":"https:\/\/schema.org","@graph":[{"@type":"WebPage","@id":"http:\/\/www.capenergie.fr\/catalogue\/photovoltaique\/onduleurs.html","url":"http:\/\/www.capenergie.fr\/catalogue\/photovoltaique\/onduleurs.html","name":"Cap Energie Distributeur Onduleur photovolta\u00efque","isPartOf":{"@id":"https:\/\/www.capenergie.fr\/catalogue\/#website"},"datePublished":"2012-09-27T08:58:27+00:00","dateModified":"2015-06-19T09:51:54+00:00","description":"Cap Energie Distributeur Onduleur photovolta\u00efque en France propose la gamme d'onduleur photovolta\u00efque SMA, Fronius, Kostal, Mitsubishi, Mastervolt pour les installations photovolta\u00efque.","breadcrumb":{"@id":"http:\/\/www.capenergie.fr\/catalogue\/photovoltaique\/onduleurs.html#breadcrumb"},"inLanguage":"fr-FR","potentialAction":[{"@type":"ReadAction","target":["http:\/\/www.capenergie.fr\/catalogue\/photovoltaique\/onduleurs.html"]}]},{"@type":"BreadcrumbList","@id":"http:\/\/www.capenergie.fr\/catalogue\/photovoltaique\/onduleurs.html#breadcrumb","itemListElement":[{"@type":"ListItem","position":1,"name":"Accueil","item":"https:\/\/www.capenergie.fr\/catalogue\/"},{"@type":"ListItem","position":2,"name":"Distributeur Photovolta\u00efque","item":"https:\/\/www.capenergie.fr\/catalogue\/photovoltaique.html"},{"@type":"ListItem","position":3,"name":"Distributeur d&rsquo;onduleur photovolta\u00efque"}]},{"@type":"WebSite","@id":"https:\/\/www.capenergie.fr\/catalogue\/#website","url":"https:\/\/www.capenergie.fr\/catalogue\/","name":"","description":"","potentialAction":[{"@type":"SearchAction","target":{"@type":"EntryPoint","urlTemplate":"https:\/\/www.capenergie.fr\/catalogue\/?s={search_term_string}"},"query-input":{"@type":"PropertyValueSpecification","valueRequired":true,"valueName":"search_term_string"}}],"inLanguage":"fr-FR"}]}},"_links":{"self":[{"href":"http:\/\/www.capenergie.fr\/catalogue\/wp-json\/wp\/v2\/pages\/153","targetHints":{"allow":["GET"]}}],"collection":[{"href":"http:\/\/www.capenergie.fr\/catalogue\/wp-json\/wp\/v2\/pages"}],"about":[{"href":"http:\/\/www.capenergie.fr\/catalogue\/wp-json\/wp\/v2\/types\/page"}],"author":[{"embeddable":true,"href":"http:\/\/www.capenergie.fr\/catalogue\/wp-json\/wp\/v2\/users\/1"}],"replies":[{"embeddable":true,"href":"http:\/\/www.capenergie.fr\/catalogue\/wp-json\/wp\/v2\/comments?post=153"}],"version-history":[{"count":8,"href":"http:\/\/www.capenergie.fr\/catalogue\/wp-json\/wp\/v2\/pages\/153\/revisions"}],"predecessor-version":[{"id":1962,"href":"http:\/\/www.capenergie.fr\/catalogue\/wp-json\/wp\/v2\/pages\/153\/revisions\/1962"}],"up":[{"embeddable":true,"href":"http:\/\/www.capenergie.fr\/catalogue\/wp-json\/wp\/v2\/pages\/2"}],"wp:attachment":[{"href":"http:\/\/www.capenergie.fr\/catalogue\/wp-json\/wp\/v2\/media?parent=153"}],"curies":[{"name":"wp","href":"https:\/\/api.w.org\/{rel}","templated":true}]}}